{"id":1534,"date":"2016-08-22T13:33:06","date_gmt":"2016-08-22T11:33:06","guid":{"rendered":"http:\/\/www.daler.ch\/portraet\/histoire\/"},"modified":"2021-07-01T11:15:16","modified_gmt":"2021-07-01T09:15:16","slug":"geschichte","status":"publish","type":"page","link":"https:\/\/daler.ch\/de\/portraet\/geschichte\/","title":{"rendered":"Geschichte"},"content":{"rendered":"<p><div class=\"fusion-fullwidth fullwidth-box fusion-builder-row-1 fusion-flex-container fusion-parallax-none hundred-percent-fullwidth non-hundred-percent-height-scrolling\" style=\"--awb-background-position:right center;--awb-border-radius-top-left:0px;--awb-border-radius-top-right:0px;--awb-border-radius-bottom-right:0px;--awb-border-radius-bottom-left:0px;--awb-padding-top:185px;--awb-padding-bottom:185px;--awb-margin-bottom:50px;--awb-background-image:url(&quot;https:\/\/daler.ch\/wp-content\/uploads\/2016\/08\/photoHistoire.jpg&quot;);--awb-background-size:cover;--awb-flex-wrap:wrap;\" ><div class=\"fusion-builder-row fusion-row fusion-flex-align-items-flex-start fusion-flex-content-wrap\" style=\"width:104% !important;max-width:104% !important;margin-left: calc(-4% \/ 2 );margin-right: calc(-4% \/ 2 );\"><div class=\"fusion-layout-column fusion_builder_column fusion-builder-column-0 fusion_builder_column_1_1 1_1 fusion-flex-column\" style=\"--awb-bg-size:cover;--awb-width-large:100%;--awb-margin-top-large:0px;--awb-spacing-right-large:1.92%;--awb-margin-bottom-large:20px;--awb-spacing-left-large:1.92%;--awb-width-medium:100%;--awb-spacing-right-medium:1.92%;--awb-spacing-left-medium:1.92%;--awb-width-small:100%;--awb-spacing-right-small:1.92%;--awb-spacing-left-small:1.92%;\"><div class=\"fusion-column-wrapper fusion-flex-justify-content-flex-start fusion-content-layout-column\"><\/div><\/div><\/div><\/div><div class=\"fusion-fullwidth fullwidth-box fusion-builder-row-2 fusion-flex-container nonhundred-percent-fullwidth non-hundred-percent-height-scrolling\" style=\"--awb-border-radius-top-left:0px;--awb-border-radius-top-right:0px;--awb-border-radius-bottom-right:0px;--awb-border-radius-bottom-left:0px;--awb-flex-wrap:wrap;\" ><div class=\"fusion-builder-row fusion-row fusion-flex-align-items-flex-start fusion-flex-content-wrap\" style=\"max-width:1144px;margin-left: calc(-4% \/ 2 );margin-right: calc(-4% \/ 2 );\"><div class=\"fusion-layout-column fusion_builder_column fusion-builder-column-1 fusion_builder_column_1_1 1_1 fusion-flex-column fusion-flex-align-self-flex-start fusion-column-no-min-height\" style=\"--awb-bg-size:cover;--awb-width-large:100%;--awb-margin-top-large:0px;--awb-spacing-right-large:1.92%;--awb-margin-bottom-large:0px;--awb-spacing-left-large:1.92%;--awb-width-medium:100%;--awb-spacing-right-medium:1.92%;--awb-spacing-left-medium:1.92%;--awb-width-small:100%;--awb-spacing-right-small:1.92%;--awb-spacing-left-small:1.92%;\"><div class=\"fusion-column-wrapper fusion-flex-justify-content-flex-start fusion-content-layout-column\"><div class=\"fusion-title title fusion-title-1 fusion-sep-none fusion-title-text fusion-title-size-two\" style=\"--awb-margin-bottom:10px;\"><h2 class=\"fusion-title-heading title-heading-left fusion-responsive-typography-calculated\" style=\"margin:0;--fontSize:20;--minFontSize:20;line-height:1.5;\">Von 1917 bis heute<\/h2><\/div><div class=\"fusion-separator\" style=\"align-self: flex-start;margin-right:auto;margin-bottom:30px;width:100%;max-width:40px;\"><div class=\"fusion-separator-border sep-single sep-solid\" style=\"--awb-height:20px;--awb-amount:20px;--awb-sep-color:#008088;border-color:#008088;border-top-width:2px;\"><\/div><\/div><\/div><\/div><div class=\"fusion-layout-column fusion_builder_column fusion-builder-column-2 fusion_builder_column_1_1 1_1 fusion-flex-column fusion-flex-align-self-flex-start fusion-column-no-min-height\" style=\"--awb-bg-size:cover;--awb-width-large:100%;--awb-margin-top-large:0px;--awb-spacing-right-large:1.92%;--awb-margin-bottom-large:0px;--awb-spacing-left-large:1.92%;--awb-width-medium:100%;--awb-spacing-right-medium:1.92%;--awb-spacing-left-medium:1.92%;--awb-width-small:100%;--awb-spacing-right-small:1.92%;--awb-spacing-left-small:1.92%;\"><div class=\"fusion-column-wrapper fusion-flex-justify-content-flex-start fusion-content-layout-column\"><div class=\"fusion-text fusion-text-1\"><p>1917 gr\u00fcndete die reformierte Kirchgemeinde von Freiburg das Daler Spital in Vollstreckung des Testaments von Jules Daler, dessen Namen es heute noch tr\u00e4gt. In seinen Anf\u00e4ngen war es f\u00fcr die reformierten B\u00fcrger bestimmt, die Schwierigkeiten hatten, in katholisch verwalteten Einrichtungen behandelt zu werden.<\/p>\n<p><img decoding=\"async\" class=\"wp-image-1104 alignleft\" src=\"https:\/\/daler.ch\/wp-content\/uploads\/2016\/08\/JulesDaler-e1503917317843.jpg\" alt=\"\" width=\"426\" height=\"260\" srcset=\"https:\/\/daler.ch\/wp-content\/uploads\/2016\/08\/JulesDaler-e1503917317843-200x122.jpg 200w, https:\/\/daler.ch\/wp-content\/uploads\/2016\/08\/JulesDaler-e1503917317843-400x244.jpg 400w, https:\/\/daler.ch\/wp-content\/uploads\/2016\/08\/JulesDaler-e1503917317843-600x366.jpg 600w, https:\/\/daler.ch\/wp-content\/uploads\/2016\/08\/JulesDaler-e1503917317843-768x468.jpg 768w, https:\/\/daler.ch\/wp-content\/uploads\/2016\/08\/JulesDaler-e1503917317843-800x488.jpg 800w, https:\/\/daler.ch\/wp-content\/uploads\/2016\/08\/JulesDaler-e1503917317843-1200x732.jpg 1200w, https:\/\/daler.ch\/wp-content\/uploads\/2016\/08\/JulesDaler-e1503917317843.jpg 1300w\" sizes=\"(max-width: 426px) 100vw, 426px\" \/><\/p>\n<p>Der Wohlstand der Nachkriegszeit, der medizinische Fortschritt sowie die wachsenden Bed\u00fcrfnisse der Patienten erforderten mehrere Aus- und Umbauten der Geb\u00e4ude. Heute entspricht das Daler Spital den aktuellen Anforderungen von Qualit\u00e4t, Sicherheit und Wohlbefinden, wobei es Tradition und Moderne verbindet.<\/p>\n<p>Dank dem Fachwissen der akkreditierten \u00c4rzteschaft, dem Einsatz seines Personals f\u00fcr die Patienten, der Kompetenz seiner F\u00fchrungskr\u00e4fte und nicht zuletzt wegen seines Engagements f\u00fcr die Zweisprachigkeit erfreut sich die Institution eines ausgezeichneten Ansehens.<\/p>\n<p>Zu seinem 100-j\u00e4hrigen Geburtstag hat das Daler Spital ein Werk mit dem Titel \u00abTradition und Moderne, 100 Jahre Daler Spital\u00bb herausgegeben. Dieses Buch ist in verschiedenen Freiburger Buchhandlungen sowie am Empfang des Spitals erh\u00e4ltlich.<\/p>\n<\/div><\/div><\/div><\/div><\/div><\/p>\n","protected":false},"excerpt":{"rendered":"","protected":false},"author":1,"featured_media":0,"parent":964,"menu_order":9,"comment_status":"closed","ping_status":"closed","template":"100-width.php","meta":{"footnotes":""},"class_list":["post-1534","page","type-page","status-publish","hentry"],"yoast_head":"<!-- This site is optimized with the Yoast SEO plugin v27.3 - https:\/\/yoast.com\/product\/yoast-seo-wordpress\/ -->\n<title>Geschichte - Daler-Spital<\/title>\n<meta name=\"robots\" content=\"index, follow, max-snippet:-1, max-image-preview:large, max-video-preview:-1\" \/>\n<link rel=\"canonical\" href=\"https:\/\/daler.ch\/portrait\/histoire\/\" \/>\n<meta property=\"og:locale\" content=\"de_DE\" \/>\n<meta property=\"og:type\" content=\"article\" \/>\n<meta property=\"og:title\" content=\"Geschichte - Daler-Spital\" \/>\n<meta property=\"og:url\" content=\"https:\/\/daler.ch\/portrait\/histoire\/\" \/>\n<meta property=\"og:site_name\" content=\"Daler-Spital\" \/>\n<meta property=\"article:modified_time\" content=\"2021-07-01T09:15:16+00:00\" \/>\n<meta property=\"og:image\" content=\"https:\/\/daler.ch\/wp-content\/uploads\/2016\/08\/JulesDaler-e1503917317843.jpg\" \/>\n<meta name=\"twitter:card\" content=\"summary_large_image\" \/>\n<meta name=\"twitter:label1\" content=\"Gesch\u00e4tzte Lesezeit\" \/>\n\t<meta name=\"twitter:data1\" content=\"4\u00a0Minuten\" \/>\n<script type=\"application\/ld+json\" class=\"yoast-schema-graph\">{\"@context\":\"https:\\\/\\\/schema.org\",\"@graph\":[{\"@type\":\"WebPage\",\"@id\":\"https:\\\/\\\/daler.ch\\\/portrait\\\/histoire\\\/\",\"url\":\"https:\\\/\\\/daler.ch\\\/portrait\\\/histoire\\\/\",\"name\":\"Geschichte - Daler-Spital\",\"isPartOf\":{\"@id\":\"https:\\\/\\\/daler.ch\\\/#website\"},\"primaryImageOfPage\":{\"@id\":\"https:\\\/\\\/daler.ch\\\/portrait\\\/histoire\\\/#primaryimage\"},\"image\":{\"@id\":\"https:\\\/\\\/daler.ch\\\/portrait\\\/histoire\\\/#primaryimage\"},\"thumbnailUrl\":\"https:\\\/\\\/daler.ch\\\/wp-content\\\/uploads\\\/2016\\\/08\\\/JulesDaler-e1503917317843.jpg\",\"datePublished\":\"2016-08-22T11:33:06+00:00\",\"dateModified\":\"2021-07-01T09:15:16+00:00\",\"breadcrumb\":{\"@id\":\"https:\\\/\\\/daler.ch\\\/portrait\\\/histoire\\\/#breadcrumb\"},\"inLanguage\":\"de\",\"potentialAction\":[{\"@type\":\"ReadAction\",\"target\":[\"https:\\\/\\\/daler.ch\\\/portrait\\\/histoire\\\/\"]}]},{\"@type\":\"ImageObject\",\"inLanguage\":\"de\",\"@id\":\"https:\\\/\\\/daler.ch\\\/portrait\\\/histoire\\\/#primaryimage\",\"url\":\"https:\\\/\\\/daler.ch\\\/wp-content\\\/uploads\\\/2016\\\/08\\\/JulesDaler-e1503917317843.jpg\",\"contentUrl\":\"https:\\\/\\\/daler.ch\\\/wp-content\\\/uploads\\\/2016\\\/08\\\/JulesDaler-e1503917317843.jpg\"},{\"@type\":\"BreadcrumbList\",\"@id\":\"https:\\\/\\\/daler.ch\\\/portrait\\\/histoire\\\/#breadcrumb\",\"itemListElement\":[{\"@type\":\"ListItem\",\"position\":1,\"name\":\"Home\",\"item\":\"https:\\\/\\\/daler.ch\\\/de\\\/\"},{\"@type\":\"ListItem\",\"position\":2,\"name\":\"Portr\u00e4t\",\"item\":\"https:\\\/\\\/daler.ch\\\/portrait\\\/\"},{\"@type\":\"ListItem\",\"position\":3,\"name\":\"Geschichte\"}]},{\"@type\":\"WebSite\",\"@id\":\"https:\\\/\\\/daler.ch\\\/#website\",\"url\":\"https:\\\/\\\/daler.ch\\\/\",\"name\":\"Daler-Spital\",\"description\":\"Hopital Daler\",\"potentialAction\":[{\"@type\":\"SearchAction\",\"target\":{\"@type\":\"EntryPoint\",\"urlTemplate\":\"https:\\\/\\\/daler.ch\\\/?s={search_term_string}\"},\"query-input\":{\"@type\":\"PropertyValueSpecification\",\"valueRequired\":true,\"valueName\":\"search_term_string\"}}],\"inLanguage\":\"de\"}]}<\/script>\n<!-- \/ Yoast SEO plugin. -->","yoast_head_json":{"title":"Geschichte - Daler-Spital","robots":{"index":"index","follow":"follow","max-snippet":"max-snippet:-1","max-image-preview":"max-image-preview:large","max-video-preview":"max-video-preview:-1"},"canonical":"https:\/\/daler.ch\/portrait\/histoire\/","og_locale":"de_DE","og_type":"article","og_title":"Geschichte - Daler-Spital","og_url":"https:\/\/daler.ch\/portrait\/histoire\/","og_site_name":"Daler-Spital","article_modified_time":"2021-07-01T09:15:16+00:00","og_image":[{"url":"https:\/\/daler.ch\/wp-content\/uploads\/2016\/08\/JulesDaler-e1503917317843.jpg","type":"","width":"","height":""}],"twitter_card":"summary_large_image","twitter_misc":{"Gesch\u00e4tzte Lesezeit":"4\u00a0Minuten"},"schema":{"@context":"https:\/\/schema.org","@graph":[{"@type":"WebPage","@id":"https:\/\/daler.ch\/portrait\/histoire\/","url":"https:\/\/daler.ch\/portrait\/histoire\/","name":"Geschichte - Daler-Spital","isPartOf":{"@id":"https:\/\/daler.ch\/#website"},"primaryImageOfPage":{"@id":"https:\/\/daler.ch\/portrait\/histoire\/#primaryimage"},"image":{"@id":"https:\/\/daler.ch\/portrait\/histoire\/#primaryimage"},"thumbnailUrl":"https:\/\/daler.ch\/wp-content\/uploads\/2016\/08\/JulesDaler-e1503917317843.jpg","datePublished":"2016-08-22T11:33:06+00:00","dateModified":"2021-07-01T09:15:16+00:00","breadcrumb":{"@id":"https:\/\/daler.ch\/portrait\/histoire\/#breadcrumb"},"inLanguage":"de","potentialAction":[{"@type":"ReadAction","target":["https:\/\/daler.ch\/portrait\/histoire\/"]}]},{"@type":"ImageObject","inLanguage":"de","@id":"https:\/\/daler.ch\/portrait\/histoire\/#primaryimage","url":"https:\/\/daler.ch\/wp-content\/uploads\/2016\/08\/JulesDaler-e1503917317843.jpg","contentUrl":"https:\/\/daler.ch\/wp-content\/uploads\/2016\/08\/JulesDaler-e1503917317843.jpg"},{"@type":"BreadcrumbList","@id":"https:\/\/daler.ch\/portrait\/histoire\/#breadcrumb","itemListElement":[{"@type":"ListItem","position":1,"name":"Home","item":"https:\/\/daler.ch\/de\/"},{"@type":"ListItem","position":2,"name":"Portr\u00e4t","item":"https:\/\/daler.ch\/portrait\/"},{"@type":"ListItem","position":3,"name":"Geschichte"}]},{"@type":"WebSite","@id":"https:\/\/daler.ch\/#website","url":"https:\/\/daler.ch\/","name":"Daler-Spital","description":"Hopital Daler","potentialAction":[{"@type":"SearchAction","target":{"@type":"EntryPoint","urlTemplate":"https:\/\/daler.ch\/?s={search_term_string}"},"query-input":{"@type":"PropertyValueSpecification","valueRequired":true,"valueName":"search_term_string"}}],"inLanguage":"de"}]}},"_links":{"self":[{"href":"https:\/\/daler.ch\/de\/wp-json\/wp\/v2\/pages\/1534","targetHints":{"allow":["GET"]}}],"collection":[{"href":"https:\/\/daler.ch\/de\/wp-json\/wp\/v2\/pages"}],"about":[{"href":"https:\/\/daler.ch\/de\/wp-json\/wp\/v2\/types\/page"}],"author":[{"embeddable":true,"href":"https:\/\/daler.ch\/de\/wp-json\/wp\/v2\/users\/1"}],"replies":[{"embeddable":true,"href":"https:\/\/daler.ch\/de\/wp-json\/wp\/v2\/comments?post=1534"}],"version-history":[{"count":3,"href":"https:\/\/daler.ch\/de\/wp-json\/wp\/v2\/pages\/1534\/revisions"}],"predecessor-version":[{"id":4284,"href":"https:\/\/daler.ch\/de\/wp-json\/wp\/v2\/pages\/1534\/revisions\/4284"}],"up":[{"embeddable":true,"href":"https:\/\/daler.ch\/de\/wp-json\/wp\/v2\/pages\/964"}],"wp:attachment":[{"href":"https:\/\/daler.ch\/de\/wp-json\/wp\/v2\/media?parent=1534"}],"curies":[{"name":"wp","href":"https:\/\/api.w.org\/{rel}","templated":true}]}}