{"id":1611,"date":"2017-07-06T12:30:16","date_gmt":"2017-07-06T10:30:16","guid":{"rendered":"http:\/\/www.daler.ch\/maternite\/naissance\/"},"modified":"2026-04-22T15:50:16","modified_gmt":"2026-04-22T13:50:16","slug":"geburt","status":"publish","type":"page","link":"https:\/\/daler.ch\/de\/geburtsabteilung\/geburt\/","title":{"rendered":"Geburt"},"content":{"rendered":"<p><div class=\"fusion-fullwidth fullwidth-box fusion-builder-row-1 fusion-flex-container fusion-parallax-none hundred-percent-fullwidth non-hundred-percent-height-scrolling\" style=\"--awb-border-radius-top-left:0px;--awb-border-radius-top-right:0px;--awb-border-radius-bottom-right:0px;--awb-border-radius-bottom-left:0px;--awb-padding-top:185px;--awb-padding-bottom:185px;--awb-margin-bottom:50px;--awb-background-image:url(&quot;https:\/\/daler.ch\/wp-content\/uploads\/2023\/08\/Bandeau-naissance-site-internet-1.jpg&quot;);--awb-background-size:cover;--awb-flex-wrap:wrap;\" ><div class=\"fusion-builder-row fusion-row fusion-flex-align-items-flex-start fusion-flex-content-wrap\" style=\"width:104% !important;max-width:104% !important;margin-left: calc(-4% \/ 2 );margin-right: calc(-4% \/ 2 );\"><div class=\"fusion-layout-column fusion_builder_column fusion-builder-column-0 fusion_builder_column_1_1 1_1 fusion-flex-column\" style=\"--awb-bg-size:cover;--awb-width-large:100%;--awb-margin-top-large:0px;--awb-spacing-right-large:1.92%;--awb-margin-bottom-large:20px;--awb-spacing-left-large:1.92%;--awb-width-medium:100%;--awb-spacing-right-medium:1.92%;--awb-spacing-left-medium:1.92%;--awb-width-small:100%;--awb-spacing-right-small:1.92%;--awb-spacing-left-small:1.92%;\"><div class=\"fusion-column-wrapper fusion-flex-justify-content-flex-start fusion-content-layout-column\"><\/div><\/div><\/div><\/div><div class=\"fusion-fullwidth fullwidth-box fusion-builder-row-2 fusion-flex-container nonhundred-percent-fullwidth non-hundred-percent-height-scrolling\" style=\"--awb-border-radius-top-left:0px;--awb-border-radius-top-right:0px;--awb-border-radius-bottom-right:0px;--awb-border-radius-bottom-left:0px;--awb-flex-wrap:wrap;\" ><div class=\"fusion-builder-row fusion-row fusion-flex-align-items-flex-start fusion-flex-content-wrap\" style=\"max-width:1144px;margin-left: calc(-4% \/ 2 );margin-right: calc(-4% \/ 2 );\"><div class=\"fusion-layout-column fusion_builder_column fusion-builder-column-1 fusion_builder_column_1_1 1_1 fusion-flex-column fusion-flex-align-self-flex-start fusion-column-no-min-height\" style=\"--awb-bg-size:cover;--awb-width-large:100%;--awb-margin-top-large:0px;--awb-spacing-right-large:1.92%;--awb-margin-bottom-large:20px;--awb-spacing-left-large:1.92%;--awb-width-medium:100%;--awb-spacing-right-medium:1.92%;--awb-spacing-left-medium:1.92%;--awb-width-small:100%;--awb-spacing-right-small:1.92%;--awb-spacing-left-small:1.92%;\"><div class=\"fusion-column-wrapper fusion-flex-justify-content-flex-start fusion-content-layout-column\"><div class=\"fusion-title title fusion-title-1 fusion-sep-none fusion-title-text fusion-title-size-two\" style=\"--awb-margin-bottom:10px;\"><h2 class=\"fusion-title-heading title-heading-left fusion-responsive-typography-calculated\" style=\"margin:0;--fontSize:20;--minFontSize:20;line-height:1.5;\">Der grosse Moment<\/h2><\/div><div class=\"fusion-separator\" style=\"align-self: flex-start;margin-right:auto;margin-bottom:30px;width:100%;max-width:40px;\"><div class=\"fusion-separator-border sep-single sep-solid\" style=\"--awb-height:20px;--awb-amount:20px;--awb-sep-color:#008088;border-color:#008088;border-top-width:2px;\"><\/div><\/div><div class=\"fusion-text fusion-text-1\"><p>Kontaktieren Sie die Geburtsabteilung in folgenden Situationen:<\/p>\n<ul>\n<li>Wenn Sie Fruchtwasser oder Blut verlieren.<\/li>\n<li>Wenn Sie vor dem errechneten Geburtstermin Wehen haben oder wenn Sie den errechneten Geburtstermin erreicht haben und die Wehen:<br \/>\n\u2013 w\u00e4hrend 2 Stunden alle 5 Minuten auftreten (erste Geburt)<br \/>\n\u2013 w\u00e4hrend 1\u00a0Stunde anhalten (ab der zweiten Geburt)<\/li>\n<li>Wenn Sie ungew\u00f6hnliche Symptome feststellen, z. B. Kopfschmerzen, Seh- oder H\u00f6rst\u00f6rungen.<\/li>\n<li>Wenn Sie Bauchschmerzen haben oder glauben, Ihr Baby bewege sich weniger, sowie bei allen anderen Fragen.<\/li>\n<\/ul>\n<p>Melden Sie uns Ihre Ankunft telefonisch unter <a href=\"http:\/\/026%20429%2093%2060\">026 429 93 60<\/a> (Tag und Nacht) an.<\/p>\n<\/div><\/div><\/div><div class=\"fusion-layout-column fusion_builder_column fusion-builder-column-2 fusion_builder_column_1_1 1_1 fusion-flex-column fusion-flex-align-self-flex-start fusion-column-no-min-height\" style=\"--awb-bg-size:cover;--awb-width-large:100%;--awb-margin-top-large:50px;--awb-spacing-right-large:1.92%;--awb-margin-bottom-large:20px;--awb-spacing-left-large:1.92%;--awb-width-medium:100%;--awb-order-medium:0;--awb-spacing-right-medium:1.92%;--awb-spacing-left-medium:1.92%;--awb-width-small:100%;--awb-order-small:0;--awb-spacing-right-small:1.92%;--awb-spacing-left-small:1.92%;\" data-scroll-devices=\"small-visibility,medium-visibility,large-visibility\"><div class=\"fusion-column-wrapper fusion-column-has-shadow fusion-flex-justify-content-flex-start fusion-content-layout-column\"><div class=\"fusion-title title fusion-title-2 fusion-sep-none fusion-title-text fusion-title-size-two\" style=\"--awb-margin-bottom:10px;\"><h2 class=\"fusion-title-heading title-heading-left fusion-responsive-typography-calculated\" style=\"margin:0;--fontSize:20;--minFontSize:20;line-height:1.5;\">Ankunft und Betreuung<\/h2><\/div><div class=\"fusion-separator\" style=\"align-self: flex-start;margin-right:auto;margin-bottom:30px;width:100%;max-width:40px;\"><div class=\"fusion-separator-border sep-single sep-solid\" style=\"--awb-height:20px;--awb-amount:20px;--awb-sep-color:#008088;border-color:#008088;border-top-width:2px;\"><\/div><\/div><div class=\"fusion-text fusion-text-2\"><p>Vor dem Eingang des Spitals liegen geb\u00fchrenpflichtige Parkpl\u00e4tze. Ausserdem halten die Buslinien 2 und 6 beim Spital, Haltestelle \u00abVignettaz-Daler\u00bb.<\/p>\n<p>Bei Ihrer Ankunft melden Sie sich direkt bei der Geburtsabteilung. Nachts l\u00e4uten Sie bei der Klingel am Eingang, damit wir Ihnen die T\u00fcr \u00f6ffnen k\u00f6nnen.<\/p>\n<p>Die erste Phase Ihrer Geburt werden Sie mit der Unterst\u00fctzung der Hebamme erleben. Selbstverst\u00e4ndlich kann Ihre Partnerin oder Ihr Partner ebenfalls bei Ihnen sein. Die Hebamme wird die Gyn\u00e4kologin bzw. den Gyn\u00e4kologen, die oder der zum Zeitpunkt der Entbindung anwesend sein wird, regelm\u00e4ssig \u00fcber den Verlauf informieren.<\/p>\n<\/div><\/div><\/div><div class=\"fusion-layout-column fusion_builder_column fusion-builder-column-3 fusion_builder_column_1_1 1_1 fusion-flex-column\" style=\"--awb-bg-size:cover;--awb-width-large:100%;--awb-margin-top-large:50px;--awb-spacing-right-large:1.92%;--awb-margin-bottom-large:20px;--awb-spacing-left-large:1.92%;--awb-width-medium:100%;--awb-order-medium:0;--awb-spacing-right-medium:1.92%;--awb-spacing-left-medium:1.92%;--awb-width-small:100%;--awb-order-small:0;--awb-spacing-right-small:1.92%;--awb-spacing-left-small:1.92%;\"><div class=\"fusion-column-wrapper fusion-column-has-shadow fusion-flex-justify-content-flex-start fusion-content-layout-column\"><div class=\"fusion-title title fusion-title-3 fusion-sep-none fusion-title-text fusion-title-size-two\" style=\"--awb-margin-bottom:10px;\"><h2 class=\"fusion-title-heading title-heading-left fusion-responsive-typography-calculated\" style=\"margin:0;--fontSize:20;--minFontSize:20;line-height:1.5;\">Entbindung<\/h2><\/div><div class=\"fusion-separator\" style=\"align-self: flex-start;margin-right:auto;margin-bottom:30px;width:100%;max-width:40px;\"><div class=\"fusion-separator-border sep-single sep-solid\" style=\"--awb-height:20px;--awb-amount:20px;--awb-sep-color:#008088;border-color:#008088;border-top-width:2px;\"><\/div><\/div><div class=\"fusion-text fusion-text-3\"><p>Unsere Hebammen stehen Ihnen w\u00e4hrend des gesamten Geburtsprozesses zur Seite, gehen auf Ihre Bed\u00fcrfnisse ein und passen sich Ihren W\u00fcnschen an. Sie zeigen Ihnen verschiedene Positionen auf und bieten Ihnen alternative Techniken und Methoden an, um Sie bestm\u00f6glich zu begleiten und Ihre Entspannung zu f\u00f6rdern\u00a0(Badewanne, Ball, Tuch, Aromatherapie, Hintergrundmusik, Maja-Hocker usw.).<\/p>\n<p>Weitere W\u00fcnsche k\u00f6nnen ber\u00fccksichtigt werden, sofern Ihre Sicherheit und die Ihres Babys gew\u00e4hrleistet sind. Sie k\u00f6nnen Ihre Erwartungen jederzeit im administrativen Telefongespr\u00e4ch vor der Geburt und w\u00e4hrend der Entbindung \u00e4ussern.<\/p>\n<\/div><\/div><\/div><div class=\"fusion-layout-column fusion_builder_column fusion-builder-column-4 fusion_builder_column_1_1 1_1 fusion-flex-column\" style=\"--awb-bg-size:cover;--awb-width-large:100%;--awb-margin-top-large:50px;--awb-spacing-right-large:1.92%;--awb-margin-bottom-large:20px;--awb-spacing-left-large:1.92%;--awb-width-medium:100%;--awb-order-medium:0;--awb-spacing-right-medium:1.92%;--awb-spacing-left-medium:1.92%;--awb-width-small:100%;--awb-order-small:0;--awb-spacing-right-small:1.92%;--awb-spacing-left-small:1.92%;\"><div class=\"fusion-column-wrapper fusion-column-has-shadow fusion-flex-justify-content-flex-start fusion-content-layout-column\"><div class=\"fusion-title title fusion-title-4 fusion-sep-none fusion-title-text fusion-title-size-two\" style=\"--awb-margin-bottom:10px;\"><h2 class=\"fusion-title-heading title-heading-left fusion-responsive-typography-calculated\" style=\"margin:0;--fontSize:20;--minFontSize:20;line-height:1.5;\">Aromatherapie<\/h2><\/div><div class=\"fusion-separator\" style=\"align-self: flex-start;margin-right:auto;margin-bottom:30px;width:100%;max-width:40px;\"><div class=\"fusion-separator-border sep-single sep-solid\" style=\"--awb-height:20px;--awb-amount:20px;--awb-sep-color:#008088;border-color:#008088;border-top-width:2px;\"><\/div><\/div><div class=\"fusion-text fusion-text-4\"><p>Die Aromatherapie wird mit Ihrer Zustimmung in der Badewanne, bei einer Massage oder durch Diffusion angewendet. \u00c4therische \u00d6le sorgen f\u00fcr Entspannung, f\u00f6rdern die \u00d6ffnung des Muttermundes und unterst\u00fctzen die Begegnung mit Ihrem Baby. Unsere Hebammen sind in Aromatherapie ausgebildet und k\u00f6nnen Ihnen die passenden \u00d6le empfehlen.<\/p>\n<\/div><\/div><\/div><div class=\"fusion-layout-column fusion_builder_column fusion-builder-column-5 fusion_builder_column_1_1 1_1 fusion-flex-column\" style=\"--awb-bg-size:cover;--awb-width-large:100%;--awb-margin-top-large:50px;--awb-spacing-right-large:1.92%;--awb-margin-bottom-large:20px;--awb-spacing-left-large:1.92%;--awb-width-medium:100%;--awb-order-medium:0;--awb-spacing-right-medium:1.92%;--awb-spacing-left-medium:1.92%;--awb-width-small:100%;--awb-order-small:0;--awb-spacing-right-small:1.92%;--awb-spacing-left-small:1.92%;\"><div class=\"fusion-column-wrapper fusion-column-has-shadow fusion-flex-justify-content-flex-start fusion-content-layout-column\"><div class=\"fusion-title title fusion-title-5 fusion-sep-none fusion-title-text fusion-title-size-two\" style=\"--awb-margin-bottom:10px;\"><h2 class=\"fusion-title-heading title-heading-left fusion-responsive-typography-calculated\" style=\"margin:0;--fontSize:20;--minFontSize:20;line-height:1.5;\">Geb\u00e4rs\u00e4le und Badewanne<\/h2><\/div><div class=\"fusion-separator\" style=\"align-self: flex-start;margin-right:auto;margin-bottom:30px;width:100%;max-width:40px;\"><div class=\"fusion-separator-border sep-single sep-solid\" style=\"--awb-height:20px;--awb-amount:20px;--awb-sep-color:#008088;border-color:#008088;border-top-width:2px;\"><\/div><\/div><div class=\"fusion-text fusion-text-5\"><p>Unsere einladenden und hellen Geb\u00e4rs\u00e4le sind so gestaltet, dass sie eine entspannte Atmosph\u00e4re schaffen. Sie sind mit Badewannen ausgestattet, sodass Sie die wohltuende Wirkung von warmem Wasser nutzen und im Wasser entbinden k\u00f6nnen, wenn Sie dies w\u00fcnschen.<\/p>\n<\/div><\/div><\/div><div class=\"fusion-layout-column fusion_builder_column fusion-builder-column-6 fusion_builder_column_1_1 1_1 fusion-flex-column\" style=\"--awb-bg-size:cover;--awb-width-large:100%;--awb-margin-top-large:50px;--awb-spacing-right-large:1.92%;--awb-margin-bottom-large:20px;--awb-spacing-left-large:1.92%;--awb-width-medium:100%;--awb-order-medium:0;--awb-spacing-right-medium:1.92%;--awb-spacing-left-medium:1.92%;--awb-width-small:100%;--awb-order-small:0;--awb-spacing-right-small:1.92%;--awb-spacing-left-small:1.92%;\"><div class=\"fusion-column-wrapper fusion-column-has-shadow fusion-flex-justify-content-flex-start fusion-content-layout-column\"><div class=\"fusion-title title fusion-title-6 fusion-sep-none fusion-title-text fusion-title-size-two\" style=\"--awb-margin-bottom:10px;\"><h2 class=\"fusion-title-heading title-heading-left fusion-responsive-typography-calculated\" style=\"margin:0;--fontSize:20;--minFontSize:20;line-height:1.5;\">Physiologische Entbindung (Spontangeburt)<\/h2><\/div><div class=\"fusion-separator\" style=\"align-self: flex-start;margin-right:auto;margin-bottom:30px;width:100%;max-width:40px;\"><div class=\"fusion-separator-border sep-single sep-solid\" style=\"--awb-height:20px;--awb-amount:20px;--awb-sep-color:#008088;border-color:#008088;border-top-width:2px;\"><\/div><\/div><div class=\"fusion-text fusion-text-6\"><p>Die im Daler Spital g\u00e4ngige physiologische Entbindung wird von unseren Hebammen professionell begleitet, sofern die Situation es zul\u00e4sst und die werdende Mutter dies w\u00fcnscht.<\/p>\n<p>Dabei wird der nat\u00fcrliche Geburtsvorgang gef\u00f6rdert, indem medizinische Eingriffe so weit wie m\u00f6glich eingeschr\u00e4nkt werden.<\/p>\n<\/div><\/div><\/div><div class=\"fusion-layout-column fusion_builder_column fusion-builder-column-7 fusion_builder_column_1_1 1_1 fusion-flex-column\" style=\"--awb-bg-size:cover;--awb-width-large:100%;--awb-margin-top-large:50px;--awb-spacing-right-large:1.92%;--awb-margin-bottom-large:20px;--awb-spacing-left-large:1.92%;--awb-width-medium:100%;--awb-order-medium:0;--awb-spacing-right-medium:1.92%;--awb-spacing-left-medium:1.92%;--awb-width-small:100%;--awb-order-small:0;--awb-spacing-right-small:1.92%;--awb-spacing-left-small:1.92%;\"><div class=\"fusion-column-wrapper fusion-column-has-shadow fusion-flex-justify-content-flex-start fusion-content-layout-column\"><div class=\"fusion-title title fusion-title-7 fusion-sep-none fusion-title-text fusion-title-size-two\" style=\"--awb-margin-bottom:10px;\"><h2 class=\"fusion-title-heading title-heading-left fusion-responsive-typography-calculated\" style=\"margin:0;--fontSize:20;--minFontSize:20;line-height:1.5;\">Periduralan\u00e4sthesie<\/h2><\/div><div class=\"fusion-separator\" style=\"align-self: flex-start;margin-right:auto;margin-bottom:30px;width:100%;max-width:40px;\"><div class=\"fusion-separator-border sep-single sep-solid\" style=\"--awb-height:20px;--awb-amount:20px;--awb-sep-color:#008088;border-color:#008088;border-top-width:2px;\"><\/div><\/div><div class=\"fusion-text fusion-text-7\"><p>Auf Wunsch besteht jederzeit die M\u00f6glichkeit, die Schmerzen mit Medikamenten oder einer Periduralan\u00e4sthesie zu lindern.<\/p>\n<p>Die Periduralan\u00e4sthesie ist eine An\u00e4sthesietechnik, die eine nahezu schmerzfreie Geburt erm\u00f6glicht. Dabei wird ein kleiner Schlauch (Katheter) zwischen zwei Lendenwirbeln eingef\u00fchrt, durch den die An\u00e4sthesistin\/der An\u00e4sthesist ein Schmerzmittel injiziert. Der Katheter bleibt an seinem Platz und erm\u00f6glicht eine anhaltende Schmerzlinderung.<\/p>\n<p>Eine An\u00e4sthesistin bzw. ein An\u00e4sthesist steht rund um die Uhr auf Abruf bereit.<\/p>\n<\/div><\/div><\/div><div class=\"fusion-layout-column fusion_builder_column fusion-builder-column-8 fusion_builder_column_1_1 1_1 fusion-flex-column\" style=\"--awb-bg-size:cover;--awb-width-large:100%;--awb-margin-top-large:50px;--awb-spacing-right-large:1.92%;--awb-margin-bottom-large:20px;--awb-spacing-left-large:1.92%;--awb-width-medium:100%;--awb-order-medium:0;--awb-spacing-right-medium:1.92%;--awb-spacing-left-medium:1.92%;--awb-width-small:100%;--awb-order-small:0;--awb-spacing-right-small:1.92%;--awb-spacing-left-small:1.92%;\"><div class=\"fusion-column-wrapper fusion-column-has-shadow fusion-flex-justify-content-flex-start fusion-content-layout-column\"><div class=\"fusion-title title fusion-title-8 fusion-sep-none fusion-title-text fusion-title-size-two\" style=\"--awb-margin-bottom:10px;\"><h2 class=\"fusion-title-heading title-heading-left fusion-responsive-typography-calculated\" style=\"margin:0;--fontSize:20;--minFontSize:20;line-height:1.5;\">Kaiserschnitt<\/h2><\/div><div class=\"fusion-separator\" style=\"align-self: flex-start;margin-right:auto;margin-bottom:30px;width:100%;max-width:40px;\"><div class=\"fusion-separator-border sep-single sep-solid\" style=\"--awb-height:20px;--awb-amount:20px;--awb-sep-color:#008088;border-color:#008088;border-top-width:2px;\"><\/div><\/div><div class=\"fusion-text fusion-text-8\"><p>Sollte ein Kaiserschnitt notwendig sein, stehen in unserer Operationsabteilung an sieben Tagen die Woche rund um die Uhr ein Chirurgieteam und eine Kinder\u00e4rztin bzw. ein Kinderarzt bereit.<\/p>\n<\/div><\/div><\/div><div class=\"fusion-layout-column fusion_builder_column fusion-builder-column-9 fusion_builder_column_1_1 1_1 fusion-flex-column\" style=\"--awb-bg-size:cover;--awb-width-large:100%;--awb-margin-top-large:50px;--awb-spacing-right-large:1.92%;--awb-margin-bottom-large:20px;--awb-spacing-left-large:1.92%;--awb-width-medium:100%;--awb-order-medium:0;--awb-spacing-right-medium:1.92%;--awb-spacing-left-medium:1.92%;--awb-width-small:100%;--awb-order-small:0;--awb-spacing-right-small:1.92%;--awb-spacing-left-small:1.92%;\"><div class=\"fusion-column-wrapper fusion-column-has-shadow fusion-flex-justify-content-flex-start fusion-content-layout-column\"><div class=\"fusion-title title fusion-title-9 fusion-sep-none fusion-title-text fusion-title-size-two\" style=\"--awb-margin-bottom:10px;\"><h2 class=\"fusion-title-heading title-heading-left fusion-responsive-typography-calculated\" style=\"margin:0;--fontSize:20;--minFontSize:20;line-height:1.5;\">Geplanter und partizipativer Kaiserschnitt<\/h2><\/div><div class=\"fusion-separator\" style=\"align-self: flex-start;margin-right:auto;margin-bottom:30px;width:100%;max-width:40px;\"><div class=\"fusion-separator-border sep-single sep-solid\" style=\"--awb-height:20px;--awb-amount:20px;--awb-sep-color:#008088;border-color:#008088;border-top-width:2px;\"><\/div><\/div><div class=\"fusion-text fusion-text-9\"><p>Wir bieten M\u00fcttern, bei denen ein Kaiserschnitt geplant ist, auch einen partizipativen (sanften) Kaiserschnitt an.<\/p>\n<p>Bei diesem Ansatz wird die aktive Teilnahme beider Elternteile gef\u00f6rdert und der direkte Hautkontakt mit dem Baby praktiziert, um eine Trennung von Mutter und Kind zu vermeiden. Dar\u00fcber hinaus k\u00f6nnen verschiedene Massnahmen angewandt werden, um eine ruhige Umgebung f\u00fcr die Familie zu f\u00f6rdern: In Begleitung einer Pflegekraft k\u00f6nnen Sie sich zu Fuss in zum Operationssaal begeben. Im OP wird das Licht ged\u00e4mpft und Sie haben die M\u00f6glichkeit, Musik Ihrer Wahl abzuspielen. Wenn Sie es w\u00fcnschen, wird das sterile Feld heruntergelassen, damit Sie die Geburt Ihres Kindes mitverfolgen k\u00f6nnen.<\/p>\n<p>Die Entscheidung f\u00fcr einen sanften Kaiserschnitt wird von der Patientin und der Gyn\u00e4kologin\/dem Gyn\u00e4kologen gemeinsam getroffen, wobei Ihre Sicherheit und die Ihres Kindes an erster Stelle stehen.<\/p>\n<\/div><\/div><\/div><\/div><\/div><\/p>\n","protected":false},"excerpt":{"rendered":"","protected":false},"author":1,"featured_media":0,"parent":1605,"menu_order":22,"comment_status":"closed","ping_status":"closed","template":"100-width.php","meta":{"footnotes":""},"class_list":["post-1611","page","type-page","status-publish","hentry"],"yoast_head":"<!-- This site is optimized with the Yoast SEO plugin v27.5 - https:\/\/yoast.com\/product\/yoast-seo-wordpress\/ -->\n<title>Geburt - Daler-Spital<\/title>\n<meta name=\"robots\" content=\"index, follow, max-snippet:-1, max-image-preview:large, max-video-preview:-1\" \/>\n<link rel=\"canonical\" href=\"https:\/\/daler.ch\/de\/geburtsabteilung\/geburt\/\" \/>\n<meta property=\"og:locale\" content=\"de_DE\" \/>\n<meta property=\"og:type\" content=\"article\" \/>\n<meta property=\"og:title\" content=\"Geburt - Daler-Spital\" \/>\n<meta property=\"og:url\" content=\"https:\/\/daler.ch\/de\/geburtsabteilung\/geburt\/\" \/>\n<meta property=\"og:site_name\" content=\"Daler-Spital\" \/>\n<meta property=\"article:modified_time\" content=\"2026-04-22T13:50:16+00:00\" \/>\n<meta name=\"twitter:card\" content=\"summary_large_image\" \/>\n<meta name=\"twitter:label1\" content=\"Gesch\u00e4tzte Lesezeit\" \/>\n\t<meta name=\"twitter:data1\" content=\"4\u00a0Minuten\" \/>\n<script type=\"application\/ld+json\" class=\"yoast-schema-graph\">{\"@context\":\"https:\\\/\\\/schema.org\",\"@graph\":[{\"@type\":\"WebPage\",\"@id\":\"https:\\\/\\\/daler.ch\\\/de\\\/geburtsabteilung\\\/geburt\\\/\",\"url\":\"https:\\\/\\\/daler.ch\\\/de\\\/geburtsabteilung\\\/geburt\\\/\",\"name\":\"Geburt - Daler-Spital\",\"isPartOf\":{\"@id\":\"https:\\\/\\\/daler.ch\\\/#website\"},\"datePublished\":\"2017-07-06T10:30:16+00:00\",\"dateModified\":\"2026-04-22T13:50:16+00:00\",\"breadcrumb\":{\"@id\":\"https:\\\/\\\/daler.ch\\\/de\\\/geburtsabteilung\\\/geburt\\\/#breadcrumb\"},\"inLanguage\":\"de\",\"potentialAction\":[{\"@type\":\"ReadAction\",\"target\":[\"https:\\\/\\\/daler.ch\\\/de\\\/geburtsabteilung\\\/geburt\\\/\"]}]},{\"@type\":\"BreadcrumbList\",\"@id\":\"https:\\\/\\\/daler.ch\\\/de\\\/geburtsabteilung\\\/geburt\\\/#breadcrumb\",\"itemListElement\":[{\"@type\":\"ListItem\",\"position\":1,\"name\":\"Home\",\"item\":\"https:\\\/\\\/daler.ch\\\/de\\\/\"},{\"@type\":\"ListItem\",\"position\":2,\"name\":\"Geburtsabteilung\",\"item\":\"https:\\\/\\\/daler.ch\\\/de\\\/geburtsabteilung\\\/\"},{\"@type\":\"ListItem\",\"position\":3,\"name\":\"Geburt\"}]},{\"@type\":\"WebSite\",\"@id\":\"https:\\\/\\\/daler.ch\\\/#website\",\"url\":\"https:\\\/\\\/daler.ch\\\/\",\"name\":\"Daler-Spital\",\"description\":\"Hopital Daler\",\"potentialAction\":[{\"@type\":\"SearchAction\",\"target\":{\"@type\":\"EntryPoint\",\"urlTemplate\":\"https:\\\/\\\/daler.ch\\\/?s={search_term_string}\"},\"query-input\":{\"@type\":\"PropertyValueSpecification\",\"valueRequired\":true,\"valueName\":\"search_term_string\"}}],\"inLanguage\":\"de\"}]}<\/script>\n<!-- \/ Yoast SEO plugin. -->","yoast_head_json":{"title":"Geburt - Daler-Spital","robots":{"index":"index","follow":"follow","max-snippet":"max-snippet:-1","max-image-preview":"max-image-preview:large","max-video-preview":"max-video-preview:-1"},"canonical":"https:\/\/daler.ch\/de\/geburtsabteilung\/geburt\/","og_locale":"de_DE","og_type":"article","og_title":"Geburt - Daler-Spital","og_url":"https:\/\/daler.ch\/de\/geburtsabteilung\/geburt\/","og_site_name":"Daler-Spital","article_modified_time":"2026-04-22T13:50:16+00:00","twitter_card":"summary_large_image","twitter_misc":{"Gesch\u00e4tzte Lesezeit":"4\u00a0Minuten"},"schema":{"@context":"https:\/\/schema.org","@graph":[{"@type":"WebPage","@id":"https:\/\/daler.ch\/de\/geburtsabteilung\/geburt\/","url":"https:\/\/daler.ch\/de\/geburtsabteilung\/geburt\/","name":"Geburt - Daler-Spital","isPartOf":{"@id":"https:\/\/daler.ch\/#website"},"datePublished":"2017-07-06T10:30:16+00:00","dateModified":"2026-04-22T13:50:16+00:00","breadcrumb":{"@id":"https:\/\/daler.ch\/de\/geburtsabteilung\/geburt\/#breadcrumb"},"inLanguage":"de","potentialAction":[{"@type":"ReadAction","target":["https:\/\/daler.ch\/de\/geburtsabteilung\/geburt\/"]}]},{"@type":"BreadcrumbList","@id":"https:\/\/daler.ch\/de\/geburtsabteilung\/geburt\/#breadcrumb","itemListElement":[{"@type":"ListItem","position":1,"name":"Home","item":"https:\/\/daler.ch\/de\/"},{"@type":"ListItem","position":2,"name":"Geburtsabteilung","item":"https:\/\/daler.ch\/de\/geburtsabteilung\/"},{"@type":"ListItem","position":3,"name":"Geburt"}]},{"@type":"WebSite","@id":"https:\/\/daler.ch\/#website","url":"https:\/\/daler.ch\/","name":"Daler-Spital","description":"Hopital Daler","potentialAction":[{"@type":"SearchAction","target":{"@type":"EntryPoint","urlTemplate":"https:\/\/daler.ch\/?s={search_term_string}"},"query-input":{"@type":"PropertyValueSpecification","valueRequired":true,"valueName":"search_term_string"}}],"inLanguage":"de"}]}},"_links":{"self":[{"href":"https:\/\/daler.ch\/de\/wp-json\/wp\/v2\/pages\/1611","targetHints":{"allow":["GET"]}}],"collection":[{"href":"https:\/\/daler.ch\/de\/wp-json\/wp\/v2\/pages"}],"about":[{"href":"https:\/\/daler.ch\/de\/wp-json\/wp\/v2\/types\/page"}],"author":[{"embeddable":true,"href":"https:\/\/daler.ch\/de\/wp-json\/wp\/v2\/users\/1"}],"replies":[{"embeddable":true,"href":"https:\/\/daler.ch\/de\/wp-json\/wp\/v2\/comments?post=1611"}],"version-history":[{"count":24,"href":"https:\/\/daler.ch\/de\/wp-json\/wp\/v2\/pages\/1611\/revisions"}],"predecessor-version":[{"id":7660,"href":"https:\/\/daler.ch\/de\/wp-json\/wp\/v2\/pages\/1611\/revisions\/7660"}],"up":[{"embeddable":true,"href":"https:\/\/daler.ch\/de\/wp-json\/wp\/v2\/pages\/1605"}],"wp:attachment":[{"href":"https:\/\/daler.ch\/de\/wp-json\/wp\/v2\/media?parent=1611"}],"curies":[{"name":"wp","href":"https:\/\/api.w.org\/{rel}","templated":true}]}}