{"id":1635,"date":"2017-07-06T12:36:53","date_gmt":"2017-07-06T10:36:35","guid":{"rendered":"http:\/\/www.daler.ch\/patienten\/patients-sejour\/"},"modified":"2026-04-22T16:52:13","modified_gmt":"2026-04-22T14:52:13","slug":"aufenthalt","status":"publish","type":"page","link":"https:\/\/daler.ch\/de\/patienten\/aufenthalt\/","title":{"rendered":"Information"},"content":{"rendered":"<p><div class=\"fusion-fullwidth fullwidth-box fusion-builder-row-1 fusion-flex-container fusion-parallax-none hundred-percent-fullwidth non-hundred-percent-height-scrolling fusion-no-small-visibility\" style=\"--awb-border-radius-top-left:0px;--awb-border-radius-top-right:0px;--awb-border-radius-bottom-right:0px;--awb-border-radius-bottom-left:0px;--awb-padding-top:185px;--awb-padding-bottom:185px;--awb-margin-bottom:50px;--awb-background-image:url(&quot;https:\/\/daler.ch\/wp-content\/uploads\/2017\/07\/maternite_sejour_banner.jpg&quot;);--awb-background-size:cover;--awb-flex-wrap:wrap;\" ><div class=\"fusion-builder-row fusion-row fusion-flex-align-items-flex-start fusion-flex-content-wrap\" style=\"width:calc( 100% + 0px ) !important;max-width:calc( 100% + 0px ) !important;margin-left: calc(-0px \/ 2 );margin-right: calc(-0px \/ 2 );\"><div class=\"fusion-layout-column fusion_builder_column fusion-builder-column-0 fusion_builder_column_1_1 1_1 fusion-flex-column\" style=\"--awb-bg-blend:overlay;--awb-bg-size:cover;--awb-width-large:100%;--awb-margin-top-large:0px;--awb-spacing-right-large:0px;--awb-margin-bottom-large:20px;--awb-spacing-left-large:0px;--awb-width-medium:100%;--awb-spacing-right-medium:0px;--awb-spacing-left-medium:0px;--awb-width-small:100%;--awb-spacing-right-small:0px;--awb-spacing-left-small:0px;\"><div class=\"fusion-column-wrapper fusion-flex-justify-content-flex-start fusion-content-layout-column\"><\/div><\/div><\/div><\/div><div class=\"fusion-fullwidth fullwidth-box fusion-builder-row-2 fusion-flex-container nonhundred-percent-fullwidth non-hundred-percent-height-scrolling\" style=\"--awb-border-radius-top-left:0px;--awb-border-radius-top-right:0px;--awb-border-radius-bottom-right:0px;--awb-border-radius-bottom-left:0px;--awb-flex-wrap:wrap;\" ><div class=\"fusion-builder-row fusion-row fusion-flex-align-items-flex-start fusion-flex-content-wrap\" style=\"max-width:calc( 1100px + 0px );margin-left: calc(-0px \/ 2 );margin-right: calc(-0px \/ 2 );\"><div class=\"fusion-layout-column fusion_builder_column fusion-builder-column-1 fusion_builder_column_1_1 1_1 fusion-flex-column fusion-flex-align-self-flex-start fusion-column-no-min-height\" style=\"--awb-bg-blend:overlay;--awb-bg-size:cover;--awb-width-large:100%;--awb-margin-top-large:0px;--awb-spacing-right-large:0px;--awb-margin-bottom-large:20px;--awb-spacing-left-large:0px;--awb-width-medium:100%;--awb-spacing-right-medium:0px;--awb-spacing-left-medium:0px;--awb-width-small:100%;--awb-spacing-right-small:0px;--awb-spacing-left-small:0px;\"><div class=\"fusion-column-wrapper fusion-flex-justify-content-flex-start fusion-content-layout-column\"><div class=\"fusion-title title fusion-title-1 fusion-sep-none fusion-title-text fusion-title-size-two\" style=\"--awb-margin-bottom:10px;\"><h2 class=\"fusion-title-heading title-heading-left fusion-responsive-typography-calculated\" style=\"margin:0;--fontSize:20;--minFontSize:20;line-height:1.5;\">W\u00e4hrend Ihres Aufenthalts<\/h2><\/div><div class=\"fusion-separator\" style=\"align-self: flex-start;margin-right:auto;margin-bottom:30px;width:100%;max-width:40px;\"><div class=\"fusion-separator-border sep-single sep-solid\" style=\"--awb-height:20px;--awb-amount:20px;--awb-sep-color:#008a88;border-color:#008a88;border-top-width:2px;\"><\/div><\/div><\/div><\/div><div class=\"fusion-layout-column fusion_builder_column fusion-builder-column-2 fusion_builder_column_1_1 1_1 fusion-flex-column fusion-flex-align-self-flex-start fusion-column-no-min-height\" style=\"--awb-bg-blend:overlay;--awb-bg-size:cover;--awb-width-large:100%;--awb-margin-top-large:0px;--awb-spacing-right-large:0px;--awb-margin-bottom-large:0px;--awb-spacing-left-large:0px;--awb-width-medium:100%;--awb-spacing-right-medium:0px;--awb-spacing-left-medium:0px;--awb-width-small:100%;--awb-spacing-right-small:0px;--awb-spacing-left-small:0px;\"><div class=\"fusion-column-wrapper fusion-flex-justify-content-flex-start fusion-content-layout-column\"><div class=\"accordian fusion-accordian\" style=\"--awb-border-size:1px;--awb-icon-size:13px;--awb-content-font-size:15px;--awb-icon-alignment:left;--awb-hover-color:#f9f9f9;--awb-border-color:#cccccc;--awb-background-color:#ffffff;--awb-divider-color:#e0dede;--awb-divider-hover-color:#e0dede;--awb-icon-color:#ffffff;--awb-title-color:#008a88;--awb-content-color:#606060;--awb-icon-box-color:#333333;--awb-toggle-hover-accent-color:#008a88;--awb-title-font-family:Arial, Helvetica, sans-serif;--awb-title-font-weight:400;--awb-title-font-style:normal;--awb-title-font-size:14px;--awb-content-font-family:Arial, Helvetica, sans-serif;--awb-content-font-style:normal;--awb-content-font-weight:400;\"><div class=\"panel-group fusion-toggle-icon-boxed\" id=\"accordion-1635-1\"><div class=\"fusion-panel panel-default panel-0301fbf1b8323f3ad fusion-toggle-has-divider\" style=\"--awb-title-color:#008a88;\"><div class=\"panel-heading\"><h4 class=\"panel-title toggle\" id=\"toggle_0301fbf1b8323f3ad\"><a aria-expanded=\"false\" aria-controls=\"0301fbf1b8323f3ad\" role=\"button\" data-toggle=\"collapse\" data-target=\"#0301fbf1b8323f3ad\" href=\"#0301fbf1b8323f3ad\"><span class=\"fusion-toggle-icon-wrapper\" aria-hidden=\"true\"><i class=\"fa-fusion-box active-icon awb-icon-minus\" aria-hidden=\"true\"><\/i><i class=\"fa-fusion-box inactive-icon awb-icon-plus\" aria-hidden=\"true\"><\/i><\/span><span class=\"fusion-toggle-heading\">Zimmer<\/span><\/a><\/h4><\/div><div id=\"0301fbf1b8323f3ad\" class=\"panel-collapse collapse \" aria-labelledby=\"toggle_0301fbf1b8323f3ad\"><div class=\"panel-body toggle-content fusion-clearfix\">\n<p>Das Daler Spital bietet Ihnen komfortable Zimmer, die \u00fcber ein Badezimmer mit Dusche, WC und Handt\u00fcchern verf\u00fcgen.<\/p>\n<p>Im Zimmer steht Ihnen ein Multimediager\u00e4t mit verschiedenen Anwendungen (Radio, Fernsehen, WLAN usw.) zur Verf\u00fcgung, das Sie je nach Versicherungsklasse kostenlos oder gegen einen Aufpreis nutzen k\u00f6nnen.<\/p>\n<p>Einige Zimmer haben eine entspannende Aussicht auf den Park. Dieser steht allen Patientinnen und Patienten offen.<\/p>\n<p>Ob privat, halbprivat oder allgemein versichert, Sie sind bei uns willkommen.<\/p>\n<\/div><\/div><\/div><div class=\"fusion-panel panel-default panel-f408fb16f86c36019 fusion-toggle-has-divider\" style=\"--awb-title-color:#008a88;\"><div class=\"panel-heading\"><h4 class=\"panel-title toggle\" id=\"toggle_f408fb16f86c36019\"><a aria-expanded=\"false\" aria-controls=\"f408fb16f86c36019\" role=\"button\" data-toggle=\"collapse\" data-target=\"#f408fb16f86c36019\" href=\"#f408fb16f86c36019\"><span class=\"fusion-toggle-icon-wrapper\" aria-hidden=\"true\"><i class=\"fa-fusion-box active-icon awb-icon-minus\" aria-hidden=\"true\"><\/i><i class=\"fa-fusion-box inactive-icon awb-icon-plus\" aria-hidden=\"true\"><\/i><\/span><span class=\"fusion-toggle-heading\">Zeitplan<\/span><\/a><\/h4><\/div><div id=\"f408fb16f86c36019\" class=\"panel-collapse collapse \" aria-labelledby=\"toggle_f408fb16f86c36019\"><div class=\"panel-body toggle-content fusion-clearfix\">\n<div id=\"bca4e69cd4c6c5868\" class=\"panel-collapse collapse in\">\n<div class=\"panel-body toggle-content\">\n<ul>\n<li>Fr\u00fchst\u00fcck: ab 7.30 Uhr (C) \/ ab 7.40 Uhr (B)<\/li>\n<li>Mittagessen: ab 11.30 Uhr (B) \/ d\u00e8s 11.40 Uhr (C)<\/li>\n<li>Abendessen: ab 17.40 (B) \/ ab 17.50 Uhr (C)<\/li>\n<\/ul>\n<p><em>Hinweis: Je nach Anzahl der Patienten kann der Zeitplan zwischen 5 und 30 Minuten variieren<\/em>.<\/p>\n<ul>\n<li>Besuche allgemeine Abteilung: 14.00 bis 20.00 Uhr<\/li>\n<li>Besuche halbprivate und private Abteilung: 10.00 bis 20.00 Uhr<\/li>\n<\/ul>\n<ul>\n<li>Rezeption Wochentage: 07.00 bis 20.00 Uhr<\/li>\n<li>Rezeption Wochenende und Feiertage: 08.00 bis 20.00 Uhr<\/li>\n<\/ul>\n<ul>\n<li>Cafeteria Wochentage: 08.00 bis 19.30 Uhr<\/li>\n<li>Cafeteria Wochenende und Feiertage: 10.00 bis 17.30 Uhr<\/li>\n<\/ul>\n<ul>\n<li>Check out: vor 11.00 Uhr<\/li>\n<\/ul>\n<\/div>\n<\/div>\n<\/div><\/div><\/div><div class=\"fusion-panel panel-default panel-786659b2fe16b1a81 fusion-toggle-has-divider\" style=\"--awb-title-color:#008a88;\"><div class=\"panel-heading\"><h4 class=\"panel-title toggle\" id=\"toggle_786659b2fe16b1a81\"><a aria-expanded=\"false\" aria-controls=\"786659b2fe16b1a81\" role=\"button\" data-toggle=\"collapse\" data-target=\"#786659b2fe16b1a81\" href=\"#786659b2fe16b1a81\"><span class=\"fusion-toggle-icon-wrapper\" aria-hidden=\"true\"><i class=\"fa-fusion-box active-icon awb-icon-minus\" aria-hidden=\"true\"><\/i><i class=\"fa-fusion-box inactive-icon awb-icon-plus\" aria-hidden=\"true\"><\/i><\/span><span class=\"fusion-toggle-heading\">Mahlzeiten<\/span><\/a><\/h4><\/div><div id=\"786659b2fe16b1a81\" class=\"panel-collapse collapse \" aria-labelledby=\"toggle_786659b2fe16b1a81\"><div class=\"panel-body toggle-content fusion-clearfix\">\n<p>In der K\u00fcche arbeiten Tag f\u00fcr Tag etwa f\u00fcnfzehn Personen mit Leidenschaft f\u00fcr das Wohlergehen der Patientinnen und Patienten.<\/p>\n<p>Sie k\u00f6nnen mittags zwischen zwei Men\u00fcs ausw\u00e4hlen, die aus einer Suppe, einer Vorspeise, einem Hauptgang und einem Dessert bestehen. Am Abend wird ein Hauptgang mit einem Dessert oder ein \u201eCaf\u00e9 complet\u02ee serviert. Sie k\u00f6nnen auch Speisen aus der Karte bestellen. F\u00fcr bestimmte Men\u00fcs aus der Karte wird je nach Versicherung ein Zuschlag erhoben. Die Speisen k\u00f6nnen auch individuell an Ihre Bed\u00fcrfnisse angepasst werden.<\/p>\n<p>Im Allgemeinen wird die Mahlzeit auf dem Zimmer eingenommen. Falls Ihr Besuch mit Ihnen essen m\u00f6chte, teilen Sie dies einfach dem Pflegepersonal einen Tag vorher mit. Die Mahlzeiten in Begleitung werden in der Cafeteria serviert (ausser f\u00fcr Patientinnen \/ Patienten im Einzelzimmer) und die zus\u00e4tzliche Mahlzeit geht zu Lasten Ihrer Begleitperson.<\/p>\n<p>Ausserdem k\u00f6nnen Ihnen verschiedene Getr\u00e4nke auf Ihr Zimmer serviert werden. Der Zuschlag richtet sich nach Ihrer Versicherung. Unser Pflegepersonal gibt Ihnen gerne Informationen dazu.<\/p>\n<p><em>Im 2023 sind wir der <a href=\"https:\/\/daler.ch\/wp-content\/uploads\/2024\/04\/Charte-de-la-restauration-collective-fribourgeoise.docx.pdf\">Charta \u00abRegional kochen\u00bb <\/a><\/em><em>beigetreten und haben uns damit verpflichtet, regionale und saisonale Produkte zu f\u00f6rdern, sozialvertr\u00e4gliche und \u00f6kologische Produktionsweisen zu bevorzugen und die Gesundheit durch eine ausgewogene Ern\u00e4hrung zu f\u00f6rdern. Im April 2024 haben wir zudem das <a href=\"https:\/\/labelfaitmaison.ch\/de\/restaurants-mit-label\/\">Label \u00abFait Maison\u00bb<\/a> erhalten, weil wir Speisen anbieten, die vollst\u00e4ndig (oder zum gr\u00f6ssten Teil) in unserer K\u00fcche zubereitet werden.<\/em><\/p>\n<\/div><\/div><\/div><div class=\"fusion-panel panel-default panel-8e8e5f2edb5e386e0 fusion-toggle-has-divider\"><div class=\"panel-heading\"><h4 class=\"panel-title toggle\" id=\"toggle_8e8e5f2edb5e386e0\"><a aria-expanded=\"false\" aria-controls=\"8e8e5f2edb5e386e0\" role=\"button\" data-toggle=\"collapse\" data-target=\"#8e8e5f2edb5e386e0\" href=\"#8e8e5f2edb5e386e0\"><span class=\"fusion-toggle-icon-wrapper\" aria-hidden=\"true\"><i class=\"fa-fusion-box active-icon awb-icon-minus\" aria-hidden=\"true\"><\/i><i class=\"fa-fusion-box inactive-icon awb-icon-plus\" aria-hidden=\"true\"><\/i><\/span><span class=\"fusion-toggle-heading\">Rechnung<\/span><\/a><\/h4><\/div><div id=\"8e8e5f2edb5e386e0\" class=\"panel-collapse collapse \" aria-labelledby=\"toggle_8e8e5f2edb5e386e0\"><div class=\"panel-body toggle-content fusion-clearfix\">\n<p>Nach Ihrem Aufenthalt in unserem Spital wird eine Rechnung an Ihre Krankenversicherung geschickt. <b>Diese elektronische \u00dcbermittlung reduziert die Verwaltungskosten der Leistungserbringer im Gesundheitswesen<\/b>.<\/p>\n<p>Die Leistungen und Daten auf der Rechnung werden in technischer Form oder sogar in Form von Codes angegeben, damit sie den mit den Versicherern vereinbarten Abrechnungskriterien entsprechen. <b><br \/>\n<\/b><\/p>\n<p><b>Ihre Krankenkasse ist gesetzlich zur Pr\u00fcfung der Rechnung, und insbesondere der folgenden Punkte, verpflichtet:<\/b><\/p>\n<ul>\n<li>Entspricht das Datum der Leistungen dem Aufenthalt?<\/li>\n<li>Wurde die richtige Tarifstruktur angewendet?<\/li>\n<li>Entspricht der Preis der Leistung der mit dem Daler Spital geschlossenen Vereinbarung?<\/li>\n<li>Ist die Anzahl der in Rechnung gestellten Leistungen plausibel?<\/li>\n<li>Besitzen die angegebenen \u00c4rzte eine Berufsaus\u00fcbungsbewilligung?<\/li>\n<\/ul>\n<p><b>Nach dieser Pr\u00fcfung zahlt Ihr Versicherer die Rechnung direkt an das Daler Spital, und Ihr eventueller Selbstbehalt wird Ihnen von Ihrem Versicherer in Rechnung gestellt.<\/b><\/p>\n<p>M\u00f6chten Sie nach dem Lesen der vorstehenden Erl\u00e4uterungen dennoch innerhalb von 3 Monaten nach Ihrem Aufenthalt eine Kopie der Rechnung per Post erhalten?<\/p>\n<ul>\n<li>Wenn nein, so brauchen Sie nichts weiter zu tun. Bei Bedarf k\u00f6nnen Sie von uns auch sp\u00e4ter noch eine Kopie erhalten.<\/li>\n<li>Wenn ja, so bitten wir Sie die nachstehenden Informationen per Mail zu senden: <a href=\"mailto:hopital@daler.ch\">hopital@daler.ch<\/a><\/li>\n<\/ul>\n<ol>\n<li>Geburtsdatum<\/li>\n<li>Name und Vorname<\/li>\n<li>Datum von Ihrem Aufenthalt<\/li>\n<\/ol>\n<\/div><\/div><\/div><div class=\"fusion-panel panel-default panel-0539dbab92fd7dda0 fusion-toggle-has-divider\"><div class=\"panel-heading\"><h4 class=\"panel-title toggle\" id=\"toggle_0539dbab92fd7dda0\"><a aria-expanded=\"false\" aria-controls=\"0539dbab92fd7dda0\" role=\"button\" data-toggle=\"collapse\" data-target=\"#0539dbab92fd7dda0\" href=\"#0539dbab92fd7dda0\"><span class=\"fusion-toggle-icon-wrapper\" aria-hidden=\"true\"><i class=\"fa-fusion-box active-icon awb-icon-minus\" aria-hidden=\"true\"><\/i><i class=\"fa-fusion-box inactive-icon awb-icon-plus\" aria-hidden=\"true\"><\/i><\/span><span class=\"fusion-toggle-heading\">Elektronisches Patientendossier<\/span><\/a><\/h4><\/div><div id=\"0539dbab92fd7dda0\" class=\"panel-collapse collapse \" aria-labelledby=\"toggle_0539dbab92fd7dda0\"><div class=\"panel-body toggle-content fusion-clearfix\">\n<p>Das Daler Spital ist dem Verband CARA angeschlossen, welcher der Bev\u00f6lkerung und den Gesundheitsfachpersonen eine gesicherte digitale Plattform f\u00fcr die Erstellung und Nutzung des EPD (elektronisches Patientendossier) zur Verf\u00fcgung stellt.<\/p>\n<p><a href=\"https:\/\/www.cara.ch\/de\/Bevolkerung.html\" target=\"_blank\" rel=\"noopener\">Weitere Informationen<\/a><\/p>\n<\/div><\/div><\/div><\/div><\/div><\/div><\/div><\/div><\/div><\/p>\n","protected":false},"excerpt":{"rendered":"","protected":false},"author":1,"featured_media":0,"parent":1626,"menu_order":33,"comment_status":"closed","ping_status":"closed","template":"100-width.php","meta":{"footnotes":""},"class_list":["post-1635","page","type-page","status-publish","hentry"],"yoast_head":"<!-- This site is optimized with the Yoast SEO plugin v27.6 - https:\/\/yoast.com\/product\/yoast-seo-wordpress\/ -->\n<title>Information - Daler-Spital<\/title>\n<meta name=\"robots\" content=\"index, follow, max-snippet:-1, max-image-preview:large, max-video-preview:-1\" \/>\n<link rel=\"canonical\" href=\"https:\/\/daler.ch\/de\/patienten\/aufenthalt\/\" \/>\n<meta property=\"og:locale\" content=\"de_DE\" \/>\n<meta property=\"og:type\" content=\"article\" \/>\n<meta property=\"og:title\" content=\"Information - Daler-Spital\" \/>\n<meta property=\"og:url\" content=\"https:\/\/daler.ch\/de\/patienten\/aufenthalt\/\" \/>\n<meta property=\"og:site_name\" content=\"Daler-Spital\" \/>\n<meta property=\"article:modified_time\" content=\"2026-04-22T14:52:13+00:00\" \/>\n<meta name=\"twitter:card\" content=\"summary_large_image\" \/>\n<meta name=\"twitter:label1\" content=\"Gesch\u00e4tzte Lesezeit\" \/>\n\t<meta name=\"twitter:data1\" content=\"4\u00a0Minuten\" \/>\n<script type=\"application\/ld+json\" class=\"yoast-schema-graph\">{\"@context\":\"https:\\\/\\\/schema.org\",\"@graph\":[{\"@type\":\"WebPage\",\"@id\":\"https:\\\/\\\/daler.ch\\\/de\\\/patienten\\\/aufenthalt\\\/\",\"url\":\"https:\\\/\\\/daler.ch\\\/de\\\/patienten\\\/aufenthalt\\\/\",\"name\":\"Information - Daler-Spital\",\"isPartOf\":{\"@id\":\"https:\\\/\\\/daler.ch\\\/#website\"},\"datePublished\":\"2017-07-06T10:36:35+00:00\",\"dateModified\":\"2026-04-22T14:52:13+00:00\",\"breadcrumb\":{\"@id\":\"https:\\\/\\\/daler.ch\\\/de\\\/patienten\\\/aufenthalt\\\/#breadcrumb\"},\"inLanguage\":\"de\",\"potentialAction\":[{\"@type\":\"ReadAction\",\"target\":[\"https:\\\/\\\/daler.ch\\\/de\\\/patienten\\\/aufenthalt\\\/\"]}]},{\"@type\":\"BreadcrumbList\",\"@id\":\"https:\\\/\\\/daler.ch\\\/de\\\/patienten\\\/aufenthalt\\\/#breadcrumb\",\"itemListElement\":[{\"@type\":\"ListItem\",\"position\":1,\"name\":\"Home\",\"item\":\"https:\\\/\\\/daler.ch\\\/de\\\/\"},{\"@type\":\"ListItem\",\"position\":2,\"name\":\"Patienten\",\"item\":\"https:\\\/\\\/daler.ch\\\/de\\\/patienten\\\/\"},{\"@type\":\"ListItem\",\"position\":3,\"name\":\"Information\"}]},{\"@type\":\"WebSite\",\"@id\":\"https:\\\/\\\/daler.ch\\\/#website\",\"url\":\"https:\\\/\\\/daler.ch\\\/\",\"name\":\"Daler-Spital\",\"description\":\"Hopital Daler\",\"potentialAction\":[{\"@type\":\"SearchAction\",\"target\":{\"@type\":\"EntryPoint\",\"urlTemplate\":\"https:\\\/\\\/daler.ch\\\/?s={search_term_string}\"},\"query-input\":{\"@type\":\"PropertyValueSpecification\",\"valueRequired\":true,\"valueName\":\"search_term_string\"}}],\"inLanguage\":\"de\"}]}<\/script>\n<!-- \/ Yoast SEO plugin. -->","yoast_head_json":{"title":"Information - Daler-Spital","robots":{"index":"index","follow":"follow","max-snippet":"max-snippet:-1","max-image-preview":"max-image-preview:large","max-video-preview":"max-video-preview:-1"},"canonical":"https:\/\/daler.ch\/de\/patienten\/aufenthalt\/","og_locale":"de_DE","og_type":"article","og_title":"Information - Daler-Spital","og_url":"https:\/\/daler.ch\/de\/patienten\/aufenthalt\/","og_site_name":"Daler-Spital","article_modified_time":"2026-04-22T14:52:13+00:00","twitter_card":"summary_large_image","twitter_misc":{"Gesch\u00e4tzte Lesezeit":"4\u00a0Minuten"},"schema":{"@context":"https:\/\/schema.org","@graph":[{"@type":"WebPage","@id":"https:\/\/daler.ch\/de\/patienten\/aufenthalt\/","url":"https:\/\/daler.ch\/de\/patienten\/aufenthalt\/","name":"Information - Daler-Spital","isPartOf":{"@id":"https:\/\/daler.ch\/#website"},"datePublished":"2017-07-06T10:36:35+00:00","dateModified":"2026-04-22T14:52:13+00:00","breadcrumb":{"@id":"https:\/\/daler.ch\/de\/patienten\/aufenthalt\/#breadcrumb"},"inLanguage":"de","potentialAction":[{"@type":"ReadAction","target":["https:\/\/daler.ch\/de\/patienten\/aufenthalt\/"]}]},{"@type":"BreadcrumbList","@id":"https:\/\/daler.ch\/de\/patienten\/aufenthalt\/#breadcrumb","itemListElement":[{"@type":"ListItem","position":1,"name":"Home","item":"https:\/\/daler.ch\/de\/"},{"@type":"ListItem","position":2,"name":"Patienten","item":"https:\/\/daler.ch\/de\/patienten\/"},{"@type":"ListItem","position":3,"name":"Information"}]},{"@type":"WebSite","@id":"https:\/\/daler.ch\/#website","url":"https:\/\/daler.ch\/","name":"Daler-Spital","description":"Hopital Daler","potentialAction":[{"@type":"SearchAction","target":{"@type":"EntryPoint","urlTemplate":"https:\/\/daler.ch\/?s={search_term_string}"},"query-input":{"@type":"PropertyValueSpecification","valueRequired":true,"valueName":"search_term_string"}}],"inLanguage":"de"}]}},"_links":{"self":[{"href":"https:\/\/daler.ch\/de\/wp-json\/wp\/v2\/pages\/1635","targetHints":{"allow":["GET"]}}],"collection":[{"href":"https:\/\/daler.ch\/de\/wp-json\/wp\/v2\/pages"}],"about":[{"href":"https:\/\/daler.ch\/de\/wp-json\/wp\/v2\/types\/page"}],"author":[{"embeddable":true,"href":"https:\/\/daler.ch\/de\/wp-json\/wp\/v2\/users\/1"}],"replies":[{"embeddable":true,"href":"https:\/\/daler.ch\/de\/wp-json\/wp\/v2\/comments?post=1635"}],"version-history":[{"count":31,"href":"https:\/\/daler.ch\/de\/wp-json\/wp\/v2\/pages\/1635\/revisions"}],"predecessor-version":[{"id":7670,"href":"https:\/\/daler.ch\/de\/wp-json\/wp\/v2\/pages\/1635\/revisions\/7670"}],"up":[{"embeddable":true,"href":"https:\/\/daler.ch\/de\/wp-json\/wp\/v2\/pages\/1626"}],"wp:attachment":[{"href":"https:\/\/daler.ch\/de\/wp-json\/wp\/v2\/media?parent=1635"}],"curies":[{"name":"wp","href":"https:\/\/api.w.org\/{rel}","templated":true}]}}