{"id":2176,"date":"2018-05-02T11:53:50","date_gmt":"2018-05-02T09:53:50","guid":{"rendered":"https:\/\/www.daler.ch\/portraet\/association-amis-de-l-hopital-daler\/"},"modified":"2025-03-25T15:52:27","modified_gmt":"2025-03-25T14:52:27","slug":"freunde-des-daler-spitals","status":"publish","type":"page","link":"https:\/\/daler.ch\/de\/portraet\/freunde-des-daler-spitals\/","title":{"rendered":"Verein der Freunde des Daler Spitals"},"content":{"rendered":"<p><div class=\"fusion-fullwidth fullwidth-box fusion-builder-row-1 fusion-flex-container fusion-parallax-none hundred-percent-fullwidth non-hundred-percent-height-scrolling\" style=\"--awb-border-radius-top-left:0px;--awb-border-radius-top-right:0px;--awb-border-radius-bottom-right:0px;--awb-border-radius-bottom-left:0px;--awb-padding-top:185px;--awb-padding-bottom:185px;--awb-margin-bottom:50px;--awb-background-image:url(&quot;https:\/\/daler.ch\/wp-content\/uploads\/2018\/05\/entete_AAHD.jpg&quot;);--awb-background-size:cover;--awb-flex-wrap:wrap;\" ><div class=\"fusion-builder-row fusion-row fusion-flex-align-items-flex-start fusion-flex-content-wrap\" style=\"width:104% !important;max-width:104% !important;margin-left: calc(-4% \/ 2 );margin-right: calc(-4% \/ 2 );\"><div class=\"fusion-layout-column fusion_builder_column fusion-builder-column-0 fusion_builder_column_1_1 1_1 fusion-flex-column\" style=\"--awb-bg-size:cover;--awb-width-large:100%;--awb-margin-top-large:0px;--awb-spacing-right-large:1.92%;--awb-margin-bottom-large:20px;--awb-spacing-left-large:1.92%;--awb-width-medium:100%;--awb-spacing-right-medium:1.92%;--awb-spacing-left-medium:1.92%;--awb-width-small:100%;--awb-spacing-right-small:1.92%;--awb-spacing-left-small:1.92%;\"><div class=\"fusion-column-wrapper fusion-flex-justify-content-flex-start fusion-content-layout-column\"><\/div><\/div><\/div><\/div><div class=\"fusion-fullwidth fullwidth-box fusion-builder-row-2 fusion-flex-container nonhundred-percent-fullwidth non-hundred-percent-height-scrolling\" style=\"--awb-border-radius-top-left:0px;--awb-border-radius-top-right:0px;--awb-border-radius-bottom-right:0px;--awb-border-radius-bottom-left:0px;--awb-flex-wrap:wrap;\" ><div class=\"fusion-builder-row fusion-row fusion-flex-align-items-flex-start fusion-flex-content-wrap\" style=\"max-width:1144px;margin-left: calc(-4% \/ 2 );margin-right: calc(-4% \/ 2 );\"><div class=\"fusion-layout-column fusion_builder_column fusion-builder-column-1 fusion_builder_column_1_1 1_1 fusion-flex-column fusion-flex-align-self-flex-start fusion-column-no-min-height\" style=\"--awb-bg-size:cover;--awb-width-large:100%;--awb-margin-top-large:0px;--awb-spacing-right-large:1.92%;--awb-margin-bottom-large:20px;--awb-spacing-left-large:1.92%;--awb-width-medium:100%;--awb-spacing-right-medium:1.92%;--awb-spacing-left-medium:1.92%;--awb-width-small:100%;--awb-spacing-right-small:1.92%;--awb-spacing-left-small:1.92%;\"><div class=\"fusion-column-wrapper fusion-flex-justify-content-flex-start fusion-content-layout-column\"><div class=\"fusion-title title fusion-title-1 fusion-sep-none fusion-title-text fusion-title-size-two\" style=\"--awb-margin-bottom:10px;\"><h2 class=\"fusion-title-heading title-heading-left fusion-responsive-typography-calculated\" style=\"margin:0;--fontSize:20;--minFontSize:20;line-height:1.5;\">Geschichte<\/h2><\/div><div class=\"fusion-separator\" style=\"align-self: flex-start;margin-right:auto;margin-bottom:30px;width:100%;max-width:40px;\"><div class=\"fusion-separator-border sep-single sep-solid\" style=\"--awb-height:20px;--awb-amount:20px;--awb-sep-color:#008088;border-color:#008088;border-top-width:2px;\"><\/div><\/div><div class=\"fusion-text fusion-text-1\"><p>Am 2. Dezember 2004 hat sich eine betr\u00e4chtliche Anzahl Interessierter in einem neuen Konferenzsaal des Daler Spitals versammelt. Sie waren der Einladung einer durch den Stiftungsrat unterst\u00fctzten Arbeitsgruppe gefolgt, die es sich zum Ziel gemacht hatte, den \u00abDaler-Hilfsverein\u00bb in einer modernisierten Form wideraufleben zu lassen, da dieser im Jahr 1921 gegr\u00fcndete Fond mittlerweile einen etwas verschlafenen Eindruck machte.<\/p>\n<p>Anl\u00e4sslich dieser Gr\u00fcndungsversammlung wurden die neuen Statuten einstimmig angenommen. Diese halten u.a. fest, dass \u00abdas Ziel des Vereins darin besteht, daf\u00fcr zu sorgen, dass das Daler Spital auch weiterhin seine Rolle als anerkannte Einrichtung im medizinischen Gef\u00fcge des Kantons Freiburg wahrnehmen kann und auch zuk\u00fcnftig f\u00fcr die hohe Qualit\u00e4t seiner Pflegeleistungen gesch\u00e4tzt wird.\u00bb<\/p>\n<\/div><\/div><\/div><div class=\"fusion-layout-column fusion_builder_column fusion-builder-column-2 fusion_builder_column_1_1 1_1 fusion-flex-column fusion-flex-align-self-flex-start fusion-column-no-min-height\" style=\"--awb-padding-top:0px;--awb-bg-size:cover;--awb-width-large:100%;--awb-margin-top-large:60px;--awb-spacing-right-large:1.92%;--awb-margin-bottom-large:0px;--awb-spacing-left-large:1.92%;--awb-width-medium:100%;--awb-spacing-right-medium:1.92%;--awb-spacing-left-medium:1.92%;--awb-width-small:100%;--awb-spacing-right-small:1.92%;--awb-spacing-left-small:1.92%;\"><div class=\"fusion-column-wrapper fusion-flex-justify-content-flex-start fusion-content-layout-column\"><div class=\"fusion-title title fusion-title-2 fusion-sep-none fusion-title-text fusion-title-size-two\" style=\"--awb-margin-bottom:10px;\"><h2 class=\"fusion-title-heading title-heading-left fusion-responsive-typography-calculated\" style=\"margin:0;--fontSize:20;--minFontSize:20;line-height:1.5;\">Vorstand und Organisation<\/h2><\/div><div class=\"fusion-separator\" style=\"align-self: flex-start;margin-right:auto;margin-bottom:30px;width:100%;max-width:40px;\"><div class=\"fusion-separator-border sep-single sep-solid\" style=\"--awb-height:20px;--awb-amount:20px;--awb-sep-color:#008088;border-color:#008088;border-top-width:2px;\"><\/div><\/div><\/div><\/div><div class=\"fusion-layout-column fusion_builder_column fusion-builder-column-3 fusion_builder_column_1_1 1_1 fusion-flex-column fusion-flex-align-self-flex-start fusion-column-no-min-height\" style=\"--awb-padding-top:0px;--awb-bg-size:cover;--awb-width-large:100%;--awb-margin-top-large:0px;--awb-spacing-right-large:1.92%;--awb-margin-bottom-large:0px;--awb-spacing-left-large:1.92%;--awb-width-medium:100%;--awb-spacing-right-medium:1.92%;--awb-spacing-left-medium:1.92%;--awb-width-small:100%;--awb-spacing-right-small:1.92%;--awb-spacing-left-small:1.92%;\"><div class=\"fusion-column-wrapper fusion-flex-justify-content-flex-start fusion-content-layout-column\"><div class=\"fusion-text fusion-text-2\"><p>Derzeit setzt sich das Vereinskomitee der Freunde des Daler Spitals wie folgt zusammen :<\/p>\n<ul>\n<li>Louis-Philippe Cardis (Pr\u00e4sident)<\/li>\n<li>Thomas Nsenda (Mitglied)<\/li>\n<li>Denise Gallandat (Sekret\u00e4rin)<\/li>\n<li>Philippe Gehring (Kassierer)<\/li>\n<li>Dr. Corinne Sauti\u00e8re (Mitglied)<\/li>\n<\/ul>\n<p>Heute z\u00e4hlt der Verein rund 150 Mitglieder und das Komitee freut sich darauf, zahlreiche neue Mitglieder f\u00fcr seine Sache gewinnen zu k\u00f6nnen.\u00a0 Der j\u00e4hrliche Mitgliederbeitrag f\u00e4llt bescheiden aus und betr\u00e4gt 30.- f\u00fcr Einzelpersonen und 50.- f\u00fcr Paare.<\/p>\n<p>Mit der wertvollen Unterst\u00fctzung der akkreditierten \u00c4rzteschaft und der Direktion ist es dem Verein m\u00f6glich, regelm\u00e4ssig \u00f6ffentliche Konferenzen zu Gesundheitsthemen zu veranstalten.<\/p>\n<p>All jene, die dem Daler Spital in irgendeiner Weise verbunden sind, sind herzlich dazu eingeladen, dem Verein der Freunde des Daler Spitals beizutreten und damit zur Verwirklichung der Vereinsziele beizutragen.<\/p>\n<\/div><\/div><\/div><div class=\"fusion-layout-column fusion_builder_column fusion-builder-column-4 fusion_builder_column_1_2 1_2 fusion-flex-column\" style=\"--awb-padding-top:70px;--awb-bg-size:cover;--awb-width-large:50%;--awb-margin-top-large:0px;--awb-spacing-right-large:3.84%;--awb-margin-bottom-large:20px;--awb-spacing-left-large:3.84%;--awb-width-medium:50%;--awb-spacing-right-medium:3.84%;--awb-spacing-left-medium:3.84%;--awb-width-small:100%;--awb-spacing-right-small:1.92%;--awb-spacing-left-small:1.92%;\"><div class=\"fusion-column-wrapper fusion-flex-justify-content-flex-start fusion-content-layout-column\"><div class=\"fusion-image-element \" style=\"--awb-caption-title-font-family:var(--h2_typography-font-family);--awb-caption-title-font-weight:var(--h2_typography-font-weight);--awb-caption-title-font-style:var(--h2_typography-font-style);--awb-caption-title-size:var(--h2_typography-font-size);--awb-caption-title-transform:var(--h2_typography-text-transform);--awb-caption-title-line-height:var(--h2_typography-line-height);--awb-caption-title-letter-spacing:var(--h2_typography-letter-spacing);\"><span class=\" fusion-imageframe imageframe-none imageframe-1 hover-type-none\"><img decoding=\"async\" width=\"1300\" height=\"922\" title=\"Exterieur\" src=\"https:\/\/daler.ch\/wp-content\/uploads\/2016\/08\/Exterieur.jpg\" alt class=\"img-responsive wp-image-1111\" srcset=\"https:\/\/daler.ch\/wp-content\/uploads\/2016\/08\/Exterieur-200x142.jpg 200w, https:\/\/daler.ch\/wp-content\/uploads\/2016\/08\/Exterieur-400x284.jpg 400w, https:\/\/daler.ch\/wp-content\/uploads\/2016\/08\/Exterieur-600x426.jpg 600w, https:\/\/daler.ch\/wp-content\/uploads\/2016\/08\/Exterieur-800x567.jpg 800w, https:\/\/daler.ch\/wp-content\/uploads\/2016\/08\/Exterieur-1200x851.jpg 1200w, https:\/\/daler.ch\/wp-content\/uploads\/2016\/08\/Exterieur.jpg 1300w\" sizes=\"(max-width: 640px) 100vw, 600px\" \/><\/span><\/div><\/div><\/div><div class=\"fusion-layout-column fusion_builder_column fusion-builder-column-5 fusion_builder_column_1_2 1_2 fusion-flex-column\" style=\"--awb-padding-top:200px;--awb-bg-size:cover;--awb-width-large:50%;--awb-margin-top-large:0px;--awb-spacing-right-large:3.84%;--awb-margin-bottom-large:20px;--awb-spacing-left-large:3.84%;--awb-width-medium:50%;--awb-spacing-right-medium:3.84%;--awb-spacing-left-medium:3.84%;--awb-width-small:100%;--awb-spacing-right-small:1.92%;--awb-spacing-left-small:1.92%;\"><div class=\"fusion-column-wrapper fusion-flex-justify-content-flex-start fusion-content-layout-column\"><div style=\"text-align:center;\"><a class=\"fusion-button button-3d button-xlarge button-default fusion-button-default button-1 fusion-button-default-span \" target=\"_blank\" rel=\"noopener noreferrer\" href=\"https:\/\/daler.ch\/wp-content\/uploads\/2025\/03\/Flyer-AAHD-VF.pdf\"><span class=\"fusion-button-text\">Die Informationsbrosch\u00fcre<\/span><\/a><\/div><\/div><\/div><\/div><\/div><\/p>\n","protected":false},"excerpt":{"rendered":"","protected":false},"author":13,"featured_media":0,"parent":964,"menu_order":49,"comment_status":"closed","ping_status":"closed","template":"100-width.php","meta":{"footnotes":""},"class_list":["post-2176","page","type-page","status-publish","hentry"],"yoast_head":"<!-- This site is optimized with the Yoast SEO plugin v27.5 - https:\/\/yoast.com\/product\/yoast-seo-wordpress\/ -->\n<title>Verein der Freunde des Daler Spitals - Daler-Spital<\/title>\n<meta name=\"robots\" content=\"index, follow, max-snippet:-1, max-image-preview:large, max-video-preview:-1\" \/>\n<link rel=\"canonical\" href=\"https:\/\/daler.ch\/de\/portraet\/freunde-des-daler-spitals\/\" \/>\n<meta property=\"og:locale\" content=\"de_DE\" \/>\n<meta property=\"og:type\" content=\"article\" \/>\n<meta property=\"og:title\" content=\"Verein der Freunde des Daler Spitals - Daler-Spital\" \/>\n<meta property=\"og:url\" content=\"https:\/\/daler.ch\/de\/portraet\/freunde-des-daler-spitals\/\" \/>\n<meta property=\"og:site_name\" content=\"Daler-Spital\" \/>\n<meta property=\"article:modified_time\" content=\"2025-03-25T14:52:27+00:00\" \/>\n<meta name=\"twitter:card\" content=\"summary_large_image\" \/>\n<meta name=\"twitter:label1\" content=\"Gesch\u00e4tzte Lesezeit\" \/>\n\t<meta name=\"twitter:data1\" content=\"2\u00a0Minuten\" \/>\n<script type=\"application\/ld+json\" class=\"yoast-schema-graph\">{\"@context\":\"https:\\\/\\\/schema.org\",\"@graph\":[{\"@type\":\"WebPage\",\"@id\":\"https:\\\/\\\/daler.ch\\\/de\\\/portraet\\\/freunde-des-daler-spitals\\\/\",\"url\":\"https:\\\/\\\/daler.ch\\\/de\\\/portraet\\\/freunde-des-daler-spitals\\\/\",\"name\":\"Verein der Freunde des Daler Spitals - Daler-Spital\",\"isPartOf\":{\"@id\":\"https:\\\/\\\/daler.ch\\\/#website\"},\"datePublished\":\"2018-05-02T09:53:50+00:00\",\"dateModified\":\"2025-03-25T14:52:27+00:00\",\"breadcrumb\":{\"@id\":\"https:\\\/\\\/daler.ch\\\/de\\\/portraet\\\/freunde-des-daler-spitals\\\/#breadcrumb\"},\"inLanguage\":\"de\",\"potentialAction\":[{\"@type\":\"ReadAction\",\"target\":[\"https:\\\/\\\/daler.ch\\\/de\\\/portraet\\\/freunde-des-daler-spitals\\\/\"]}]},{\"@type\":\"BreadcrumbList\",\"@id\":\"https:\\\/\\\/daler.ch\\\/de\\\/portraet\\\/freunde-des-daler-spitals\\\/#breadcrumb\",\"itemListElement\":[{\"@type\":\"ListItem\",\"position\":1,\"name\":\"Home\",\"item\":\"https:\\\/\\\/daler.ch\\\/de\\\/\"},{\"@type\":\"ListItem\",\"position\":2,\"name\":\"Portr\u00e4t\",\"item\":\"https:\\\/\\\/daler.ch\\\/portrait\\\/\"},{\"@type\":\"ListItem\",\"position\":3,\"name\":\"Verein der Freunde des Daler Spitals\"}]},{\"@type\":\"WebSite\",\"@id\":\"https:\\\/\\\/daler.ch\\\/#website\",\"url\":\"https:\\\/\\\/daler.ch\\\/\",\"name\":\"Daler-Spital\",\"description\":\"Hopital Daler\",\"potentialAction\":[{\"@type\":\"SearchAction\",\"target\":{\"@type\":\"EntryPoint\",\"urlTemplate\":\"https:\\\/\\\/daler.ch\\\/?s={search_term_string}\"},\"query-input\":{\"@type\":\"PropertyValueSpecification\",\"valueRequired\":true,\"valueName\":\"search_term_string\"}}],\"inLanguage\":\"de\"}]}<\/script>\n<!-- \/ Yoast SEO plugin. -->","yoast_head_json":{"title":"Verein der Freunde des Daler Spitals - Daler-Spital","robots":{"index":"index","follow":"follow","max-snippet":"max-snippet:-1","max-image-preview":"max-image-preview:large","max-video-preview":"max-video-preview:-1"},"canonical":"https:\/\/daler.ch\/de\/portraet\/freunde-des-daler-spitals\/","og_locale":"de_DE","og_type":"article","og_title":"Verein der Freunde des Daler Spitals - Daler-Spital","og_url":"https:\/\/daler.ch\/de\/portraet\/freunde-des-daler-spitals\/","og_site_name":"Daler-Spital","article_modified_time":"2025-03-25T14:52:27+00:00","twitter_card":"summary_large_image","twitter_misc":{"Gesch\u00e4tzte Lesezeit":"2\u00a0Minuten"},"schema":{"@context":"https:\/\/schema.org","@graph":[{"@type":"WebPage","@id":"https:\/\/daler.ch\/de\/portraet\/freunde-des-daler-spitals\/","url":"https:\/\/daler.ch\/de\/portraet\/freunde-des-daler-spitals\/","name":"Verein der Freunde des Daler Spitals - Daler-Spital","isPartOf":{"@id":"https:\/\/daler.ch\/#website"},"datePublished":"2018-05-02T09:53:50+00:00","dateModified":"2025-03-25T14:52:27+00:00","breadcrumb":{"@id":"https:\/\/daler.ch\/de\/portraet\/freunde-des-daler-spitals\/#breadcrumb"},"inLanguage":"de","potentialAction":[{"@type":"ReadAction","target":["https:\/\/daler.ch\/de\/portraet\/freunde-des-daler-spitals\/"]}]},{"@type":"BreadcrumbList","@id":"https:\/\/daler.ch\/de\/portraet\/freunde-des-daler-spitals\/#breadcrumb","itemListElement":[{"@type":"ListItem","position":1,"name":"Home","item":"https:\/\/daler.ch\/de\/"},{"@type":"ListItem","position":2,"name":"Portr\u00e4t","item":"https:\/\/daler.ch\/portrait\/"},{"@type":"ListItem","position":3,"name":"Verein der Freunde des Daler Spitals"}]},{"@type":"WebSite","@id":"https:\/\/daler.ch\/#website","url":"https:\/\/daler.ch\/","name":"Daler-Spital","description":"Hopital Daler","potentialAction":[{"@type":"SearchAction","target":{"@type":"EntryPoint","urlTemplate":"https:\/\/daler.ch\/?s={search_term_string}"},"query-input":{"@type":"PropertyValueSpecification","valueRequired":true,"valueName":"search_term_string"}}],"inLanguage":"de"}]}},"_links":{"self":[{"href":"https:\/\/daler.ch\/de\/wp-json\/wp\/v2\/pages\/2176","targetHints":{"allow":["GET"]}}],"collection":[{"href":"https:\/\/daler.ch\/de\/wp-json\/wp\/v2\/pages"}],"about":[{"href":"https:\/\/daler.ch\/de\/wp-json\/wp\/v2\/types\/page"}],"author":[{"embeddable":true,"href":"https:\/\/daler.ch\/de\/wp-json\/wp\/v2\/users\/13"}],"replies":[{"embeddable":true,"href":"https:\/\/daler.ch\/de\/wp-json\/wp\/v2\/comments?post=2176"}],"version-history":[{"count":21,"href":"https:\/\/daler.ch\/de\/wp-json\/wp\/v2\/pages\/2176\/revisions"}],"predecessor-version":[{"id":7087,"href":"https:\/\/daler.ch\/de\/wp-json\/wp\/v2\/pages\/2176\/revisions\/7087"}],"up":[{"embeddable":true,"href":"https:\/\/daler.ch\/de\/wp-json\/wp\/v2\/pages\/964"}],"wp:attachment":[{"href":"https:\/\/daler.ch\/de\/wp-json\/wp\/v2\/media?parent=2176"}],"curies":[{"name":"wp","href":"https:\/\/api.w.org\/{rel}","templated":true}]}}