{"id":2580,"date":"2019-05-09T14:54:29","date_gmt":"2019-05-09T12:54:29","guid":{"rendered":"https:\/\/www.daler.ch\/patienten\/info_patients\/"},"modified":"2026-04-02T09:24:10","modified_gmt":"2026-04-02T07:24:10","slug":"info_patient","status":"publish","type":"page","link":"https:\/\/daler.ch\/de\/patienten\/info_patient\/","title":{"rendered":"Informationen f\u00fcr Patienten"},"content":{"rendered":"<p><div class=\"fusion-fullwidth fullwidth-box fusion-builder-row-1 fusion-flex-container fusion-parallax-none hundred-percent-fullwidth non-hundred-percent-height-scrolling fusion-no-small-visibility\" style=\"--awb-border-radius-top-left:0px;--awb-border-radius-top-right:0px;--awb-border-radius-bottom-right:0px;--awb-border-radius-bottom-left:0px;--awb-padding-top:185px;--awb-padding-bottom:185px;--awb-margin-bottom:50px;--awb-background-image:url(&quot;https:\/\/daler.ch\/wp-content\/uploads\/2017\/07\/presentation_banner.jpg&quot;);--awb-background-size:cover;--awb-flex-wrap:wrap;\" ><div class=\"fusion-builder-row fusion-row fusion-flex-align-items-flex-start fusion-flex-content-wrap\" style=\"width:104% !important;max-width:104% !important;margin-left: calc(-4% \/ 2 );margin-right: calc(-4% \/ 2 );\"><div class=\"fusion-layout-column fusion_builder_column fusion-builder-column-0 fusion_builder_column_1_1 1_1 fusion-flex-column\" style=\"--awb-bg-size:cover;--awb-width-large:100%;--awb-margin-top-large:0px;--awb-spacing-right-large:1.92%;--awb-margin-bottom-large:20px;--awb-spacing-left-large:1.92%;--awb-width-medium:100%;--awb-spacing-right-medium:1.92%;--awb-spacing-left-medium:1.92%;--awb-width-small:100%;--awb-spacing-right-small:1.92%;--awb-spacing-left-small:1.92%;\"><div class=\"fusion-column-wrapper fusion-flex-justify-content-flex-start fusion-content-layout-column\"><\/div><\/div><\/div><\/div><div class=\"fusion-fullwidth fullwidth-box fusion-builder-row-2 fusion-flex-container nonhundred-percent-fullwidth non-hundred-percent-height-scrolling\" style=\"--awb-border-radius-top-left:0px;--awb-border-radius-top-right:0px;--awb-border-radius-bottom-right:0px;--awb-border-radius-bottom-left:0px;--awb-flex-wrap:wrap;\" ><div class=\"fusion-builder-row fusion-row fusion-flex-align-items-flex-start fusion-flex-content-wrap\" style=\"max-width:1144px;margin-left: calc(-4% \/ 2 );margin-right: calc(-4% \/ 2 );\"><div class=\"fusion-layout-column fusion_builder_column fusion-builder-column-1 fusion_builder_column_1_1 1_1 fusion-flex-column fusion-flex-align-self-flex-start fusion-column-no-min-height\" style=\"--awb-bg-size:cover;--awb-width-large:100%;--awb-margin-top-large:0px;--awb-spacing-right-large:1.92%;--awb-margin-bottom-large:20px;--awb-spacing-left-large:1.92%;--awb-width-medium:100%;--awb-spacing-right-medium:1.92%;--awb-spacing-left-medium:1.92%;--awb-width-small:100%;--awb-spacing-right-small:1.92%;--awb-spacing-left-small:1.92%;\"><div class=\"fusion-column-wrapper fusion-flex-justify-content-flex-start fusion-content-layout-column\"><div class=\"fusion-title title fusion-title-1 fusion-sep-none fusion-title-text fusion-title-size-two\" style=\"--awb-margin-bottom:10px;\"><h2 class=\"fusion-title-heading title-heading-left fusion-responsive-typography-calculated\" style=\"margin:0;--fontSize:20;--minFontSize:20;line-height:1.5;\">Willkommen im Daler Spital<\/h2><\/div><div class=\"fusion-separator\" style=\"align-self: flex-start;margin-right:auto;margin-bottom:30px;width:100%;max-width:40px;\"><div class=\"fusion-separator-border sep-single sep-solid\" style=\"--awb-height:20px;--awb-amount:20px;--awb-sep-color:#008088;border-color:#008088;border-top-width:2px;\"><\/div><\/div><div class=\"fusion-text fusion-text-1\"><p>Die Direktion und das Personal des Daler Spitals heissen Sie herzlich willkommen und w\u00fcnschen Ihnen einen angenehmen Aufenthalt.<\/p>\n<p>Anbei finden Sie Informationen betreffend unser Hotelangebot und Allgemeines die Sie w\u00e4hrend ihres Aufenthaltes im Daler Spital in Anspruch nehmen k\u00f6nnten. Wenn Sie nach dem Besuch dieser Seite noch Fragen haben, wenden Sie sich bitte an unser Spital.<\/p>\n<p>Ihre Gesundheit ist unsere Priorit\u00e4t und wir setzen alles daran, Ihren Aufenthalt so angenehm wie m\u00f6glich zu gestalten.<\/p>\n<\/div><\/div><\/div><div class=\"fusion-layout-column fusion_builder_column fusion-builder-column-2 fusion_builder_column_1_1 1_1 fusion-flex-column fusion-flex-align-self-flex-start fusion-column-no-min-height\" style=\"--awb-bg-size:cover;--awb-width-large:100%;--awb-margin-top-large:20px;--awb-spacing-right-large:1.92%;--awb-margin-bottom-large:20px;--awb-spacing-left-large:1.92%;--awb-width-medium:100%;--awb-order-medium:0;--awb-spacing-right-medium:1.92%;--awb-spacing-left-medium:1.92%;--awb-width-small:100%;--awb-order-small:0;--awb-spacing-right-small:1.92%;--awb-spacing-left-small:1.92%;\"><div class=\"fusion-column-wrapper fusion-column-has-shadow fusion-flex-justify-content-flex-start fusion-content-layout-column\"><div class=\"fusion-title title fusion-title-2 fusion-sep-none fusion-title-text fusion-title-size-two\" style=\"--awb-margin-bottom:10px;\"><h2 class=\"fusion-title-heading title-heading-left fusion-responsive-typography-calculated\" style=\"margin:0;--fontSize:20;--minFontSize:20;line-height:1.5;\">Allgemeine Informationen<\/h2><\/div><div class=\"fusion-separator\" style=\"align-self: flex-start;margin-right:auto;margin-bottom:30px;width:100%;max-width:40px;\"><div class=\"fusion-separator-border sep-single sep-solid\" style=\"--awb-height:20px;--awb-amount:20px;--awb-sep-color:#008088;border-color:#008088;border-top-width:2px;\"><\/div><\/div><div class=\"fusion-text fusion-text-2\"><p>Nachfolgend finden Sie n\u00fctzliche Informationen zu Ihrem Aufenthalt. Wenn Sie noch Fragen haben, wenden Sie sich bitte an unser Personal.<\/p>\n<\/div><div class=\"accordian fusion-accordian\" style=\"--awb-border-size:1px;--awb-icon-size:13px;--awb-content-font-size:15px;--awb-icon-alignment:left;--awb-hover-color:#f9f9f9;--awb-border-color:#cccccc;--awb-background-color:#ffffff;--awb-divider-color:#e0dede;--awb-divider-hover-color:#e0dede;--awb-icon-color:#ffffff;--awb-title-color:#008a88;--awb-content-color:#606060;--awb-icon-box-color:#333333;--awb-toggle-hover-accent-color:#008a88;--awb-title-font-family:Arial, Helvetica, sans-serif;--awb-title-font-weight:400;--awb-title-font-style:normal;--awb-title-font-size:14px;--awb-title-line-height:1.5;--awb-content-font-family:Arial, Helvetica, sans-serif;--awb-content-font-style:normal;--awb-content-font-weight:400;\"><div class=\"panel-group fusion-toggle-icon-boxed\" id=\"accordion-2580-1\"><div class=\"fusion-panel panel-default panel-d3a27b3cfcf2455c7 fusion-toggle-has-divider\" style=\"--awb-title-color:#008a88;\"><div class=\"panel-heading\"><h4 class=\"panel-title toggle\" id=\"toggle_d3a27b3cfcf2455c7\"><a aria-expanded=\"false\" aria-controls=\"d3a27b3cfcf2455c7\" role=\"button\" data-toggle=\"collapse\" data-parent=\"#accordion-2580-1\" data-target=\"#d3a27b3cfcf2455c7\" href=\"#d3a27b3cfcf2455c7\"><span class=\"fusion-toggle-icon-wrapper\" aria-hidden=\"true\"><i class=\"fa-fusion-box active-icon awb-icon-minus\" aria-hidden=\"true\"><\/i><i class=\"fa-fusion-box inactive-icon awb-icon-plus\" aria-hidden=\"true\"><\/i><\/span><span class=\"fusion-toggle-heading\">Zeitplan<\/span><\/a><\/h4><\/div><div id=\"d3a27b3cfcf2455c7\" class=\"panel-collapse collapse \" aria-labelledby=\"toggle_d3a27b3cfcf2455c7\"><div class=\"panel-body toggle-content fusion-clearfix\">\n<ul>\n<li>Fr\u00fchst\u00fcck: ab\n<ul>\n<li>7.20 Uhr (Maternit\u00e9)<\/li>\n<li>7.30 Uhr (C)<\/li>\n<li>7.40 Uhr (B)<\/li>\n<\/ul>\n<\/li>\n<li>Mittagessen: ab\n<ul>\n<li>11.30 Uhr (B)<\/li>\n<li>11.40 Uhr (C)<\/li>\n<li>11.50 Uhr (Maternit\u00e9)<\/li>\n<\/ul>\n<\/li>\n<li>Abendessen: ab\n<ul>\n<li>17.30 Uhr (Maternit\u00e9)<\/li>\n<li>17.40 Uhr (B)<\/li>\n<li>17.50 Uhr (C)<\/li>\n<\/ul>\n<\/li>\n<\/ul>\n<p><em>Hinweis: Je nach Anzahl der Patienten kann der Zeitplan zwischen 5 und 30 Minuten variieren.<\/em><\/p>\n<ul>\n<li>Besuche allgemeine Abteilung: 14.00 bis 20.00 Uhr<\/li>\n<li>Besuche halbprivate und private Abteilung: 10.00 bis 20.00 Uhr<\/li>\n<\/ul>\n<ul>\n<li>Rezeption Wochentage: 07.00 bis 20.00 Uhr<\/li>\n<li>Rezeption Wochenende und Feiertage: 08.00 bis 20.00 Uhr<\/li>\n<li>Check out: vor 11.00 Uhr<\/li>\n<\/ul>\n<\/div><\/div><\/div><div class=\"fusion-panel panel-default panel-de33704849375000b fusion-toggle-has-divider\"><div class=\"panel-heading\"><h4 class=\"panel-title toggle\" id=\"toggle_de33704849375000b\"><a aria-expanded=\"false\" aria-controls=\"de33704849375000b\" role=\"button\" data-toggle=\"collapse\" data-parent=\"#accordion-2580-1\" data-target=\"#de33704849375000b\" href=\"#de33704849375000b\"><span class=\"fusion-toggle-icon-wrapper\" aria-hidden=\"true\"><i class=\"fa-fusion-box active-icon awb-icon-minus\" aria-hidden=\"true\"><\/i><i class=\"fa-fusion-box inactive-icon awb-icon-plus\" aria-hidden=\"true\"><\/i><\/span><span class=\"fusion-toggle-heading\">Mahlzeiten<\/span><\/a><\/h4><\/div><div id=\"de33704849375000b\" class=\"panel-collapse collapse \" aria-labelledby=\"toggle_de33704849375000b\"><div class=\"panel-body toggle-content fusion-clearfix\">\n<p><span lang=\"DE\">In der K\u00fcche arbeiten Tag f\u00fcr Tag etwa f\u00fcnfzehn Personen mit Leidenschaft f\u00fcr das Wohlergehen der Patienten.<\/span><\/p>\n<p>Im Allgemeinen wird die Mahlzeit auf dem Zimmer eingenommen. Falls Ihr Besuch mit Ihnen essen m\u00f6chte, teilen Sie dies einfach dem Pflegepersonal einen Tag vorher mit. Die Mahlzeiten in Begleitung werden in der Cafeteria serviert (ausser f\u00fcr Patientinnen\/Patienten im Einzelzimmer) und die zus\u00e4tzliche Mahlzeit geht zu Lasten Ihrer Begleitperson.<\/p>\n<p>Sie k\u00f6nnen mittags zwischen zwei Men\u00fcs ausw\u00e4hlen, die aus einer Suppe, einer Vorspeise, einem Hauptgang und einem Dessert bestehen. Am Abend wird ein Hauptgang mit einem Dessert oder ein \u00abCaf\u00e9 complet\u00bb serviert. Sie k\u00f6nnen auch Speisen aus der Karte bestellen, die ebenfalls vegetarische Gerichte enth\u00e4lt. Dieses Angebot gilt f\u00fcr alle Patientinnen und Patienten. F\u00fcr bestimmte Speisen aus der Karte wird ein Zuschlag erhoben, wenn Ihre Versicherung dies nicht abdeckt.<\/p>\n<p>Ausserdem k\u00f6nnen Ihnen verschiedene Getr\u00e4nke auf Ihr Zimmer serviert werden. Der Zuschlag richtet sich nach Ihrer Versicherung. Unser Pflegepersonal gibt Ihnen gerne Informationen dazu.<\/p>\n<p><em>Im 2023 sind wir der <a href=\"https:\/\/daler.ch\/wp-content\/uploads\/2024\/04\/Charte-de-la-restauration-collective-fribourgeoise.docx.pdf\">Charta \u00abRegional kochen\u00bb <\/a><\/em><em>beigetreten und haben uns damit verpflichtet, regionale und saisonale Produkte zu f\u00f6rdern, sozialvertr\u00e4gliche und \u00f6kologische Produktionsweisen zu bevorzugen und die Gesundheit durch eine ausgewogene Ern\u00e4hrung zu f\u00f6rdern. Im April 2024 haben wir zudem das <a href=\"https:\/\/labelfaitmaison.ch\/de\/restaurants-mit-label\/\">Label \u00abFait Maison\u00bb<\/a> erhalten, weil wir Speisen anbieten, die vollst\u00e4ndig (oder zum gr\u00f6ssten Teil) in unserer K\u00fcche zubereitet werden.<\/em><\/p>\n<\/div><\/div><\/div><div class=\"fusion-panel panel-default panel-8cb41b86659b40c3f fusion-toggle-has-divider\" style=\"--awb-title-color:#008a88;\"><div class=\"panel-heading\"><h4 class=\"panel-title toggle\" id=\"toggle_8cb41b86659b40c3f\"><a aria-expanded=\"false\" aria-controls=\"8cb41b86659b40c3f\" role=\"button\" data-toggle=\"collapse\" data-parent=\"#accordion-2580-1\" data-target=\"#8cb41b86659b40c3f\" href=\"#8cb41b86659b40c3f\"><span class=\"fusion-toggle-icon-wrapper\" aria-hidden=\"true\"><i class=\"fa-fusion-box active-icon awb-icon-minus\" aria-hidden=\"true\"><\/i><i class=\"fa-fusion-box inactive-icon awb-icon-plus\" aria-hidden=\"true\"><\/i><\/span><span class=\"fusion-toggle-heading\">Cafeteria<\/span><\/a><\/h4><\/div><div id=\"8cb41b86659b40c3f\" class=\"panel-collapse collapse \" aria-labelledby=\"toggle_8cb41b86659b40c3f\"><div class=\"panel-body toggle-content fusion-clearfix\">\n<p>Die Cafeteria ist wie folgt ge\u00f6ffnet:<\/p>\n<ul>\n<li>Wochentage: 8.00 bis 19.30 Uhr<\/li>\n<li>Wochendende und Feiertage: 10.00 bis 17.30 Uhr<\/li>\n<\/ul>\n<p><em>\u00d6ffnungszeiten w\u00e4hrend der Osterferien (vom 3. bis 19. April 2026) :<\/em><\/p>\n<ul>\n<li><em>Montag bis Freitag: 09.00 bis 17.00 Uhr<\/em><\/li>\n<li><em>Samstag, Sonntag und Feiertage: 10.00 bis 17.30 Uhr<\/em><\/li>\n<\/ul>\n<p>Ausserhalb dieser \u00d6ffnungszeiten steht Ihnen ein Getr\u00e4nke- und Snackautomat zur Verf\u00fcgung. Die \u00d6ffnungszeiten werden w\u00e4hrend der Ferienzeiten angepasst.<br \/>\nPatienten, die mit ihren Besuchern in unserer Cafeteria essen m\u00f6chten, sind gebeten, sich am Vortag beim Pflegepersonal anzumelden.<\/p>\n<\/div><\/div><\/div><div class=\"fusion-panel panel-default panel-66b161ae026045545 fusion-toggle-has-divider\"><div class=\"panel-heading\"><h4 class=\"panel-title toggle\" id=\"toggle_66b161ae026045545\"><a aria-expanded=\"false\" aria-controls=\"66b161ae026045545\" role=\"button\" data-toggle=\"collapse\" data-parent=\"#accordion-2580-1\" data-target=\"#66b161ae026045545\" href=\"#66b161ae026045545\"><span class=\"fusion-toggle-icon-wrapper\" aria-hidden=\"true\"><i class=\"fa-fusion-box active-icon awb-icon-minus\" aria-hidden=\"true\"><\/i><i class=\"fa-fusion-box inactive-icon awb-icon-plus\" aria-hidden=\"true\"><\/i><\/span><span class=\"fusion-toggle-heading\">Internetzugang<\/span><\/a><\/h4><\/div><div id=\"66b161ae026045545\" class=\"panel-collapse collapse \" aria-labelledby=\"toggle_66b161ae026045545\"><div class=\"panel-body toggle-content fusion-clearfix\">\n<p>Ab sofort k\u00f6nnen sich die Patienten in unseren drahtlosen Internetzugang (WIFI) einloggen. Der Preis betr\u00e4gt CHF 6. \u2013 pro Tag f\u00fcr Allgemeinpatienten; f\u00fcr Patienten der privaten oder halbprivaten Abteilung ist es kostenlos.<\/p>\n<p>Alle Einzelheiten zum Multimediaangebot und die verf\u00fcgbaren Anwendungen finden Sie unter \u00abMultimediaangebot\u00bb.<\/p>\n<\/div><\/div><\/div><div class=\"fusion-panel panel-default panel-4703490330729192f fusion-toggle-has-divider\"><div class=\"panel-heading\"><h4 class=\"panel-title toggle\" id=\"toggle_4703490330729192f\"><a aria-expanded=\"false\" aria-controls=\"4703490330729192f\" role=\"button\" data-toggle=\"collapse\" data-parent=\"#accordion-2580-1\" data-target=\"#4703490330729192f\" href=\"#4703490330729192f\"><span class=\"fusion-toggle-icon-wrapper\" aria-hidden=\"true\"><i class=\"fa-fusion-box active-icon awb-icon-minus\" aria-hidden=\"true\"><\/i><i class=\"fa-fusion-box inactive-icon awb-icon-plus\" aria-hidden=\"true\"><\/i><\/span><span class=\"fusion-toggle-heading\">Fernseher<\/span><\/a><\/h4><\/div><div id=\"4703490330729192f\" class=\"panel-collapse collapse \" aria-labelledby=\"toggle_4703490330729192f\"><div class=\"panel-body toggle-content fusion-clearfix\">\n<p>Patienten mit einer privaten oder halbprivaten Versicherungsdeckung verf\u00fcgen w\u00e4hrend ihres Aufenthaltes gratis \u00fcber einen Fernseher.<\/p>\n<p>Der Tarif betr\u00e4gt CHF 10.\u2013 pro Nacht f\u00fcr Patienten der allgemeinen Abteilung.<\/p>\n<p>Alle Einzelheiten zum Multimediaangebot und die verf\u00fcgbaren Anwendungen finden Sie unter \u00abMultimedia-Angebot\u00bb.<\/p>\n<\/div><\/div><\/div><div class=\"fusion-panel panel-default panel-118c639a90c4e7287 fusion-toggle-has-divider\"><div class=\"panel-heading\"><h4 class=\"panel-title toggle\" id=\"toggle_118c639a90c4e7287\"><a aria-expanded=\"false\" aria-controls=\"118c639a90c4e7287\" role=\"button\" data-toggle=\"collapse\" data-parent=\"#accordion-2580-1\" data-target=\"#118c639a90c4e7287\" href=\"#118c639a90c4e7287\"><span class=\"fusion-toggle-icon-wrapper\" aria-hidden=\"true\"><i class=\"fa-fusion-box active-icon awb-icon-minus\" aria-hidden=\"true\"><\/i><i class=\"fa-fusion-box inactive-icon awb-icon-plus\" aria-hidden=\"true\"><\/i><\/span><span class=\"fusion-toggle-heading\">Raucherecke<\/span><\/a><\/h4><\/div><div id=\"118c639a90c4e7287\" class=\"panel-collapse collapse \" aria-labelledby=\"toggle_118c639a90c4e7287\"><div class=\"panel-body toggle-content fusion-clearfix\">\n<p>Im Stock-D steht eine Raucherecke zur Verf\u00fcgung.<\/p>\n<\/div><\/div><\/div><div class=\"fusion-panel panel-default panel-3c44def5c696d7a1e fusion-toggle-has-divider\"><div class=\"panel-heading\"><h4 class=\"panel-title toggle\" id=\"toggle_3c44def5c696d7a1e\"><a aria-expanded=\"false\" aria-controls=\"3c44def5c696d7a1e\" role=\"button\" data-toggle=\"collapse\" data-parent=\"#accordion-2580-1\" data-target=\"#3c44def5c696d7a1e\" href=\"#3c44def5c696d7a1e\"><span class=\"fusion-toggle-icon-wrapper\" aria-hidden=\"true\"><i class=\"fa-fusion-box active-icon awb-icon-minus\" aria-hidden=\"true\"><\/i><i class=\"fa-fusion-box inactive-icon awb-icon-plus\" aria-hidden=\"true\"><\/i><\/span><span class=\"fusion-toggle-heading\">Bezahlung der Extras <\/span><\/a><\/h4><\/div><div id=\"3c44def5c696d7a1e\" class=\"panel-collapse collapse \" aria-labelledby=\"toggle_3c44def5c696d7a1e\"><div class=\"panel-body toggle-content fusion-clearfix\">\n<p>Bei Ihrem Austritt bitten wir Sie, Ihre Extras-Karte beim Empfang abzugeben. Eine Abrechnung Ihrer Ausgaben wird gem\u00e4ss Ihrer Versicherungsdeckung erstellt.<\/p>\n<\/div><\/div><\/div><\/div><\/div><\/div><\/div><div class=\"fusion-layout-column fusion_builder_column fusion-builder-column-3 fusion_builder_column_1_1 1_1 fusion-flex-column fusion-flex-align-self-flex-start fusion-column-no-min-height\" style=\"--awb-bg-size:cover;--awb-width-large:100%;--awb-margin-top-large:20px;--awb-spacing-right-large:1.92%;--awb-margin-bottom-large:20px;--awb-spacing-left-large:1.92%;--awb-width-medium:100%;--awb-order-medium:0;--awb-spacing-right-medium:1.92%;--awb-spacing-left-medium:1.92%;--awb-width-small:100%;--awb-order-small:0;--awb-spacing-right-small:1.92%;--awb-spacing-left-small:1.92%;\"><div class=\"fusion-column-wrapper fusion-column-has-shadow fusion-flex-justify-content-flex-start fusion-content-layout-column\"><div class=\"fusion-title title fusion-title-3 fusion-sep-none fusion-title-text fusion-title-size-two\" style=\"--awb-margin-bottom:10px;\"><h2 class=\"fusion-title-heading title-heading-left fusion-responsive-typography-calculated\" style=\"margin:0;--fontSize:20;--minFontSize:20;line-height:1.5;\">Multimedia-Angebot<\/h2><\/div><div class=\"fusion-separator\" style=\"align-self: flex-start;margin-right:auto;margin-bottom:30px;width:100%;max-width:40px;\"><div class=\"fusion-separator-border sep-single sep-solid\" style=\"--awb-height:20px;--awb-amount:20px;--awb-sep-color:#008088;border-color:#008088;border-top-width:2px;\"><\/div><\/div><div class=\"fusion-text fusion-text-3\"><p>Je nachdem, wie Sie versichert sind, haben Sie Zugriff auf eine Auswahl Anwendungen, die sich kostenpflichtig erweitern l\u00e4sst.<\/p>\n<p>Die Tarife k\u00f6nnen Sie der unten stehenden Auflistung entnehmen.<\/p>\n<\/div>\n<div class=\"table-1\">\n<table width=\"100%\">\n<thead>\n<tr>\n<th align=\"left\">Anwendungen<\/th>\n<th align=\"left\">Allgemeine Abteilung<\/th>\n<th align=\"left\">Private oder halbprivate<br \/>\nAbteilung<\/th>\n<\/tr>\n<\/thead>\n<tbody>\n<tr>\n<td align=\"left\">Radio<\/td>\n<td align=\"left\"><span style=\"color: #008080;\">Kostenlos<\/span><\/td>\n<td align=\"left\"><span style=\"color: #008080;\">Kostenlos<\/span><\/td>\n<\/tr>\n<\/tbody>\n<tbody>\n<tr>\n<td align=\"left\">Seite des Daler Spitals<\/td>\n<td align=\"left\"><span style=\"color: #008080;\">Kostenlos<\/span><\/td>\n<td align=\"left\"><span style=\"color: #008080;\">Kostenlos<\/span><\/td>\n<\/tr>\n<\/tbody>\n<tbody>\n<tr>\n<td align=\"left\">Empfang von Telefonanrufen<\/td>\n<td align=\"left\"><span style=\"color: #008080;\">Kostenlos<\/span><\/td>\n<td align=\"left\"><span style=\"color: #008080;\">Kostenlos<\/span><\/td>\n<\/tr>\n<\/tbody>\n<tbody>\n<tr>\n<td align=\"left\">WIFI <em><em>(nur \u00fcber Ihre eigenen Ger\u00e4te)<\/em><\/em><\/td>\n<td align=\"left\"><span style=\"color: #800080;\">6.-\/Nacht<br \/>\n(max. 42.- \/ Aufenthalt)<br \/>\n<\/span><\/td>\n<td align=\"left\"><span style=\"color: #008080;\">Kostenlos<\/span><\/td>\n<\/tr>\n<\/tbody>\n<tbody>\n<tr>\n<td align=\"left\">Ausgehende Telefonanrufe (innerhalb der Schweiz und ohne Gratisnummern)<br \/>\nTV<br \/>\nInternet<br \/>\nWIFI<br \/>\nSpiele<br \/>\nUnterhaltung<\/td>\n<td align=\"left\"><span style=\"color: #800080;\">10.-\/Nacht<br \/>\n(max. 70.- \/ Aufenthalt)<br \/>\n<\/span><\/td>\n<td align=\"left\"><span style=\"color: #008080;\">Kostenlos<\/span><\/td>\n<\/tr>\n<\/tbody>\n<\/table>\n<\/div>\n<div class=\"fusion-separator\" style=\"align-self: flex-start;margin-right:auto;margin-bottom:30px;width:100%;max-width:40px;\"><\/div><\/div><\/div><\/div><\/div><\/p>\n","protected":false},"excerpt":{"rendered":"","protected":false},"author":14,"featured_media":0,"parent":1626,"menu_order":47,"comment_status":"closed","ping_status":"closed","template":"100-width.php","meta":{"footnotes":""},"class_list":["post-2580","page","type-page","status-publish","hentry"],"yoast_head":"<!-- This site is optimized with the Yoast SEO plugin v27.3 - https:\/\/yoast.com\/product\/yoast-seo-wordpress\/ -->\n<title>Informationen f\u00fcr Patienten - Daler-Spital<\/title>\n<meta name=\"robots\" content=\"index, follow, max-snippet:-1, max-image-preview:large, max-video-preview:-1\" \/>\n<link rel=\"canonical\" href=\"https:\/\/daler.ch\/de\/patienten\/info_patient\/\" \/>\n<meta property=\"og:locale\" content=\"de_DE\" \/>\n<meta property=\"og:type\" content=\"article\" \/>\n<meta property=\"og:title\" content=\"Informationen f\u00fcr Patienten - Daler-Spital\" \/>\n<meta property=\"og:url\" content=\"https:\/\/daler.ch\/de\/patienten\/info_patient\/\" \/>\n<meta property=\"og:site_name\" content=\"Daler-Spital\" \/>\n<meta property=\"article:modified_time\" content=\"2026-04-02T07:24:10+00:00\" \/>\n<meta name=\"twitter:card\" content=\"summary_large_image\" \/>\n<meta name=\"twitter:label1\" content=\"Gesch\u00e4tzte Lesezeit\" \/>\n\t<meta name=\"twitter:data1\" content=\"4\u00a0Minuten\" \/>\n<script type=\"application\/ld+json\" class=\"yoast-schema-graph\">{\"@context\":\"https:\\\/\\\/schema.org\",\"@graph\":[{\"@type\":\"WebPage\",\"@id\":\"https:\\\/\\\/daler.ch\\\/de\\\/patienten\\\/info_patient\\\/\",\"url\":\"https:\\\/\\\/daler.ch\\\/de\\\/patienten\\\/info_patient\\\/\",\"name\":\"Informationen f\u00fcr Patienten - Daler-Spital\",\"isPartOf\":{\"@id\":\"https:\\\/\\\/daler.ch\\\/#website\"},\"datePublished\":\"2019-05-09T12:54:29+00:00\",\"dateModified\":\"2026-04-02T07:24:10+00:00\",\"breadcrumb\":{\"@id\":\"https:\\\/\\\/daler.ch\\\/de\\\/patienten\\\/info_patient\\\/#breadcrumb\"},\"inLanguage\":\"de\",\"potentialAction\":[{\"@type\":\"ReadAction\",\"target\":[\"https:\\\/\\\/daler.ch\\\/de\\\/patienten\\\/info_patient\\\/\"]}]},{\"@type\":\"BreadcrumbList\",\"@id\":\"https:\\\/\\\/daler.ch\\\/de\\\/patienten\\\/info_patient\\\/#breadcrumb\",\"itemListElement\":[{\"@type\":\"ListItem\",\"position\":1,\"name\":\"Home\",\"item\":\"https:\\\/\\\/daler.ch\\\/de\\\/\"},{\"@type\":\"ListItem\",\"position\":2,\"name\":\"Patienten\",\"item\":\"https:\\\/\\\/daler.ch\\\/de\\\/patienten\\\/\"},{\"@type\":\"ListItem\",\"position\":3,\"name\":\"Informationen f\u00fcr Patienten\"}]},{\"@type\":\"WebSite\",\"@id\":\"https:\\\/\\\/daler.ch\\\/#website\",\"url\":\"https:\\\/\\\/daler.ch\\\/\",\"name\":\"Daler-Spital\",\"description\":\"Hopital Daler\",\"potentialAction\":[{\"@type\":\"SearchAction\",\"target\":{\"@type\":\"EntryPoint\",\"urlTemplate\":\"https:\\\/\\\/daler.ch\\\/?s={search_term_string}\"},\"query-input\":{\"@type\":\"PropertyValueSpecification\",\"valueRequired\":true,\"valueName\":\"search_term_string\"}}],\"inLanguage\":\"de\"}]}<\/script>\n<!-- \/ Yoast SEO plugin. -->","yoast_head_json":{"title":"Informationen f\u00fcr Patienten - Daler-Spital","robots":{"index":"index","follow":"follow","max-snippet":"max-snippet:-1","max-image-preview":"max-image-preview:large","max-video-preview":"max-video-preview:-1"},"canonical":"https:\/\/daler.ch\/de\/patienten\/info_patient\/","og_locale":"de_DE","og_type":"article","og_title":"Informationen f\u00fcr Patienten - Daler-Spital","og_url":"https:\/\/daler.ch\/de\/patienten\/info_patient\/","og_site_name":"Daler-Spital","article_modified_time":"2026-04-02T07:24:10+00:00","twitter_card":"summary_large_image","twitter_misc":{"Gesch\u00e4tzte Lesezeit":"4\u00a0Minuten"},"schema":{"@context":"https:\/\/schema.org","@graph":[{"@type":"WebPage","@id":"https:\/\/daler.ch\/de\/patienten\/info_patient\/","url":"https:\/\/daler.ch\/de\/patienten\/info_patient\/","name":"Informationen f\u00fcr Patienten - Daler-Spital","isPartOf":{"@id":"https:\/\/daler.ch\/#website"},"datePublished":"2019-05-09T12:54:29+00:00","dateModified":"2026-04-02T07:24:10+00:00","breadcrumb":{"@id":"https:\/\/daler.ch\/de\/patienten\/info_patient\/#breadcrumb"},"inLanguage":"de","potentialAction":[{"@type":"ReadAction","target":["https:\/\/daler.ch\/de\/patienten\/info_patient\/"]}]},{"@type":"BreadcrumbList","@id":"https:\/\/daler.ch\/de\/patienten\/info_patient\/#breadcrumb","itemListElement":[{"@type":"ListItem","position":1,"name":"Home","item":"https:\/\/daler.ch\/de\/"},{"@type":"ListItem","position":2,"name":"Patienten","item":"https:\/\/daler.ch\/de\/patienten\/"},{"@type":"ListItem","position":3,"name":"Informationen f\u00fcr Patienten"}]},{"@type":"WebSite","@id":"https:\/\/daler.ch\/#website","url":"https:\/\/daler.ch\/","name":"Daler-Spital","description":"Hopital Daler","potentialAction":[{"@type":"SearchAction","target":{"@type":"EntryPoint","urlTemplate":"https:\/\/daler.ch\/?s={search_term_string}"},"query-input":{"@type":"PropertyValueSpecification","valueRequired":true,"valueName":"search_term_string"}}],"inLanguage":"de"}]}},"_links":{"self":[{"href":"https:\/\/daler.ch\/de\/wp-json\/wp\/v2\/pages\/2580","targetHints":{"allow":["GET"]}}],"collection":[{"href":"https:\/\/daler.ch\/de\/wp-json\/wp\/v2\/pages"}],"about":[{"href":"https:\/\/daler.ch\/de\/wp-json\/wp\/v2\/types\/page"}],"author":[{"embeddable":true,"href":"https:\/\/daler.ch\/de\/wp-json\/wp\/v2\/users\/14"}],"replies":[{"embeddable":true,"href":"https:\/\/daler.ch\/de\/wp-json\/wp\/v2\/comments?post=2580"}],"version-history":[{"count":35,"href":"https:\/\/daler.ch\/de\/wp-json\/wp\/v2\/pages\/2580\/revisions"}],"predecessor-version":[{"id":7623,"href":"https:\/\/daler.ch\/de\/wp-json\/wp\/v2\/pages\/2580\/revisions\/7623"}],"up":[{"embeddable":true,"href":"https:\/\/daler.ch\/de\/wp-json\/wp\/v2\/pages\/1626"}],"wp:attachment":[{"href":"https:\/\/daler.ch\/de\/wp-json\/wp\/v2\/media?parent=2580"}],"curies":[{"name":"wp","href":"https:\/\/api.w.org\/{rel}","templated":true}]}}