{"id":3021,"date":"2020-04-01T17:02:07","date_gmt":"2020-04-01T15:02:07","guid":{"rendered":"https:\/\/www.daler.ch\/?page_id=3021"},"modified":"2025-03-25T17:30:26","modified_gmt":"2025-03-25T16:30:26","slug":"centres-du-cancer","status":"publish","type":"page","link":"https:\/\/daler.ch\/de\/leistungen\/centres-du-cancer\/","title":{"rendered":"Krebszentrum"},"content":{"rendered":"<p><div class=\"fusion-fullwidth fullwidth-box fusion-builder-row-1 fusion-flex-container fusion-parallax-none nonhundred-percent-fullwidth non-hundred-percent-height-scrolling\" style=\"--awb-border-radius-top-left:0px;--awb-border-radius-top-right:0px;--awb-border-radius-bottom-right:0px;--awb-border-radius-bottom-left:0px;--awb-padding-top:185px;--awb-padding-bottom:185px;--awb-margin-bottom:50px;--awb-background-image:url(&quot;https:\/\/daler.ch\/wp-content\/uploads\/2016\/09\/CentreSein.png&quot;);--awb-background-size:cover;--awb-flex-wrap:wrap;\" ><div class=\"fusion-builder-row fusion-row fusion-flex-align-items-flex-start fusion-flex-content-wrap\" style=\"max-width:1144px;margin-left: calc(-4% \/ 2 );margin-right: calc(-4% \/ 2 );\"><div class=\"fusion-layout-column fusion_builder_column fusion-builder-column-0 fusion_builder_column_1_1 1_1 fusion-flex-column\" style=\"--awb-bg-size:cover;--awb-width-large:100%;--awb-margin-top-large:0px;--awb-spacing-right-large:1.92%;--awb-margin-bottom-large:20px;--awb-spacing-left-large:1.92%;--awb-width-medium:100%;--awb-spacing-right-medium:1.92%;--awb-spacing-left-medium:1.92%;--awb-width-small:100%;--awb-spacing-right-small:1.92%;--awb-spacing-left-small:1.92%;\"><div class=\"fusion-column-wrapper fusion-flex-justify-content-flex-start fusion-content-layout-column\"><\/div><\/div><\/div><\/div><div class=\"fusion-fullwidth fullwidth-box fusion-builder-row-2 fusion-flex-container nonhundred-percent-fullwidth non-hundred-percent-height-scrolling\" style=\"--awb-border-radius-top-left:0px;--awb-border-radius-top-right:0px;--awb-border-radius-bottom-right:0px;--awb-border-radius-bottom-left:0px;--awb-flex-wrap:wrap;\" ><div class=\"fusion-builder-row fusion-row fusion-flex-align-items-flex-start fusion-flex-content-wrap\" style=\"max-width:1144px;margin-left: calc(-4% \/ 2 );margin-right: calc(-4% \/ 2 );\"><div class=\"fusion-layout-column fusion_builder_column fusion-builder-column-1 fusion_builder_column_1_1 1_1 fusion-flex-column fusion-flex-align-self-flex-start fusion-column-no-min-height\" style=\"--awb-bg-size:cover;--awb-width-large:100%;--awb-margin-top-large:60px;--awb-spacing-right-large:1.92%;--awb-margin-bottom-large:20px;--awb-spacing-left-large:1.92%;--awb-width-medium:100%;--awb-spacing-right-medium:1.92%;--awb-spacing-left-medium:1.92%;--awb-width-small:100%;--awb-spacing-right-small:1.92%;--awb-spacing-left-small:1.92%;\"><div class=\"fusion-column-wrapper fusion-flex-justify-content-flex-start fusion-content-layout-column\"><div class=\"fusion-title title fusion-title-1 fusion-sep-none fusion-title-text fusion-title-size-two\" style=\"--awb-margin-bottom:10px;\"><h2 class=\"fusion-title-heading title-heading-left fusion-responsive-typography-calculated\" style=\"margin:0;--fontSize:20;--minFontSize:20;line-height:1.5;\">Brustzentrum<\/h2><\/div><div class=\"fusion-separator\" style=\"align-self: flex-start;margin-right:auto;margin-top:0px;margin-bottom:30px;width:100%;max-width:40px;\"><div class=\"fusion-separator-border sep-single sep-solid\" style=\"--awb-height:20px;--awb-amount:20px;--awb-sep-color:#008088;border-color:#008088;border-top-width:2px;\"><\/div><\/div><div class=\"fusion-text fusion-text-1\"><p><strong>Unser Auftrag<\/strong><\/p>\n<p>Am Brustzentrum Freiburg setzen wir alles daran, Brustkrebspatientinnen bestm\u00f6glich zu versorgen, und zwar von der Mitteilung der Diagnose bis zum Abschluss der Therapie.<\/p>\n<p>Spezialistinnen und Spezialisten unterschiedlicher Fachgebiete setzen sich Tag f\u00fcr Tag f\u00fcr die komplexe Behandlung von Brustkrebs ein. Um f\u00fcr die Patientinnen eine umfassende, individuelle und qualitativ hochwertige Behandlung gew\u00e4hrleisten zu k\u00f6nnen, ist eine gute Koordination erforderlich \u2013 dies kann ein Kompetenzzentrum bieten. Aus diesem Grund haben das Daler-Spital, eine als gemeinn\u00fctzig anerkannte Privatklinik, und das freiburger spital (HFR) ihre Expertise vereint und das Brustzentrum Freiburg gegr\u00fcndet.<\/p>\n<p>Dieses auf die Behandlung von Brustkrebs spezialisierte Zentrum koordiniert die betroffenen Kliniken und Abteilungen beider Spit\u00e4ler und bietet den Patientinnen eine Behandlung auf Basis neuster wissenschaftlicher Erkenntnisse. Das Brustzentrum Freiburg ist schweizweit das erste Projekt dieser Art, das gemeinsam von einer Privatklinik und einem \u00f6ffentlichen Spital umgesetzt wurde.<\/p>\n<\/div><\/div><\/div><div class=\"fusion-layout-column fusion_builder_column fusion-builder-column-2 fusion_builder_column_1_2 1_2 fusion-flex-column\" style=\"--awb-bg-size:cover;--awb-width-large:50%;--awb-margin-top-large:0px;--awb-spacing-right-large:3.84%;--awb-margin-bottom-large:20px;--awb-spacing-left-large:3.84%;--awb-width-medium:50%;--awb-spacing-right-medium:3.84%;--awb-spacing-left-medium:3.84%;--awb-width-small:100%;--awb-spacing-right-small:1.92%;--awb-spacing-left-small:1.92%;\"><div class=\"fusion-column-wrapper fusion-flex-justify-content-flex-start fusion-content-layout-column\"><div class=\"fusion-image-element \" style=\"text-align:center;--awb-caption-title-font-family:var(--h2_typography-font-family);--awb-caption-title-font-weight:var(--h2_typography-font-weight);--awb-caption-title-font-style:var(--h2_typography-font-style);--awb-caption-title-size:var(--h2_typography-font-size);--awb-caption-title-transform:var(--h2_typography-text-transform);--awb-caption-title-line-height:var(--h2_typography-line-height);--awb-caption-title-letter-spacing:var(--h2_typography-letter-spacing);\"><span class=\" fusion-imageframe imageframe-none imageframe-1 hover-type-none\"><img decoding=\"async\" width=\"250\" height=\"298\" title=\"CancerSymbol\" src=\"https:\/\/daler.ch\/wp-content\/uploads\/2016\/09\/CancerSymbol.jpg\" alt class=\"img-responsive wp-image-1245\" srcset=\"https:\/\/daler.ch\/wp-content\/uploads\/2016\/09\/CancerSymbol-200x238.jpg 200w, https:\/\/daler.ch\/wp-content\/uploads\/2016\/09\/CancerSymbol.jpg 250w\" sizes=\"(max-width: 640px) 100vw, 250px\" \/><\/span><\/div><\/div><\/div><div class=\"fusion-layout-column fusion_builder_column fusion-builder-column-3 fusion_builder_column_1_2 1_2 fusion-flex-column\" style=\"--awb-bg-size:cover;--awb-width-large:50%;--awb-margin-top-large:0px;--awb-spacing-right-large:3.84%;--awb-margin-bottom-large:20px;--awb-spacing-left-large:3.84%;--awb-width-medium:50%;--awb-spacing-right-medium:3.84%;--awb-spacing-left-medium:3.84%;--awb-width-small:100%;--awb-spacing-right-small:1.92%;--awb-spacing-left-small:1.92%;\"><div class=\"fusion-column-wrapper fusion-flex-justify-content-flex-start fusion-content-layout-column\"><div style=\"text-align:center;\"><a class=\"fusion-button button-3d button-xlarge button-default fusion-button-default button-1 fusion-button-default-span \" target=\"_blank\" rel=\"noopener noreferrer\" href=\"https:\/\/www.centre-du-sein-fribourg.ch\/de\"><span class=\"fusion-button-text\">Besuchen Sie die Internetseite<\/span><\/a><\/div><\/div><\/div><\/div><\/div><div class=\"fusion-fullwidth fullwidth-box fusion-builder-row-3 fusion-flex-container nonhundred-percent-fullwidth non-hundred-percent-height-scrolling\" style=\"--awb-border-radius-top-left:0px;--awb-border-radius-top-right:0px;--awb-border-radius-bottom-right:0px;--awb-border-radius-bottom-left:0px;--awb-margin-top:40px;--awb-margin-bottom:40px;--awb-flex-wrap:wrap;\" ><div class=\"fusion-builder-row fusion-row fusion-flex-align-items-flex-start fusion-flex-content-wrap\" style=\"max-width:1144px;margin-left: calc(-4% \/ 2 );margin-right: calc(-4% \/ 2 );\"><div class=\"fusion-layout-column fusion_builder_column fusion-builder-column-4 fusion_builder_column_1_1 1_1 fusion-flex-column fusion-flex-align-self-flex-start fusion-column-no-min-height\" style=\"--awb-bg-size:cover;--awb-width-large:100%;--awb-margin-top-large:60px;--awb-spacing-right-large:1.92%;--awb-margin-bottom-large:20px;--awb-spacing-left-large:1.92%;--awb-width-medium:100%;--awb-spacing-right-medium:1.92%;--awb-spacing-left-medium:1.92%;--awb-width-small:100%;--awb-spacing-right-small:1.92%;--awb-spacing-left-small:1.92%;\"><div class=\"fusion-column-wrapper fusion-flex-justify-content-flex-start fusion-content-layout-column\"><div class=\"fusion-title title fusion-title-2 fusion-sep-none fusion-title-text fusion-title-size-two\" style=\"--awb-margin-bottom:10px;\"><h2 class=\"fusion-title-heading title-heading-left fusion-responsive-typography-calculated\" style=\"margin:0;--fontSize:20;--minFontSize:20;line-height:1.5;\">Prostatazentrum<\/h2><\/div><div class=\"fusion-separator\" style=\"align-self: flex-start;margin-right:auto;margin-top:0px;margin-bottom:30px;width:100%;max-width:40px;\"><div class=\"fusion-separator-border sep-single sep-solid\" style=\"--awb-height:20px;--awb-amount:20px;--awb-sep-color:#008088;border-color:#008088;border-top-width:2px;\"><\/div><\/div><div class=\"fusion-text fusion-text-2\"><p><strong>Unser Auftrag<\/strong><\/p>\n<p>Am Prostatazentrum Freiburg setzen wir alles daran, an Prostatakrebs erkrankte Patienten vom Zeitpunkt der Diagnose bis zum Abschluss der Behandlung bestm\u00f6glich zu versorgen.<\/p>\n<p>Die Behandlung von Prostatakrebs ist komplex und erfordert die Einbindung von Spezialistinnen und Spezialisten verschiedener Fachgebiete. Ausserdem setzt eine umfassende individuelle Versorgung eine Koordination auf hoher Ebene voraus. Ein Kompetenzzentrum, das sowohl die Qualit\u00e4t der Behandlung als auch die individuelle Betreuung der Patienten sicherstellt, bietet daf\u00fcr die optimalen Voraussetzungen. Um Patienten, die an Prostatakrebs erkrankt sind, die bestm\u00f6gliche Betreuung zu bieten, haben das freiburger spital (HFR) und das Daler-Spital, eine als gemeinn\u00fctzig anerkannte Privatklinik, ihr Expertenwissen vereint und das Prostatazentrum Freiburg gegr\u00fcndet.<\/p>\n<p>Hier werden s\u00e4mtliche involvierten Abteilungen beider Spit\u00e4ler koordiniert. Die Patienten erhalten bei uns die Unterst\u00fctzung, die sie ben\u00f6tigen, und werden auf der Basis der neusten wissenschaftlichen Erkenntnisse medizinisch versorgt und ihre Lebensqualit\u00e4t gef\u00f6rdert.<\/p>\n<p>Das Prostatazentrum Freiburg ist eine Zusammenarbeit zwischen einem \u00f6ffentlichen Spital und einer Privatklinik.<\/p>\n<\/div><\/div><\/div><div class=\"fusion-layout-column fusion_builder_column fusion-builder-column-5 fusion_builder_column_1_2 1_2 fusion-flex-column\" style=\"--awb-bg-size:cover;--awb-width-large:50%;--awb-margin-top-large:0px;--awb-spacing-right-large:3.84%;--awb-margin-bottom-large:20px;--awb-spacing-left-large:3.84%;--awb-width-medium:50%;--awb-spacing-right-medium:3.84%;--awb-spacing-left-medium:3.84%;--awb-width-small:100%;--awb-spacing-right-small:1.92%;--awb-spacing-left-small:1.92%;\"><div class=\"fusion-column-wrapper fusion-flex-justify-content-flex-start fusion-content-layout-column\"><div class=\"fusion-image-element \" style=\"text-align:center;--awb-caption-title-font-family:var(--h2_typography-font-family);--awb-caption-title-font-weight:var(--h2_typography-font-weight);--awb-caption-title-font-style:var(--h2_typography-font-style);--awb-caption-title-size:var(--h2_typography-font-size);--awb-caption-title-transform:var(--h2_typography-text-transform);--awb-caption-title-line-height:var(--h2_typography-line-height);--awb-caption-title-letter-spacing:var(--h2_typography-letter-spacing);\"><span class=\" fusion-imageframe imageframe-none imageframe-2 hover-type-none\"><img decoding=\"async\" width=\"253\" height=\"309\" title=\"CancerSymbol_H\" src=\"https:\/\/daler.ch\/wp-content\/uploads\/2016\/09\/CancerSymbol_H.jpg\" alt class=\"img-responsive wp-image-1255\" srcset=\"https:\/\/daler.ch\/wp-content\/uploads\/2016\/09\/CancerSymbol_H-200x244.jpg 200w, https:\/\/daler.ch\/wp-content\/uploads\/2016\/09\/CancerSymbol_H.jpg 253w\" sizes=\"(max-width: 640px) 100vw, 253px\" \/><\/span><\/div><\/div><\/div><div class=\"fusion-layout-column fusion_builder_column fusion-builder-column-6 fusion_builder_column_1_2 1_2 fusion-flex-column\" style=\"--awb-bg-size:cover;--awb-width-large:50%;--awb-margin-top-large:0px;--awb-spacing-right-large:3.84%;--awb-margin-bottom-large:20px;--awb-spacing-left-large:3.84%;--awb-width-medium:50%;--awb-spacing-right-medium:3.84%;--awb-spacing-left-medium:3.84%;--awb-width-small:100%;--awb-spacing-right-small:1.92%;--awb-spacing-left-small:1.92%;\"><div class=\"fusion-column-wrapper fusion-flex-justify-content-flex-start fusion-content-layout-column\"><div style=\"text-align:center;\"><a class=\"fusion-button button-3d button-xlarge button-default fusion-button-default button-2 fusion-button-default-span \" target=\"_blank\" rel=\"noopener noreferrer\" href=\"http:\/\/www.centre-de-la-prostate-fribourg.ch\/de\/\"><span class=\"fusion-button-text\">Besuchen Sie die Internetseite<\/span><\/a><\/div><\/div><\/div><\/div><\/div><\/p>\n","protected":false},"excerpt":{"rendered":"","protected":false},"author":13,"featured_media":0,"parent":1517,"menu_order":45,"comment_status":"closed","ping_status":"closed","template":"100-width.php","meta":{"footnotes":""},"class_list":["post-3021","page","type-page","status-publish","hentry"],"yoast_head":"<!-- This site is optimized with the Yoast SEO plugin v27.4 - https:\/\/yoast.com\/product\/yoast-seo-wordpress\/ -->\n<title>Krebszentrum - Daler-Spital<\/title>\n<meta name=\"robots\" content=\"index, follow, max-snippet:-1, max-image-preview:large, max-video-preview:-1\" \/>\n<link rel=\"canonical\" href=\"https:\/\/daler.ch\/de\/leistungen\/centres-du-cancer\/\" \/>\n<meta property=\"og:locale\" content=\"de_DE\" \/>\n<meta property=\"og:type\" content=\"article\" \/>\n<meta property=\"og:title\" content=\"Krebszentrum - Daler-Spital\" \/>\n<meta property=\"og:url\" content=\"https:\/\/daler.ch\/de\/leistungen\/centres-du-cancer\/\" \/>\n<meta property=\"og:site_name\" content=\"Daler-Spital\" \/>\n<meta property=\"article:modified_time\" content=\"2025-03-25T16:30:26+00:00\" \/>\n<meta name=\"twitter:card\" content=\"summary_large_image\" \/>\n<meta name=\"twitter:label1\" content=\"Gesch\u00e4tzte Lesezeit\" \/>\n\t<meta name=\"twitter:data1\" content=\"2\u00a0Minuten\" \/>\n<script type=\"application\/ld+json\" class=\"yoast-schema-graph\">{\"@context\":\"https:\\\/\\\/schema.org\",\"@graph\":[{\"@type\":\"WebPage\",\"@id\":\"https:\\\/\\\/daler.ch\\\/de\\\/leistungen\\\/centres-du-cancer\\\/\",\"url\":\"https:\\\/\\\/daler.ch\\\/de\\\/leistungen\\\/centres-du-cancer\\\/\",\"name\":\"Krebszentrum - Daler-Spital\",\"isPartOf\":{\"@id\":\"https:\\\/\\\/daler.ch\\\/#website\"},\"datePublished\":\"2020-04-01T15:02:07+00:00\",\"dateModified\":\"2025-03-25T16:30:26+00:00\",\"breadcrumb\":{\"@id\":\"https:\\\/\\\/daler.ch\\\/de\\\/leistungen\\\/centres-du-cancer\\\/#breadcrumb\"},\"inLanguage\":\"de\",\"potentialAction\":[{\"@type\":\"ReadAction\",\"target\":[\"https:\\\/\\\/daler.ch\\\/de\\\/leistungen\\\/centres-du-cancer\\\/\"]}]},{\"@type\":\"BreadcrumbList\",\"@id\":\"https:\\\/\\\/daler.ch\\\/de\\\/leistungen\\\/centres-du-cancer\\\/#breadcrumb\",\"itemListElement\":[{\"@type\":\"ListItem\",\"position\":1,\"name\":\"Home\",\"item\":\"https:\\\/\\\/daler.ch\\\/de\\\/\"},{\"@type\":\"ListItem\",\"position\":2,\"name\":\"Leistungen\",\"item\":\"https:\\\/\\\/daler.ch\\\/prestations\\\/\"},{\"@type\":\"ListItem\",\"position\":3,\"name\":\"Krebszentrum\"}]},{\"@type\":\"WebSite\",\"@id\":\"https:\\\/\\\/daler.ch\\\/#website\",\"url\":\"https:\\\/\\\/daler.ch\\\/\",\"name\":\"Daler-Spital\",\"description\":\"Hopital Daler\",\"potentialAction\":[{\"@type\":\"SearchAction\",\"target\":{\"@type\":\"EntryPoint\",\"urlTemplate\":\"https:\\\/\\\/daler.ch\\\/?s={search_term_string}\"},\"query-input\":{\"@type\":\"PropertyValueSpecification\",\"valueRequired\":true,\"valueName\":\"search_term_string\"}}],\"inLanguage\":\"de\"}]}<\/script>\n<!-- \/ Yoast SEO plugin. -->","yoast_head_json":{"title":"Krebszentrum - Daler-Spital","robots":{"index":"index","follow":"follow","max-snippet":"max-snippet:-1","max-image-preview":"max-image-preview:large","max-video-preview":"max-video-preview:-1"},"canonical":"https:\/\/daler.ch\/de\/leistungen\/centres-du-cancer\/","og_locale":"de_DE","og_type":"article","og_title":"Krebszentrum - Daler-Spital","og_url":"https:\/\/daler.ch\/de\/leistungen\/centres-du-cancer\/","og_site_name":"Daler-Spital","article_modified_time":"2025-03-25T16:30:26+00:00","twitter_card":"summary_large_image","twitter_misc":{"Gesch\u00e4tzte Lesezeit":"2\u00a0Minuten"},"schema":{"@context":"https:\/\/schema.org","@graph":[{"@type":"WebPage","@id":"https:\/\/daler.ch\/de\/leistungen\/centres-du-cancer\/","url":"https:\/\/daler.ch\/de\/leistungen\/centres-du-cancer\/","name":"Krebszentrum - Daler-Spital","isPartOf":{"@id":"https:\/\/daler.ch\/#website"},"datePublished":"2020-04-01T15:02:07+00:00","dateModified":"2025-03-25T16:30:26+00:00","breadcrumb":{"@id":"https:\/\/daler.ch\/de\/leistungen\/centres-du-cancer\/#breadcrumb"},"inLanguage":"de","potentialAction":[{"@type":"ReadAction","target":["https:\/\/daler.ch\/de\/leistungen\/centres-du-cancer\/"]}]},{"@type":"BreadcrumbList","@id":"https:\/\/daler.ch\/de\/leistungen\/centres-du-cancer\/#breadcrumb","itemListElement":[{"@type":"ListItem","position":1,"name":"Home","item":"https:\/\/daler.ch\/de\/"},{"@type":"ListItem","position":2,"name":"Leistungen","item":"https:\/\/daler.ch\/prestations\/"},{"@type":"ListItem","position":3,"name":"Krebszentrum"}]},{"@type":"WebSite","@id":"https:\/\/daler.ch\/#website","url":"https:\/\/daler.ch\/","name":"Daler-Spital","description":"Hopital Daler","potentialAction":[{"@type":"SearchAction","target":{"@type":"EntryPoint","urlTemplate":"https:\/\/daler.ch\/?s={search_term_string}"},"query-input":{"@type":"PropertyValueSpecification","valueRequired":true,"valueName":"search_term_string"}}],"inLanguage":"de"}]}},"_links":{"self":[{"href":"https:\/\/daler.ch\/de\/wp-json\/wp\/v2\/pages\/3021","targetHints":{"allow":["GET"]}}],"collection":[{"href":"https:\/\/daler.ch\/de\/wp-json\/wp\/v2\/pages"}],"about":[{"href":"https:\/\/daler.ch\/de\/wp-json\/wp\/v2\/types\/page"}],"author":[{"embeddable":true,"href":"https:\/\/daler.ch\/de\/wp-json\/wp\/v2\/users\/13"}],"replies":[{"embeddable":true,"href":"https:\/\/daler.ch\/de\/wp-json\/wp\/v2\/comments?post=3021"}],"version-history":[{"count":10,"href":"https:\/\/daler.ch\/de\/wp-json\/wp\/v2\/pages\/3021\/revisions"}],"predecessor-version":[{"id":7088,"href":"https:\/\/daler.ch\/de\/wp-json\/wp\/v2\/pages\/3021\/revisions\/7088"}],"up":[{"embeddable":true,"href":"https:\/\/daler.ch\/de\/wp-json\/wp\/v2\/pages\/1517"}],"wp:attachment":[{"href":"https:\/\/daler.ch\/de\/wp-json\/wp\/v2\/media?parent=3021"}],"curies":[{"name":"wp","href":"https:\/\/api.w.org\/{rel}","templated":true}]}}