{"id":3152,"date":"2020-04-30T10:57:28","date_gmt":"2020-04-30T08:57:28","guid":{"rendered":"https:\/\/www.daler.ch\/?page_id=3152"},"modified":"2026-04-07T16:04:59","modified_gmt":"2026-04-07T14:04:59","slug":"vorbereitung-2","status":"publish","type":"page","link":"https:\/\/daler.ch\/de\/geburtsabteilung\/vorbereitung-2\/","title":{"rendered":"Vorbereitung"},"content":{"rendered":"<p><div class=\"fusion-fullwidth fullwidth-box fusion-builder-row-1 fusion-flex-container fusion-parallax-none hundred-percent-fullwidth non-hundred-percent-height-scrolling fusion-no-small-visibility\" style=\"--awb-border-radius-top-left:0px;--awb-border-radius-top-right:0px;--awb-border-radius-bottom-right:0px;--awb-border-radius-bottom-left:0px;--awb-padding-top:185px;--awb-padding-bottom:185px;--awb-margin-bottom:50px;--awb-background-image:url(&quot;https:\/\/daler.ch\/wp-content\/uploads\/2017\/07\/presentation_banner-1.jpg&quot;);--awb-background-size:cover;--awb-flex-wrap:wrap;\" ><div class=\"fusion-builder-row fusion-row fusion-flex-align-items-flex-start fusion-flex-content-wrap\" style=\"width:104% !important;max-width:104% !important;margin-left: calc(-4% \/ 2 );margin-right: calc(-4% \/ 2 );\"><div class=\"fusion-layout-column fusion_builder_column fusion-builder-column-0 fusion_builder_column_1_1 1_1 fusion-flex-column\" style=\"--awb-bg-size:cover;--awb-width-large:100%;--awb-margin-top-large:0px;--awb-spacing-right-large:1.92%;--awb-margin-bottom-large:20px;--awb-spacing-left-large:1.92%;--awb-width-medium:100%;--awb-spacing-right-medium:1.92%;--awb-spacing-left-medium:1.92%;--awb-width-small:100%;--awb-spacing-right-small:1.92%;--awb-spacing-left-small:1.92%;\"><div class=\"fusion-column-wrapper fusion-flex-justify-content-flex-start fusion-content-layout-column\"><\/div><\/div><\/div><\/div><div class=\"fusion-fullwidth fullwidth-box fusion-builder-row-2 fusion-flex-container nonhundred-percent-fullwidth non-hundred-percent-height-scrolling\" style=\"--awb-border-radius-top-left:0px;--awb-border-radius-top-right:0px;--awb-border-radius-bottom-right:0px;--awb-border-radius-bottom-left:0px;--awb-padding-top:50px;--awb-padding-bottom:80px;--awb-flex-wrap:wrap;\" ><div class=\"fusion-builder-row fusion-row fusion-flex-align-items-flex-start fusion-flex-content-wrap\" style=\"max-width:1144px;margin-left: calc(-4% \/ 2 );margin-right: calc(-4% \/ 2 );\"><div class=\"fusion-layout-column fusion_builder_column fusion-builder-column-1 fusion_builder_column_1_1 1_1 fusion-flex-column\" style=\"--awb-bg-size:cover;--awb-width-large:100%;--awb-margin-top-large:0px;--awb-spacing-right-large:1.92%;--awb-margin-bottom-large:20px;--awb-spacing-left-large:1.92%;--awb-width-medium:100%;--awb-spacing-right-medium:1.92%;--awb-spacing-left-medium:1.92%;--awb-width-small:100%;--awb-spacing-right-small:1.92%;--awb-spacing-left-small:1.92%;\"><div class=\"fusion-column-wrapper fusion-flex-justify-content-flex-start fusion-content-layout-column\"><div class=\"fusion-text fusion-text-1\"><p style=\"text-align: center;\">Entdecken Sie die Geschichte einer Mutter im Video<\/p>\n<\/div><div class=\"fusion-video fusion-youtube\" style=\"--awb-max-width:600px;--awb-max-height:360px;--awb-align-self:center;--awb-width:100%;\"><div class=\"video-shortcode\"><div class=\"fluid-width-video-wrapper\" style=\"padding-top:60%;\" ><iframe title=\"YouTube video player 1\" src=\"https:\/\/www.youtube.com\/embed\/jjxHN1cusEE?wmode=transparent&autoplay=0\" width=\"600\" height=\"360\" allowfullscreen allow=\"autoplay; fullscreen\"><\/iframe><\/div><\/div><\/div><\/div><\/div><\/div><\/div><div class=\"fusion-fullwidth fullwidth-box fusion-builder-row-3 fusion-flex-container nonhundred-percent-fullwidth non-hundred-percent-height-scrolling\" style=\"--awb-border-radius-top-left:0px;--awb-border-radius-top-right:0px;--awb-border-radius-bottom-right:0px;--awb-border-radius-bottom-left:0px;--awb-flex-wrap:wrap;\" ><div class=\"fusion-builder-row fusion-row fusion-flex-align-items-flex-start fusion-flex-content-wrap\" style=\"max-width:1144px;margin-left: calc(-4% \/ 2 );margin-right: calc(-4% \/ 2 );\"><div class=\"fusion-layout-column fusion_builder_column fusion-builder-column-2 fusion_builder_column_1_1 1_1 fusion-flex-column fusion-flex-align-self-flex-start fusion-column-no-min-height\" style=\"--awb-bg-size:cover;--awb-width-large:100%;--awb-margin-top-large:0px;--awb-spacing-right-large:1.92%;--awb-margin-bottom-large:0px;--awb-spacing-left-large:1.92%;--awb-width-medium:100%;--awb-spacing-right-medium:1.92%;--awb-spacing-left-medium:1.92%;--awb-width-small:100%;--awb-spacing-right-small:1.92%;--awb-spacing-left-small:1.92%;\"><div class=\"fusion-column-wrapper fusion-flex-justify-content-flex-start fusion-content-layout-column\"><div class=\"fusion-title title fusion-title-1 fusion-sep-none fusion-title-text fusion-title-size-two\" style=\"--awb-margin-bottom:10px;\"><h2 class=\"fusion-title-heading title-heading-left fusion-responsive-typography-calculated\" style=\"margin:0;--fontSize:20;--minFontSize:20;line-height:1.5;\">Einige Empfehlungen vor Ihrer Entbindung<\/h2><\/div><div class=\"fusion-separator\" style=\"align-self: flex-start;margin-right:auto;margin-bottom:30px;width:100%;max-width:40px;\"><div class=\"fusion-separator-border sep-single sep-solid\" style=\"--awb-height:20px;--awb-amount:20px;--awb-sep-color:#008a88;border-color:#008a88;border-top-width:2px;\"><\/div><\/div><div class=\"accordian fusion-accordian\" style=\"--awb-border-size:1px;--awb-icon-size:13px;--awb-content-font-size:15px;--awb-icon-alignment:left;--awb-hover-color:#f9f9f9;--awb-border-color:#cccccc;--awb-background-color:#ffffff;--awb-divider-color:#e0dede;--awb-divider-hover-color:#e0dede;--awb-icon-color:#ffffff;--awb-title-color:#008a88;--awb-content-color:#606060;--awb-icon-box-color:#333333;--awb-toggle-hover-accent-color:#008a88;--awb-title-font-family:Arial, Helvetica, sans-serif;--awb-title-font-weight:400;--awb-title-font-style:normal;--awb-title-font-size:14px;--awb-title-line-height:1.5;--awb-content-font-family:Arial, Helvetica, sans-serif;--awb-content-font-style:normal;--awb-content-font-weight:400;\"><div class=\"panel-group fusion-toggle-icon-boxed\" id=\"accordion-3152-1\"><div class=\"fusion-panel panel-default panel-74e4c04bc60a8d2ce fusion-toggle-has-divider\" style=\"--awb-title-color:#008a88;\"><div class=\"panel-heading\"><h4 class=\"panel-title toggle\" id=\"toggle_74e4c04bc60a8d2ce\"><a aria-expanded=\"false\" aria-controls=\"74e4c04bc60a8d2ce\" role=\"button\" data-toggle=\"collapse\" data-parent=\"#accordion-3152-1\" data-target=\"#74e4c04bc60a8d2ce\" href=\"#74e4c04bc60a8d2ce\"><span class=\"fusion-toggle-icon-wrapper\" aria-hidden=\"true\"><i class=\"fa-fusion-box active-icon awb-icon-minus\" aria-hidden=\"true\"><\/i><i class=\"fa-fusion-box inactive-icon awb-icon-plus\" aria-hidden=\"true\"><\/i><\/span><span class=\"fusion-toggle-heading\">Wahl der Geburtsabteilung<\/span><\/a><\/h4><\/div><div id=\"74e4c04bc60a8d2ce\" class=\"panel-collapse collapse \" aria-labelledby=\"toggle_74e4c04bc60a8d2ce\"><div class=\"panel-body toggle-content fusion-clearfix\">\n<p>Sehr viele Gyn\u00e4kologen sind beim Daler Spital akkreditiert; wenn Sie von einem dieser \u00c4rzte betreut werden, steht es Ihnen frei, unsere Geburtsabteilung f\u00fcr die Ankunft Ihres Babys zu w\u00e4hlen.<\/p>\n<p>Falls Ihre Gyn\u00e4kologin oder Ihr Gyn\u00e4kologe nicht bei unserem Spital akkreditiert ist und Sie dennoch in unserer Geburtsabteilung entbinden m\u00f6chten, teilen Sie dies Ihrer \u00c4rztin oder Ihrem Arzt mit. Sie oder er kann Sie an einen unserer <a href=\"https:\/\/daler.ch\/de\/geburtsabteilung\/gynaekologen\/\">Gyn\u00e4kologen<\/a> \u00fcberweisen.<\/p>\n<\/div><\/div><\/div><div class=\"fusion-panel panel-default panel-50af969de400ce468 fusion-toggle-has-divider\" style=\"--awb-title-color:#008a88;\"><div class=\"panel-heading\"><h4 class=\"panel-title toggle\" id=\"toggle_50af969de400ce468\"><a aria-expanded=\"false\" aria-controls=\"50af969de400ce468\" role=\"button\" data-toggle=\"collapse\" data-parent=\"#accordion-3152-1\" data-target=\"#50af969de400ce468\" href=\"#50af969de400ce468\"><span class=\"fusion-toggle-icon-wrapper\" aria-hidden=\"true\"><i class=\"fa-fusion-box active-icon awb-icon-minus\" aria-hidden=\"true\"><\/i><i class=\"fa-fusion-box inactive-icon awb-icon-plus\" aria-hidden=\"true\"><\/i><\/span><span class=\"fusion-toggle-heading\">Schwangerschafts-Untersuchung<\/span><\/a><\/h4><\/div><div id=\"50af969de400ce468\" class=\"panel-collapse collapse \" aria-labelledby=\"toggle_50af969de400ce468\"><div class=\"panel-body toggle-content fusion-clearfix\">\n<p>Ihr Gyn\u00e4kologe betreut und ber\u00e4t Sie w\u00e4hrend Ihrer ganzen Schwangerschaft.<\/p>\n<\/div><\/div><\/div><div class=\"fusion-panel panel-default panel-00a062e02d11ff2ed fusion-toggle-has-divider\" style=\"--awb-title-color:#008a88;\"><div class=\"panel-heading\"><h4 class=\"panel-title toggle\" id=\"toggle_00a062e02d11ff2ed\"><a aria-expanded=\"false\" aria-controls=\"00a062e02d11ff2ed\" role=\"button\" data-toggle=\"collapse\" data-parent=\"#accordion-3152-1\" data-target=\"#00a062e02d11ff2ed\" href=\"#00a062e02d11ff2ed\"><span class=\"fusion-toggle-icon-wrapper\" aria-hidden=\"true\"><i class=\"fa-fusion-box active-icon awb-icon-minus\" aria-hidden=\"true\"><\/i><i class=\"fa-fusion-box inactive-icon awb-icon-plus\" aria-hidden=\"true\"><\/i><\/span><span class=\"fusion-toggle-heading\">Telefongespr\u00e4ch vor der Geburt<\/span><\/a><\/h4><\/div><div id=\"00a062e02d11ff2ed\" class=\"panel-collapse collapse \" aria-labelledby=\"toggle_00a062e02d11ff2ed\"><div class=\"panel-body toggle-content fusion-clearfix\">\n<p>Vor Ihrer Geburt ist ein Telefongespr\u00e4ch mit unserer administrativen Mitarbeiterin vorgesehen. Dieses Gespr\u00e4ch erm\u00f6glicht es uns, Ihren Aufenthalt bestm\u00f6glich vorzubereiten und Ihr Dossier zu vervollst\u00e4ndigen (\u00dcberpr\u00fcfung der administrativen, medizinischen und geburtshilflichen Angaben). Zudem haben Sie Gelegenheit, Ihre Fragen zu stellen und Ihre W\u00fcnsche in Bezug auf die Geburt mitzuteilen.<\/p>\n<p>Wir laden Sie ein, <a href=\"https:\/\/daler.ch\/de\/geburtsabteilung\/kurse\/telefongespraech\/\">einen Termin online<\/a> einen Monat vor dem voraussichtlichen Geburtstermin zu vereinbaren.<\/p>\n<\/div><\/div><\/div><div class=\"fusion-panel panel-default panel-1769b372baaa219dc fusion-toggle-has-divider\" style=\"--awb-title-color:#008a88;\"><div class=\"panel-heading\"><h4 class=\"panel-title toggle\" id=\"toggle_1769b372baaa219dc\"><a aria-expanded=\"false\" aria-controls=\"1769b372baaa219dc\" role=\"button\" data-toggle=\"collapse\" data-parent=\"#accordion-3152-1\" data-target=\"#1769b372baaa219dc\" href=\"#1769b372baaa219dc\"><span class=\"fusion-toggle-icon-wrapper\" aria-hidden=\"true\"><i class=\"fa-fusion-box active-icon awb-icon-minus\" aria-hidden=\"true\"><\/i><i class=\"fa-fusion-box inactive-icon awb-icon-plus\" aria-hidden=\"true\"><\/i><\/span><span class=\"fusion-toggle-heading\">Besichtigung der Geburtsabteilung<\/span><\/a><\/h4><\/div><div id=\"1769b372baaa219dc\" class=\"panel-collapse collapse \" aria-labelledby=\"toggle_1769b372baaa219dc\"><div class=\"panel-body toggle-content fusion-clearfix\">\n<p>Bei Bedarf k\u00f6nnen Sie unsere Geburtsabteilung gerne jeweils am ersten und dritten Samstag des Monats besichtigen. Damit wir uns optimal auf Ihren Besuch vorbereiten k\u00f6nnen, <strong>melden Sie sich<\/strong> bitte <strong>am Morgen<\/strong> der Besichtigung unter <strong>026 429 93 60, <\/strong>um die Uhrzeit zu vereinbaren. Eine Hebamme wird Ihnen die Geb\u00e4rs\u00e4le je nach Verf\u00fcgbarkeit zeigen.<\/p>\n<p>Wenn Sie an einem Geburtsvorbereitungskurs des Daler Spitals teilnehmen, ist die Besichtigung der Geb\u00e4rs\u00e4le Teil des Programms und wird von der Hebamme, die den Kurs leitet, durchgef\u00fchrt.<\/p>\n<p>Schlie\u00dflich ist auch ein <strong>immersives 360\u00b0-Video<\/strong> der Geb\u00e4rs\u00e4le online verf\u00fcgbar. Klicken Sie <a href=\"https:\/\/daler.ch\/de\/geburtsabteilung\/gebarsalen\/\" target=\"_blank\" rel=\"noopener\">hier<\/a>, um den Rundgang zu starten und die R\u00e4umlichkeiten zu entdecken.<\/p>\n<\/div><\/div><\/div><div class=\"fusion-panel panel-default panel-7e8a1488f2546f772 fusion-toggle-has-divider\" style=\"--awb-title-color:#008a88;\"><div class=\"panel-heading\"><h4 class=\"panel-title toggle\" id=\"toggle_7e8a1488f2546f772\"><a aria-expanded=\"false\" aria-controls=\"7e8a1488f2546f772\" role=\"button\" data-toggle=\"collapse\" data-parent=\"#accordion-3152-1\" data-target=\"#7e8a1488f2546f772\" href=\"#7e8a1488f2546f772\"><span class=\"fusion-toggle-icon-wrapper\" aria-hidden=\"true\"><i class=\"fa-fusion-box active-icon awb-icon-minus\" aria-hidden=\"true\"><\/i><i class=\"fa-fusion-box inactive-icon awb-icon-plus\" aria-hidden=\"true\"><\/i><\/span><span class=\"fusion-toggle-heading\">Checkliste Koffer<\/span><\/a><\/h4><\/div><div id=\"7e8a1488f2546f772\" class=\"panel-collapse collapse \" aria-labelledby=\"toggle_7e8a1488f2546f772\"><div class=\"panel-body toggle-content fusion-clearfix\">\n<p>Das sollten Sie mitnehmen :<\/p>\n<ul>\n<li>Bequeme Kleidung (geeignet zum Stillen, wenn Sie das m\u00f6chten)<\/li>\n<li>Hausschuhe*<\/li>\n<li>Necessaire*<\/li>\n<li>Babykleider f\u00fcr den Spitalaustritt<\/li>\n<li>Ihre Medikamentenliste<\/li>\n<\/ul>\n<p>*Patientinnen, die halbprivat oder privat versichert sind, erhalten ein Necessaire sowie ein Paar Hausschuhe geschenkt.<\/p>\n<\/div><\/div><\/div><div class=\"fusion-panel panel-default panel-f0d55f307fa02f7bc fusion-toggle-has-divider\" style=\"--awb-title-color:#008a88;\"><div class=\"panel-heading\"><h4 class=\"panel-title toggle\" id=\"toggle_f0d55f307fa02f7bc\"><a aria-expanded=\"false\" aria-controls=\"f0d55f307fa02f7bc\" role=\"button\" data-toggle=\"collapse\" data-parent=\"#accordion-3152-1\" data-target=\"#f0d55f307fa02f7bc\" href=\"#f0d55f307fa02f7bc\"><span class=\"fusion-toggle-icon-wrapper\" aria-hidden=\"true\"><i class=\"fa-fusion-box active-icon awb-icon-minus\" aria-hidden=\"true\"><\/i><i class=\"fa-fusion-box inactive-icon awb-icon-plus\" aria-hidden=\"true\"><\/i><\/span><span class=\"fusion-toggle-heading\">Checkliste Dokumente<\/span><\/a><\/h4><\/div><div id=\"f0d55f307fa02f7bc\" class=\"panel-collapse collapse \" aria-labelledby=\"toggle_f0d55f307fa02f7bc\"><div class=\"panel-body toggle-content fusion-clearfix\">\n<p>Bitte bringen Sie die folgenden Dokumente mit ins Spital.<\/p>\n<p><strong>Medizinische Unterlagen<\/strong><\/p>\n<ul>\n<li>Blutgruppenausweis<\/li>\n<li>An\u00e4sthesie-Fragebogen (ausgef\u00fcllt und unterzeichnet)<\/li>\n<li>Impfausweis<\/li>\n<\/ul>\n<p><strong>Administrative Unterlagen<\/strong><\/p>\n<ul>\n<li>Krankenversicherungskarte<\/li>\n<li>Einverst\u00e4ndniserkl\u00e4rung (ausgef\u00fcllt und unterzeichnet)<\/li>\n<\/ul>\n<p>***<\/p>\n<p>Denken Sie zudem an die n\u00f6tigen amtlichen Dokumente, ja nach Ihrem Status.<\/p>\n<p>S\u00e4mtliche Dokumente m\u00fcssen im Original vorgelegt werden und d\u00fcrfen nicht \u00e4lter als 6 Monate sein. Unterlagen, die in einer anderen Sprache als den offiziellen Schweizer Landessprachen vorliegen, m\u00fcssen mit einer beglaubigten franz\u00f6sischen, deutschen oder italienischen \u00dcbersetzung versehen sein.<\/p>\n<p>Das Familienb\u00fcchlein (oder der Familienausweis), das beim Zivilstandsamt eingereicht wurde, wird an Sie zur\u00fcckgesandt, sobald die Anmeldung vorgenommen wurde. F\u00fcr den administrativen Aufwand verrechnet das Daler Spital eine Pauschalgeb\u00fchr von 25 Franken. Die Geburts-<br \/>\nurkunde ist in dieser Pauschale nicht inbegriffen.<\/p>\n<p>Im Falle einer Namens- oder Adress\u00e4nderung bitten wir Sie, die Abteilung Patientenaufnahme schnellstm\u00f6glich per E-Mail (admissions@daler.ch) zu informieren.<\/p>\n<p>***<\/p>\n<p><strong>Verheiratete Eltern schweizerischer Herkunft oder mit einem Ehepartner schweizerischer Herkunft:<\/strong><\/p>\n<ul>\n<li>Familienb\u00fcchlein oder Familienausweis (Original)<\/li>\n<li>Aufenthaltsbewilligung und Pass des ausl\u00e4ndischen Ehepartners (f\u00fcr Portugal: Identit\u00e4tskarte)<\/li>\n<li>Wohnsitzbescheinigung der Mutter und des Vaters<\/li>\n<li>Pass oder Identit\u00e4tskarte der Mutter und des Vaters<\/li>\n<\/ul>\n<p><strong>Eltern ausl\u00e4ndischer Herkunft, die in der Schweiz geheiratet habe:<\/strong><\/p>\n<ul>\n<li>Familienb\u00fcchlein oder Familienausweis (Original)<\/li>\n<li>Aufenthaltsbewilligung der Mutter und des Vaters<\/li>\n<li>Pass oder Identit\u00e4tskarte der Mutter und des Vaters (f\u00fcr Portugal: Identit\u00e4tskarte)<\/li>\n<li>Wohnsitzbescheinigung<\/li>\n<\/ul>\n<p><strong>Eltern ausl\u00e4ndischer Herkunft, die im Ausland geheiratet haben:<\/strong><\/p>\n<ul>\n<li>Heiratsurkunde (internationales Formular)<\/li>\n<li>Geburtsurkunden der Mutter und des Vaters mit Angaben der Abstammung (internationales Formular)<\/li>\n<li>Aufenthaltsbewilligung der Mutter und des Vaters<\/li>\n<li>Pass der Mutter und des Vaters (f\u00fcr Portugal: Identit\u00e4tskarte)<\/li>\n<li>Wohnsitzbescheinigung der Mutter und des Vaters<\/li>\n<\/ul>\n<p><strong>Ledige Mutter schweizerischer Herkunft:<\/strong><\/p>\n<ul>\n<li>Geburtsurkunde der Mutter<\/li>\n<li>Best\u00e4tigung der Kindesanerkennung (wenn das Kind vor seiner Geburt vom Vater anerkannt wurde<\/li>\n<li>Wohnsitzbescheinigung der Mutter (wenn das Kind nicht vom Vater anerkannt wurde)<\/li>\n<li>Ausweis der Mutter (wenn das Kind nicht vom Vater anerkannt wurde<\/li>\n<\/ul>\n<p><strong>Ledige Mutter ausl\u00e4ndischer Herkunft:<\/strong><\/p>\n<ul>\n<li>Geburtsurkunde der Mutter<\/li>\n<li>Best\u00e4tigung der Kindesanerkennung (wenn das Kind vor seiner Geburt vom Vater anerkannt wurde), welche die Geburtsurkunde sowie die Ledigkeitsbescheinigung ersetzt<\/li>\n<li>Aufenthaltsbewilligung der Mutter<\/li>\n<li>Pass oder Identit\u00e4tskarte der Mutter (f\u00fcr Portugal: Identit\u00e4tskarte)<\/li>\n<li>Wohnsitzbescheinigung der Mutter<\/li>\n<\/ul>\n<p>Anmerkungen: Verheiratete Frauenpaare m\u00fcssen zus\u00e4tzlich zu den anderen Unterlagen ein Arztzeugnis vorlegen, das best\u00e4tigt, dass die Empf\u00e4ngnis durch eine Samenspende gem\u00e4ss dem Fortpflanzungsmedizingesetz zustande gekommen ist.<\/p>\n<\/div><\/div><\/div><div class=\"fusion-panel panel-default panel-916f859a6706c91dc fusion-toggle-has-divider\" style=\"--awb-title-color:#008a88;\"><div class=\"panel-heading\"><h4 class=\"panel-title toggle\" id=\"toggle_916f859a6706c91dc\"><a aria-expanded=\"false\" aria-controls=\"916f859a6706c91dc\" role=\"button\" data-toggle=\"collapse\" data-parent=\"#accordion-3152-1\" data-target=\"#916f859a6706c91dc\" href=\"#916f859a6706c91dc\"><span class=\"fusion-toggle-icon-wrapper\" aria-hidden=\"true\"><i class=\"fa-fusion-box active-icon awb-icon-minus\" aria-hidden=\"true\"><\/i><i class=\"fa-fusion-box inactive-icon awb-icon-plus\" aria-hidden=\"true\"><\/i><\/span><span class=\"fusion-toggle-heading\">Kurse vor und nach der Geburt<\/span><\/a><\/h4><\/div><div id=\"916f859a6706c91dc\" class=\"panel-collapse collapse \" aria-labelledby=\"toggle_916f859a6706c91dc\"><div class=\"panel-body toggle-content fusion-clearfix\">\n<p>Damit Sie sich so gut wie m\u00f6glich auf die Ankunft Ihres Kindes vorbereiten k\u00f6nnen, bieten wir Ihnen verschiedene Kurse an, die Sie vor oder nach der Geburt besuchen k\u00f6nnen.<\/p>\n<p>Alle Informationen zu den Kursen finden Sie auf unserer Webseite unter der Rubrik \u201e<a href=\"https:\/\/daler.ch\/de\/geburtsabteilung\/kurse\/\" target=\"_blank\" rel=\"noopener\">Unsere Kurse<\/a>\u201c.<\/p>\n<\/div><\/div><\/div><\/div><\/div><div class=\"fusion-separator\" style=\"align-self: flex-start;margin-right:auto;margin-bottom:30px;width:100%;max-width:40px;\"><div class=\"fusion-separator-border sep-single sep-solid\" style=\"--awb-height:20px;--awb-amount:20px;--awb-sep-color:#008088;border-color:#008088;border-top-width:2px;\"><\/div><\/div><\/div><\/div><\/div><\/div><\/p>\n","protected":false},"excerpt":{"rendered":"","protected":false},"author":13,"featured_media":0,"parent":1605,"menu_order":2,"comment_status":"closed","ping_status":"closed","template":"100-width.php","meta":{"footnotes":""},"class_list":["post-3152","page","type-page","status-publish","hentry"],"yoast_head":"<!-- This site is optimized with the Yoast SEO plugin v27.5 - https:\/\/yoast.com\/product\/yoast-seo-wordpress\/ -->\n<title>Vorbereitung - Daler-Spital<\/title>\n<meta name=\"robots\" content=\"index, follow, max-snippet:-1, max-image-preview:large, max-video-preview:-1\" \/>\n<link rel=\"canonical\" href=\"https:\/\/daler.ch\/de\/geburtsabteilung\/vorbereitung-2\/\" \/>\n<meta property=\"og:locale\" content=\"de_DE\" \/>\n<meta property=\"og:type\" content=\"article\" \/>\n<meta property=\"og:title\" content=\"Vorbereitung - Daler-Spital\" \/>\n<meta property=\"og:url\" content=\"https:\/\/daler.ch\/de\/geburtsabteilung\/vorbereitung-2\/\" \/>\n<meta property=\"og:site_name\" content=\"Daler-Spital\" \/>\n<meta property=\"article:modified_time\" content=\"2026-04-07T14:04:59+00:00\" \/>\n<meta name=\"twitter:card\" content=\"summary_large_image\" \/>\n<meta name=\"twitter:label1\" content=\"Gesch\u00e4tzte Lesezeit\" \/>\n\t<meta name=\"twitter:data1\" content=\"4\u00a0Minuten\" \/>\n<script type=\"application\/ld+json\" class=\"yoast-schema-graph\">{\"@context\":\"https:\\\/\\\/schema.org\",\"@graph\":[{\"@type\":\"WebPage\",\"@id\":\"https:\\\/\\\/daler.ch\\\/de\\\/geburtsabteilung\\\/vorbereitung-2\\\/\",\"url\":\"https:\\\/\\\/daler.ch\\\/de\\\/geburtsabteilung\\\/vorbereitung-2\\\/\",\"name\":\"Vorbereitung - Daler-Spital\",\"isPartOf\":{\"@id\":\"https:\\\/\\\/daler.ch\\\/#website\"},\"datePublished\":\"2020-04-30T08:57:28+00:00\",\"dateModified\":\"2026-04-07T14:04:59+00:00\",\"breadcrumb\":{\"@id\":\"https:\\\/\\\/daler.ch\\\/de\\\/geburtsabteilung\\\/vorbereitung-2\\\/#breadcrumb\"},\"inLanguage\":\"de\",\"potentialAction\":[{\"@type\":\"ReadAction\",\"target\":[\"https:\\\/\\\/daler.ch\\\/de\\\/geburtsabteilung\\\/vorbereitung-2\\\/\"]}]},{\"@type\":\"BreadcrumbList\",\"@id\":\"https:\\\/\\\/daler.ch\\\/de\\\/geburtsabteilung\\\/vorbereitung-2\\\/#breadcrumb\",\"itemListElement\":[{\"@type\":\"ListItem\",\"position\":1,\"name\":\"Home\",\"item\":\"https:\\\/\\\/daler.ch\\\/de\\\/\"},{\"@type\":\"ListItem\",\"position\":2,\"name\":\"Geburtsabteilung\",\"item\":\"https:\\\/\\\/daler.ch\\\/de\\\/geburtsabteilung\\\/\"},{\"@type\":\"ListItem\",\"position\":3,\"name\":\"Vorbereitung\"}]},{\"@type\":\"WebSite\",\"@id\":\"https:\\\/\\\/daler.ch\\\/#website\",\"url\":\"https:\\\/\\\/daler.ch\\\/\",\"name\":\"Daler-Spital\",\"description\":\"Hopital Daler\",\"potentialAction\":[{\"@type\":\"SearchAction\",\"target\":{\"@type\":\"EntryPoint\",\"urlTemplate\":\"https:\\\/\\\/daler.ch\\\/?s={search_term_string}\"},\"query-input\":{\"@type\":\"PropertyValueSpecification\",\"valueRequired\":true,\"valueName\":\"search_term_string\"}}],\"inLanguage\":\"de\"}]}<\/script>\n<!-- \/ Yoast SEO plugin. -->","yoast_head_json":{"title":"Vorbereitung - Daler-Spital","robots":{"index":"index","follow":"follow","max-snippet":"max-snippet:-1","max-image-preview":"max-image-preview:large","max-video-preview":"max-video-preview:-1"},"canonical":"https:\/\/daler.ch\/de\/geburtsabteilung\/vorbereitung-2\/","og_locale":"de_DE","og_type":"article","og_title":"Vorbereitung - Daler-Spital","og_url":"https:\/\/daler.ch\/de\/geburtsabteilung\/vorbereitung-2\/","og_site_name":"Daler-Spital","article_modified_time":"2026-04-07T14:04:59+00:00","twitter_card":"summary_large_image","twitter_misc":{"Gesch\u00e4tzte Lesezeit":"4\u00a0Minuten"},"schema":{"@context":"https:\/\/schema.org","@graph":[{"@type":"WebPage","@id":"https:\/\/daler.ch\/de\/geburtsabteilung\/vorbereitung-2\/","url":"https:\/\/daler.ch\/de\/geburtsabteilung\/vorbereitung-2\/","name":"Vorbereitung - Daler-Spital","isPartOf":{"@id":"https:\/\/daler.ch\/#website"},"datePublished":"2020-04-30T08:57:28+00:00","dateModified":"2026-04-07T14:04:59+00:00","breadcrumb":{"@id":"https:\/\/daler.ch\/de\/geburtsabteilung\/vorbereitung-2\/#breadcrumb"},"inLanguage":"de","potentialAction":[{"@type":"ReadAction","target":["https:\/\/daler.ch\/de\/geburtsabteilung\/vorbereitung-2\/"]}]},{"@type":"BreadcrumbList","@id":"https:\/\/daler.ch\/de\/geburtsabteilung\/vorbereitung-2\/#breadcrumb","itemListElement":[{"@type":"ListItem","position":1,"name":"Home","item":"https:\/\/daler.ch\/de\/"},{"@type":"ListItem","position":2,"name":"Geburtsabteilung","item":"https:\/\/daler.ch\/de\/geburtsabteilung\/"},{"@type":"ListItem","position":3,"name":"Vorbereitung"}]},{"@type":"WebSite","@id":"https:\/\/daler.ch\/#website","url":"https:\/\/daler.ch\/","name":"Daler-Spital","description":"Hopital Daler","potentialAction":[{"@type":"SearchAction","target":{"@type":"EntryPoint","urlTemplate":"https:\/\/daler.ch\/?s={search_term_string}"},"query-input":{"@type":"PropertyValueSpecification","valueRequired":true,"valueName":"search_term_string"}}],"inLanguage":"de"}]}},"_links":{"self":[{"href":"https:\/\/daler.ch\/de\/wp-json\/wp\/v2\/pages\/3152","targetHints":{"allow":["GET"]}}],"collection":[{"href":"https:\/\/daler.ch\/de\/wp-json\/wp\/v2\/pages"}],"about":[{"href":"https:\/\/daler.ch\/de\/wp-json\/wp\/v2\/types\/page"}],"author":[{"embeddable":true,"href":"https:\/\/daler.ch\/de\/wp-json\/wp\/v2\/users\/13"}],"replies":[{"embeddable":true,"href":"https:\/\/daler.ch\/de\/wp-json\/wp\/v2\/comments?post=3152"}],"version-history":[{"count":31,"href":"https:\/\/daler.ch\/de\/wp-json\/wp\/v2\/pages\/3152\/revisions"}],"predecessor-version":[{"id":7645,"href":"https:\/\/daler.ch\/de\/wp-json\/wp\/v2\/pages\/3152\/revisions\/7645"}],"up":[{"embeddable":true,"href":"https:\/\/daler.ch\/de\/wp-json\/wp\/v2\/pages\/1605"}],"wp:attachment":[{"href":"https:\/\/daler.ch\/de\/wp-json\/wp\/v2\/media?parent=3152"}],"curies":[{"name":"wp","href":"https:\/\/api.w.org\/{rel}","templated":true}]}}