{"id":6099,"date":"2023-11-13T11:58:03","date_gmt":"2023-11-13T10:58:03","guid":{"rendered":"https:\/\/daler.ch\/?page_id=6099"},"modified":"2026-04-08T16:24:43","modified_gmt":"2026-04-08T14:24:43","slug":"nach-dem-eingriff","status":"publish","type":"page","link":"https:\/\/daler.ch\/de\/ambulante-operation\/nach-dem-eingriff\/","title":{"rendered":"Nach dem Eingriff"},"content":{"rendered":"<p><div class=\"fusion-fullwidth fullwidth-box fusion-builder-row-1 fusion-flex-container fusion-parallax-none hundred-percent-fullwidth non-hundred-percent-height-scrolling fusion-no-small-visibility\" style=\"--awb-border-radius-top-left:0px;--awb-border-radius-top-right:0px;--awb-border-radius-bottom-right:0px;--awb-border-radius-bottom-left:0px;--awb-padding-top:185px;--awb-padding-bottom:185px;--awb-margin-bottom:50px;--awb-background-image:url(&quot;https:\/\/daler.ch\/wp-content\/uploads\/2019\/04\/Daler_lot1_072015_027-e1556008388450.jpg&quot;);--awb-background-size:cover;--awb-flex-wrap:wrap;\" ><div class=\"fusion-builder-row fusion-row fusion-flex-align-items-flex-start fusion-flex-content-wrap\" style=\"width:104% !important;max-width:104% !important;margin-left: calc(-4% \/ 2 );margin-right: calc(-4% \/ 2 );\"><div class=\"fusion-layout-column fusion_builder_column fusion-builder-column-0 fusion_builder_column_1_1 1_1 fusion-flex-column\" style=\"--awb-bg-size:cover;--awb-width-large:100%;--awb-margin-top-large:0px;--awb-spacing-right-large:1.92%;--awb-margin-bottom-large:20px;--awb-spacing-left-large:1.92%;--awb-width-medium:100%;--awb-spacing-right-medium:1.92%;--awb-spacing-left-medium:1.92%;--awb-width-small:100%;--awb-spacing-right-small:1.92%;--awb-spacing-left-small:1.92%;\"><div class=\"fusion-column-wrapper fusion-flex-justify-content-flex-start fusion-content-layout-column\"><\/div><\/div><\/div><\/div><div class=\"fusion-fullwidth fullwidth-box fusion-builder-row-2 fusion-flex-container nonhundred-percent-fullwidth non-hundred-percent-height-scrolling\" style=\"--awb-border-radius-top-left:0px;--awb-border-radius-top-right:0px;--awb-border-radius-bottom-right:0px;--awb-border-radius-bottom-left:0px;--awb-flex-wrap:wrap;\" ><div class=\"fusion-builder-row fusion-row fusion-flex-align-items-flex-start fusion-flex-content-wrap\" style=\"max-width:1144px;margin-left: calc(-4% \/ 2 );margin-right: calc(-4% \/ 2 );\"><div class=\"fusion-layout-column fusion_builder_column fusion-builder-column-1 fusion_builder_column_1_1 1_1 fusion-flex-column fusion-flex-align-self-flex-start fusion-column-no-min-height\" style=\"--awb-bg-size:cover;--awb-width-large:100%;--awb-margin-top-large:0px;--awb-spacing-right-large:1.92%;--awb-margin-bottom-large:20px;--awb-spacing-left-large:1.92%;--awb-width-medium:100%;--awb-spacing-right-medium:1.92%;--awb-spacing-left-medium:1.92%;--awb-width-small:100%;--awb-spacing-right-small:1.92%;--awb-spacing-left-small:1.92%;\"><div class=\"fusion-column-wrapper fusion-flex-justify-content-flex-start fusion-content-layout-column\"><div class=\"fusion-title title fusion-title-1 fusion-sep-none fusion-title-text fusion-title-size-two\" style=\"--awb-margin-bottom:10px;\"><h2 class=\"fusion-title-heading title-heading-left fusion-responsive-typography-calculated\" style=\"margin:0;--fontSize:20;--minFontSize:20;line-height:1.5;\">Postoperative Nachsorge<\/h2><\/div><div class=\"fusion-separator\" style=\"align-self: flex-start;margin-right:auto;margin-bottom:30px;width:100%;max-width:40px;\"><div class=\"fusion-separator-border sep-single sep-solid\" style=\"--awb-height:20px;--awb-amount:20px;--awb-sep-color:#008088;border-color:#008088;border-top-width:2px;\"><\/div><\/div><div class=\"fusion-text fusion-text-1\"><p>Entsprechend dem durchgef\u00fchrten Eingriff und dem An\u00e4sthesieverfahren werden Sie im Aufwachraum \u00fcberwacht und anschliessend noch einmal in die ambulante Tagesklinik gebracht, wo Sie vom Pflegepersonal weiter versorgt werden. Zu diesem Zweck m\u00fcssen Sie je nach An\u00e4sthesieverfahren f\u00fcr <u>mindestens zwei bis sechs Stunden<\/u> nach Ihrem Eingriff im Spital bleiben. Bitte teilen Sie dem Pflegepersonal mit, wenn Sie unter Schmerzen, Schwindel oder einer anderen Form von Unwohlsein leiden.<\/p>\n<\/div><\/div><\/div><div class=\"fusion-layout-column fusion_builder_column fusion-builder-column-2 fusion_builder_column_1_1 1_1 fusion-flex-column fusion-flex-align-self-flex-start fusion-column-no-min-height\" style=\"--awb-bg-size:cover;--awb-width-large:100%;--awb-margin-top-large:60px;--awb-spacing-right-large:1.92%;--awb-margin-bottom-large:20px;--awb-spacing-left-large:1.92%;--awb-width-medium:100%;--awb-order-medium:0;--awb-spacing-right-medium:1.92%;--awb-spacing-left-medium:1.92%;--awb-width-small:100%;--awb-order-small:0;--awb-spacing-right-small:1.92%;--awb-spacing-left-small:1.92%;\"><div class=\"fusion-column-wrapper fusion-column-has-shadow fusion-flex-justify-content-flex-start fusion-content-layout-column\"><div class=\"fusion-title title fusion-title-2 fusion-sep-none fusion-title-text fusion-title-size-two\" style=\"--awb-margin-bottom:10px;\"><h2 class=\"fusion-title-heading title-heading-left fusion-responsive-typography-calculated\" style=\"margin:0;--fontSize:20;--minFontSize:20;line-height:1.5;\">Verpflegung<\/h2><\/div><div class=\"fusion-separator\" style=\"align-self: flex-start;margin-right:auto;margin-bottom:30px;width:100%;max-width:40px;\"><div class=\"fusion-separator-border sep-single sep-solid\" style=\"--awb-height:20px;--awb-amount:20px;--awb-sep-color:#008088;border-color:#008088;border-top-width:2px;\"><\/div><\/div><div class=\"fusion-text fusion-text-2\"><p>Vor Ihrer Entlassung erhalten Sie eine leichte kalte Mahlzeit. Diese wird nicht mit der Versicherung verrechnet, sondern vom Daler Spital offeriert. Bitte informieren Sie uns, wenn Sie an einer Lebensmittelallergie leiden oder eine spezielle Di\u00e4t einhalten m\u00fcssen.<\/p>\n<\/div><\/div><\/div><div class=\"fusion-layout-column fusion_builder_column fusion-builder-column-3 fusion_builder_column_1_1 1_1 fusion-flex-column fusion-flex-align-self-flex-start fusion-column-no-min-height\" style=\"--awb-bg-size:cover;--awb-width-large:100%;--awb-margin-top-large:60px;--awb-spacing-right-large:1.92%;--awb-margin-bottom-large:20px;--awb-spacing-left-large:1.92%;--awb-width-medium:100%;--awb-order-medium:0;--awb-spacing-right-medium:1.92%;--awb-spacing-left-medium:1.92%;--awb-width-small:100%;--awb-order-small:0;--awb-spacing-right-small:1.92%;--awb-spacing-left-small:1.92%;\"><div class=\"fusion-column-wrapper fusion-column-has-shadow fusion-flex-justify-content-flex-start fusion-content-layout-column\"><div class=\"fusion-title title fusion-title-3 fusion-sep-none fusion-title-text fusion-title-size-two\" style=\"--awb-margin-bottom:10px;\"><h2 class=\"fusion-title-heading title-heading-left fusion-responsive-typography-calculated\" style=\"margin:0;--fontSize:20;--minFontSize:20;line-height:1.5;\">Entlassung<\/h2><\/div><div class=\"fusion-separator\" style=\"align-self: flex-start;margin-right:auto;margin-bottom:30px;width:100%;max-width:40px;\"><div class=\"fusion-separator-border sep-single sep-solid\" style=\"--awb-height:20px;--awb-amount:20px;--awb-sep-color:#008088;border-color:#008088;border-top-width:2px;\"><\/div><\/div><div class=\"fusion-text fusion-text-3\"><p>Sobald Sie die Kriterien f\u00fcr den Spitalaustritt erf\u00fcllen, bestimmen Ihre Chirurgin\/Ihr Chirurg und Ihre An\u00e4sthesistin\/Ihr An\u00e4sthesist, wann Sie entlassen werden k\u00f6nnen. Das Pflegepersonal pr\u00fcft gemeinsam mit Ihnen anhand einer Checkliste, dass Sie bei Ihrer Entlassung alle notwendigen Informationen erhalten haben. Aus organisatorischen Gr\u00fcnden kann es vorkommen, dass wir Sie bitten, bis zur Arztvisite im ambulanten Wartezimmer oder in der Cafeteria zu warten, sofern Ihr Zustand es zul\u00e4sst und Sie die Austrittskriterien erf\u00fcllen. Wenn Sie nach Ihrer Operation weiter \u00fcberwacht werden m\u00fcssen, kann Ihre \u00c4rztin\/Ihr Arzt entscheiden, dass Sie noch eine Nacht im Spital bleiben m\u00fcssen.<\/p>\n<\/div><\/div><\/div><div class=\"fusion-layout-column fusion_builder_column fusion-builder-column-4 fusion_builder_column_1_1 1_1 fusion-flex-column fusion-flex-align-self-flex-start fusion-column-no-min-height\" style=\"--awb-bg-size:cover;--awb-width-large:100%;--awb-margin-top-large:60px;--awb-spacing-right-large:1.92%;--awb-margin-bottom-large:20px;--awb-spacing-left-large:1.92%;--awb-width-medium:100%;--awb-order-medium:0;--awb-spacing-right-medium:1.92%;--awb-spacing-left-medium:1.92%;--awb-width-small:100%;--awb-order-small:0;--awb-spacing-right-small:1.92%;--awb-spacing-left-small:1.92%;\"><div class=\"fusion-column-wrapper fusion-column-has-shadow fusion-flex-justify-content-flex-start fusion-content-layout-column\"><div class=\"fusion-title title fusion-title-4 fusion-sep-none fusion-title-text fusion-title-size-two\" style=\"--awb-margin-bottom:10px;\"><h2 class=\"fusion-title-heading title-heading-left fusion-responsive-typography-calculated\" style=\"margin:0;--fontSize:20;--minFontSize:20;line-height:1.5;\">Zu Hause<\/h2><\/div><div class=\"fusion-separator\" style=\"align-self: flex-start;margin-right:auto;margin-bottom:30px;width:100%;max-width:40px;\"><div class=\"fusion-separator-border sep-single sep-solid\" style=\"--awb-height:20px;--awb-amount:20px;--awb-sep-color:#008088;border-color:#008088;border-top-width:2px;\"><\/div><\/div><div class=\"fusion-text fusion-text-4\"><p>Befolgen Sie die Anweisungen Ihrer \u00c4rztin\/Ihres Arztes. Wir empfehlen Ihnen, die Nacht nach dem Eingriff nicht alleine zu verbringen.<\/p>\n<p>Bei Problemen k\u00f6nnen Sie:<\/p>\n<ul>\n<li>Ihre Chirurgin\/Ihren Chirurgen anrufen<\/li>\n<li>das Daler Spital unter der Telefonnummer 026 429 94 80 anrufen<br \/>\n(ausserhalb der Sprechzeiten Ihrer Chirurgin\/Ihres Chirurgen)<\/li>\n<\/ul>\n<\/div><\/div><\/div><div class=\"fusion-layout-column fusion_builder_column fusion-builder-column-5 fusion_builder_column_1_1 1_1 fusion-flex-column fusion-flex-align-self-flex-start fusion-column-no-min-height\" style=\"--awb-bg-size:cover;--awb-width-large:100%;--awb-margin-top-large:60px;--awb-spacing-right-large:1.92%;--awb-margin-bottom-large:20px;--awb-spacing-left-large:1.92%;--awb-width-medium:100%;--awb-order-medium:0;--awb-spacing-right-medium:1.92%;--awb-spacing-left-medium:1.92%;--awb-width-small:100%;--awb-order-small:0;--awb-spacing-right-small:1.92%;--awb-spacing-left-small:1.92%;\"><div class=\"fusion-column-wrapper fusion-column-has-shadow fusion-flex-justify-content-flex-start fusion-content-layout-column\"><div class=\"fusion-title title fusion-title-5 fusion-sep-none fusion-title-text fusion-title-size-two\" style=\"--awb-margin-bottom:10px;\"><h2 class=\"fusion-title-heading title-heading-left fusion-responsive-typography-calculated\" style=\"margin:0;--fontSize:20;--minFontSize:20;line-height:1.5;\">Ich bin bereit f\u00fcr meinen Eingriff, wenn ich \u2026<\/h2><\/div><div class=\"fusion-separator\" style=\"align-self: flex-start;margin-right:auto;margin-bottom:30px;width:100%;max-width:40px;\"><div class=\"fusion-separator-border sep-single sep-solid\" style=\"--awb-height:20px;--awb-amount:20px;--awb-sep-color:#008088;border-color:#008088;border-top-width:2px;\"><\/div><\/div><div class=\"fusion-text fusion-text-5\"><ul>\n<li>alle notwendigen Unterlagen vorbereitet habe.<\/li>\n<li>meine Heimfahrt nach dem Eingriff organisiert habe.<\/li>\n<li>am Tag des Eingriffs alle pr\u00e4operativen Anweisungen (duschen, kein Schmuck oder Nagellack) befolgt habe.<\/li>\n<\/ul>\n<\/div><\/div><\/div><\/div><\/div><\/p>\n","protected":false},"excerpt":{"rendered":"","protected":false},"author":13,"featured_media":0,"parent":6083,"menu_order":31,"comment_status":"closed","ping_status":"closed","template":"100-width.php","meta":{"footnotes":""},"class_list":["post-6099","page","type-page","status-publish","hentry"],"yoast_head":"<!-- This site is optimized with the Yoast SEO plugin v27.6 - https:\/\/yoast.com\/product\/yoast-seo-wordpress\/ -->\n<title>Nach dem Eingriff - Daler-Spital<\/title>\n<meta name=\"robots\" content=\"index, follow, max-snippet:-1, max-image-preview:large, max-video-preview:-1\" \/>\n<link rel=\"canonical\" href=\"https:\/\/daler.ch\/de\/ambulante-operation\/nach-dem-eingriff\/\" \/>\n<meta property=\"og:locale\" content=\"de_DE\" \/>\n<meta property=\"og:type\" content=\"article\" \/>\n<meta property=\"og:title\" content=\"Nach dem Eingriff - Daler-Spital\" \/>\n<meta property=\"og:url\" content=\"https:\/\/daler.ch\/de\/ambulante-operation\/nach-dem-eingriff\/\" \/>\n<meta property=\"og:site_name\" content=\"Daler-Spital\" \/>\n<meta property=\"article:modified_time\" content=\"2026-04-08T14:24:43+00:00\" \/>\n<meta name=\"twitter:card\" content=\"summary_large_image\" \/>\n<meta name=\"twitter:label1\" content=\"Gesch\u00e4tzte Lesezeit\" \/>\n\t<meta name=\"twitter:data1\" content=\"2\u00a0Minuten\" \/>\n<script type=\"application\/ld+json\" class=\"yoast-schema-graph\">{\"@context\":\"https:\\\/\\\/schema.org\",\"@graph\":[{\"@type\":\"WebPage\",\"@id\":\"https:\\\/\\\/daler.ch\\\/de\\\/ambulante-operation\\\/nach-dem-eingriff\\\/\",\"url\":\"https:\\\/\\\/daler.ch\\\/de\\\/ambulante-operation\\\/nach-dem-eingriff\\\/\",\"name\":\"Nach dem Eingriff - Daler-Spital\",\"isPartOf\":{\"@id\":\"https:\\\/\\\/daler.ch\\\/#website\"},\"datePublished\":\"2023-11-13T10:58:03+00:00\",\"dateModified\":\"2026-04-08T14:24:43+00:00\",\"breadcrumb\":{\"@id\":\"https:\\\/\\\/daler.ch\\\/de\\\/ambulante-operation\\\/nach-dem-eingriff\\\/#breadcrumb\"},\"inLanguage\":\"de\",\"potentialAction\":[{\"@type\":\"ReadAction\",\"target\":[\"https:\\\/\\\/daler.ch\\\/de\\\/ambulante-operation\\\/nach-dem-eingriff\\\/\"]}]},{\"@type\":\"BreadcrumbList\",\"@id\":\"https:\\\/\\\/daler.ch\\\/de\\\/ambulante-operation\\\/nach-dem-eingriff\\\/#breadcrumb\",\"itemListElement\":[{\"@type\":\"ListItem\",\"position\":1,\"name\":\"Home\",\"item\":\"https:\\\/\\\/daler.ch\\\/de\\\/\"},{\"@type\":\"ListItem\",\"position\":2,\"name\":\"Ambulante Operation\",\"item\":\"https:\\\/\\\/daler.ch\\\/de\\\/ambulante-operation\\\/\"},{\"@type\":\"ListItem\",\"position\":3,\"name\":\"Nach dem Eingriff\"}]},{\"@type\":\"WebSite\",\"@id\":\"https:\\\/\\\/daler.ch\\\/#website\",\"url\":\"https:\\\/\\\/daler.ch\\\/\",\"name\":\"Daler-Spital\",\"description\":\"Hopital Daler\",\"potentialAction\":[{\"@type\":\"SearchAction\",\"target\":{\"@type\":\"EntryPoint\",\"urlTemplate\":\"https:\\\/\\\/daler.ch\\\/?s={search_term_string}\"},\"query-input\":{\"@type\":\"PropertyValueSpecification\",\"valueRequired\":true,\"valueName\":\"search_term_string\"}}],\"inLanguage\":\"de\"}]}<\/script>\n<!-- \/ Yoast SEO plugin. -->","yoast_head_json":{"title":"Nach dem Eingriff - Daler-Spital","robots":{"index":"index","follow":"follow","max-snippet":"max-snippet:-1","max-image-preview":"max-image-preview:large","max-video-preview":"max-video-preview:-1"},"canonical":"https:\/\/daler.ch\/de\/ambulante-operation\/nach-dem-eingriff\/","og_locale":"de_DE","og_type":"article","og_title":"Nach dem Eingriff - Daler-Spital","og_url":"https:\/\/daler.ch\/de\/ambulante-operation\/nach-dem-eingriff\/","og_site_name":"Daler-Spital","article_modified_time":"2026-04-08T14:24:43+00:00","twitter_card":"summary_large_image","twitter_misc":{"Gesch\u00e4tzte Lesezeit":"2\u00a0Minuten"},"schema":{"@context":"https:\/\/schema.org","@graph":[{"@type":"WebPage","@id":"https:\/\/daler.ch\/de\/ambulante-operation\/nach-dem-eingriff\/","url":"https:\/\/daler.ch\/de\/ambulante-operation\/nach-dem-eingriff\/","name":"Nach dem Eingriff - Daler-Spital","isPartOf":{"@id":"https:\/\/daler.ch\/#website"},"datePublished":"2023-11-13T10:58:03+00:00","dateModified":"2026-04-08T14:24:43+00:00","breadcrumb":{"@id":"https:\/\/daler.ch\/de\/ambulante-operation\/nach-dem-eingriff\/#breadcrumb"},"inLanguage":"de","potentialAction":[{"@type":"ReadAction","target":["https:\/\/daler.ch\/de\/ambulante-operation\/nach-dem-eingriff\/"]}]},{"@type":"BreadcrumbList","@id":"https:\/\/daler.ch\/de\/ambulante-operation\/nach-dem-eingriff\/#breadcrumb","itemListElement":[{"@type":"ListItem","position":1,"name":"Home","item":"https:\/\/daler.ch\/de\/"},{"@type":"ListItem","position":2,"name":"Ambulante Operation","item":"https:\/\/daler.ch\/de\/ambulante-operation\/"},{"@type":"ListItem","position":3,"name":"Nach dem Eingriff"}]},{"@type":"WebSite","@id":"https:\/\/daler.ch\/#website","url":"https:\/\/daler.ch\/","name":"Daler-Spital","description":"Hopital Daler","potentialAction":[{"@type":"SearchAction","target":{"@type":"EntryPoint","urlTemplate":"https:\/\/daler.ch\/?s={search_term_string}"},"query-input":{"@type":"PropertyValueSpecification","valueRequired":true,"valueName":"search_term_string"}}],"inLanguage":"de"}]}},"_links":{"self":[{"href":"https:\/\/daler.ch\/de\/wp-json\/wp\/v2\/pages\/6099","targetHints":{"allow":["GET"]}}],"collection":[{"href":"https:\/\/daler.ch\/de\/wp-json\/wp\/v2\/pages"}],"about":[{"href":"https:\/\/daler.ch\/de\/wp-json\/wp\/v2\/types\/page"}],"author":[{"embeddable":true,"href":"https:\/\/daler.ch\/de\/wp-json\/wp\/v2\/users\/13"}],"replies":[{"embeddable":true,"href":"https:\/\/daler.ch\/de\/wp-json\/wp\/v2\/comments?post=6099"}],"version-history":[{"count":4,"href":"https:\/\/daler.ch\/de\/wp-json\/wp\/v2\/pages\/6099\/revisions"}],"predecessor-version":[{"id":7651,"href":"https:\/\/daler.ch\/de\/wp-json\/wp\/v2\/pages\/6099\/revisions\/7651"}],"up":[{"embeddable":true,"href":"https:\/\/daler.ch\/de\/wp-json\/wp\/v2\/pages\/6083"}],"wp:attachment":[{"href":"https:\/\/daler.ch\/de\/wp-json\/wp\/v2\/media?parent=6099"}],"curies":[{"name":"wp","href":"https:\/\/api.w.org\/{rel}","templated":true}]}}