{"id":6102,"date":"2023-11-13T12:08:17","date_gmt":"2023-11-13T11:08:17","guid":{"rendered":"https:\/\/daler.ch\/?page_id=6102"},"modified":"2026-04-08T16:24:07","modified_gmt":"2026-04-08T14:24:07","slug":"am-tag-des-eingriffs","status":"publish","type":"page","link":"https:\/\/daler.ch\/de\/ambulante-operation\/am-tag-des-eingriffs\/","title":{"rendered":"Am Tag des Eingriffs"},"content":{"rendered":"<p><div class=\"fusion-fullwidth fullwidth-box fusion-builder-row-1 fusion-flex-container fusion-parallax-none hundred-percent-fullwidth non-hundred-percent-height-scrolling fusion-no-small-visibility\" style=\"--awb-border-radius-top-left:0px;--awb-border-radius-top-right:0px;--awb-border-radius-bottom-right:0px;--awb-border-radius-bottom-left:0px;--awb-padding-top:185px;--awb-padding-bottom:185px;--awb-margin-bottom:50px;--awb-background-image:url(&quot;https:\/\/daler.ch\/wp-content\/uploads\/2017\/07\/slider-dal-e1585646176486.jpg&quot;);--awb-background-size:cover;--awb-flex-wrap:wrap;\" ><div class=\"fusion-builder-row fusion-row fusion-flex-align-items-flex-start fusion-flex-content-wrap\" style=\"width:104% !important;max-width:104% !important;margin-left: calc(-4% \/ 2 );margin-right: calc(-4% \/ 2 );\"><div class=\"fusion-layout-column fusion_builder_column fusion-builder-column-0 fusion_builder_column_1_1 1_1 fusion-flex-column\" style=\"--awb-bg-size:cover;--awb-width-large:100%;--awb-margin-top-large:0px;--awb-spacing-right-large:1.92%;--awb-margin-bottom-large:20px;--awb-spacing-left-large:1.92%;--awb-width-medium:100%;--awb-spacing-right-medium:1.92%;--awb-spacing-left-medium:1.92%;--awb-width-small:100%;--awb-spacing-right-small:1.92%;--awb-spacing-left-small:1.92%;\"><div class=\"fusion-column-wrapper fusion-flex-justify-content-flex-start fusion-content-layout-column\"><\/div><\/div><\/div><\/div><div class=\"fusion-fullwidth fullwidth-box fusion-builder-row-2 fusion-flex-container nonhundred-percent-fullwidth non-hundred-percent-height-scrolling\" style=\"--awb-border-radius-top-left:0px;--awb-border-radius-top-right:0px;--awb-border-radius-bottom-right:0px;--awb-border-radius-bottom-left:0px;--awb-flex-wrap:wrap;\" ><div class=\"fusion-builder-row fusion-row fusion-flex-align-items-flex-start fusion-flex-content-wrap\" style=\"max-width:1144px;margin-left: calc(-4% \/ 2 );margin-right: calc(-4% \/ 2 );\"><div class=\"fusion-layout-column fusion_builder_column fusion-builder-column-1 fusion_builder_column_1_1 1_1 fusion-flex-column fusion-flex-align-self-flex-start fusion-column-no-min-height\" style=\"--awb-bg-size:cover;--awb-width-large:100%;--awb-margin-top-large:0px;--awb-spacing-right-large:1.92%;--awb-margin-bottom-large:20px;--awb-spacing-left-large:1.92%;--awb-width-medium:100%;--awb-spacing-right-medium:1.92%;--awb-spacing-left-medium:1.92%;--awb-width-small:100%;--awb-spacing-right-small:1.92%;--awb-spacing-left-small:1.92%;\"><div class=\"fusion-column-wrapper fusion-flex-justify-content-flex-start fusion-content-layout-column\"><div class=\"fusion-title title fusion-title-1 fusion-sep-none fusion-title-text fusion-title-size-two\" style=\"--awb-margin-bottom:10px;\"><h2 class=\"fusion-title-heading title-heading-left fusion-responsive-typography-calculated\" style=\"margin:0;--fontSize:20;--minFontSize:20;line-height:1.5;\">Vorbereitung<\/h2><\/div><div class=\"fusion-separator\" style=\"align-self: flex-start;margin-right:auto;margin-bottom:30px;width:100%;max-width:40px;\"><div class=\"fusion-separator-border sep-single sep-solid\" style=\"--awb-height:20px;--awb-amount:20px;--awb-sep-color:#008088;border-color:#008088;border-top-width:2px;\"><\/div><\/div><div class=\"fusion-text fusion-text-1\"><p>Sofern von Ihrer Chirurgin\/Ihrem Chirurgen oder von der An\u00e4sthesistin\/dem An\u00e4sthesisten nicht anders verordnet, nehmen Sie Ihre Medikamente nicht wie gewohnt morgens ein, sondern bringen sie mit ins Spital.<\/p>\n<p>In der Brosch\u00fcre \u00abPr\u00e4operative Dusche\u00bb erfahren Sie, wie Sie sich auf Ihren Eingriff vorbereiten.<\/p>\n<p>Vor Ihrer Operation d\u00fcrfen Sie ab Mitternacht nicht mehr rauchen (auch keine E-Zigaretten) und nichts mehr essen (auch kein Kaugummi). F\u00fcr die Fl\u00fcssigkeitsaufnahme befolgen Sie bitte die Anweisungen, die Sie am Vortag Ihres Eingriffs per SMS erhalten haben.<\/p>\n<\/div><\/div><\/div><div class=\"fusion-layout-column fusion_builder_column fusion-builder-column-2 fusion_builder_column_1_1 1_1 fusion-flex-column fusion-flex-align-self-flex-start fusion-column-no-min-height\" style=\"--awb-bg-size:cover;--awb-width-large:100%;--awb-margin-top-large:60px;--awb-spacing-right-large:1.92%;--awb-margin-bottom-large:20px;--awb-spacing-left-large:1.92%;--awb-width-medium:100%;--awb-order-medium:0;--awb-spacing-right-medium:1.92%;--awb-spacing-left-medium:1.92%;--awb-width-small:100%;--awb-order-small:0;--awb-spacing-right-small:1.92%;--awb-spacing-left-small:1.92%;\"><div class=\"fusion-column-wrapper fusion-column-has-shadow fusion-flex-justify-content-flex-start fusion-content-layout-column\"><div class=\"fusion-title title fusion-title-2 fusion-sep-none fusion-title-text fusion-title-size-two\" style=\"--awb-margin-bottom:10px;\"><h2 class=\"fusion-title-heading title-heading-left fusion-responsive-typography-calculated\" style=\"margin:0;--fontSize:20;--minFontSize:20;line-height:1.5;\">Aufnahme<\/h2><\/div><div class=\"fusion-separator\" style=\"align-self: flex-start;margin-right:auto;margin-bottom:30px;width:100%;max-width:40px;\"><div class=\"fusion-separator-border sep-single sep-solid\" style=\"--awb-height:20px;--awb-amount:20px;--awb-sep-color:#008088;border-color:#008088;border-top-width:2px;\"><\/div><\/div><div class=\"fusion-text fusion-text-2\"><p>Bei Ihrer Ankunft im Spital melden Sie sich an der Rezeption. Das Pflegepersonal wird sich anschliessend um Sie k\u00fcmmern. Ist die Rezeption geschlossen, warten Sie bitte im Wartebereich gegen\u00fcber, bis das Pflegepersonal Sie abholt.<\/p>\n<p>Unsere ambulante Tagesklinik verf\u00fcgt \u00fcber mehrere gemischte Zimmer, und wir bringen Sie unabh\u00e4ngig von Ihrer Krankenversicherung in einem Mehrbettzimmer unter.<\/p>\n<\/div><\/div><\/div><div class=\"fusion-layout-column fusion_builder_column fusion-builder-column-3 fusion_builder_column_1_1 1_1 fusion-flex-column fusion-flex-align-self-flex-start fusion-column-no-min-height\" style=\"--awb-bg-size:cover;--awb-width-large:100%;--awb-margin-top-large:60px;--awb-spacing-right-large:1.92%;--awb-margin-bottom-large:20px;--awb-spacing-left-large:1.92%;--awb-width-medium:100%;--awb-order-medium:0;--awb-spacing-right-medium:1.92%;--awb-spacing-left-medium:1.92%;--awb-width-small:100%;--awb-order-small:0;--awb-spacing-right-small:1.92%;--awb-spacing-left-small:1.92%;\"><div class=\"fusion-column-wrapper fusion-column-has-shadow fusion-flex-justify-content-flex-start fusion-content-layout-column\"><div class=\"fusion-title title fusion-title-3 fusion-sep-none fusion-title-text fusion-title-size-two\" style=\"--awb-margin-bottom:10px;\"><h2 class=\"fusion-title-heading title-heading-left fusion-responsive-typography-calculated\" style=\"margin:0;--fontSize:20;--minFontSize:20;line-height:1.5;\">Besuch und Begleitung<\/h2><\/div><div class=\"fusion-separator\" style=\"align-self: flex-start;margin-right:auto;margin-bottom:30px;width:100%;max-width:40px;\"><div class=\"fusion-separator-border sep-single sep-solid\" style=\"--awb-height:20px;--awb-amount:20px;--awb-sep-color:#008088;border-color:#008088;border-top-width:2px;\"><\/div><\/div><div class=\"fusion-text fusion-text-3\"><p>Wenn Sie Ihr Kind (unter 16 Jahren) begleiten, beachten Sie bitte, dass jeweils nur ein Elternteil anwesend sein darf.<\/p>\n<p>Besuche in der ambulanten Abteilung sind nicht erlaubt, ausser in Ausnahmef\u00e4llen.<\/p>\n<\/div><\/div><\/div><\/div><\/div><\/p>\n","protected":false},"excerpt":{"rendered":"","protected":false},"author":13,"featured_media":0,"parent":6083,"menu_order":31,"comment_status":"closed","ping_status":"closed","template":"100-width.php","meta":{"footnotes":""},"class_list":["post-6102","page","type-page","status-publish","hentry"],"yoast_head":"<!-- This site is optimized with the Yoast SEO plugin v27.4 - https:\/\/yoast.com\/product\/yoast-seo-wordpress\/ -->\n<title>Am Tag des Eingriffs - Daler-Spital<\/title>\n<meta name=\"robots\" content=\"index, follow, max-snippet:-1, max-image-preview:large, max-video-preview:-1\" \/>\n<link rel=\"canonical\" href=\"https:\/\/daler.ch\/de\/ambulante-operation\/am-tag-des-eingriffs\/\" \/>\n<meta property=\"og:locale\" content=\"de_DE\" \/>\n<meta property=\"og:type\" content=\"article\" \/>\n<meta property=\"og:title\" content=\"Am Tag des Eingriffs - Daler-Spital\" \/>\n<meta property=\"og:url\" content=\"https:\/\/daler.ch\/de\/ambulante-operation\/am-tag-des-eingriffs\/\" \/>\n<meta property=\"og:site_name\" content=\"Daler-Spital\" \/>\n<meta property=\"article:modified_time\" content=\"2026-04-08T14:24:07+00:00\" \/>\n<meta name=\"twitter:card\" content=\"summary_large_image\" \/>\n<meta name=\"twitter:label1\" content=\"Gesch\u00e4tzte Lesezeit\" \/>\n\t<meta name=\"twitter:data1\" content=\"1\u00a0Minute\" \/>\n<script type=\"application\/ld+json\" class=\"yoast-schema-graph\">{\"@context\":\"https:\\\/\\\/schema.org\",\"@graph\":[{\"@type\":\"WebPage\",\"@id\":\"https:\\\/\\\/daler.ch\\\/de\\\/ambulante-operation\\\/am-tag-des-eingriffs\\\/\",\"url\":\"https:\\\/\\\/daler.ch\\\/de\\\/ambulante-operation\\\/am-tag-des-eingriffs\\\/\",\"name\":\"Am Tag des Eingriffs - Daler-Spital\",\"isPartOf\":{\"@id\":\"https:\\\/\\\/daler.ch\\\/#website\"},\"datePublished\":\"2023-11-13T11:08:17+00:00\",\"dateModified\":\"2026-04-08T14:24:07+00:00\",\"breadcrumb\":{\"@id\":\"https:\\\/\\\/daler.ch\\\/de\\\/ambulante-operation\\\/am-tag-des-eingriffs\\\/#breadcrumb\"},\"inLanguage\":\"de\",\"potentialAction\":[{\"@type\":\"ReadAction\",\"target\":[\"https:\\\/\\\/daler.ch\\\/de\\\/ambulante-operation\\\/am-tag-des-eingriffs\\\/\"]}]},{\"@type\":\"BreadcrumbList\",\"@id\":\"https:\\\/\\\/daler.ch\\\/de\\\/ambulante-operation\\\/am-tag-des-eingriffs\\\/#breadcrumb\",\"itemListElement\":[{\"@type\":\"ListItem\",\"position\":1,\"name\":\"Home\",\"item\":\"https:\\\/\\\/daler.ch\\\/de\\\/\"},{\"@type\":\"ListItem\",\"position\":2,\"name\":\"Ambulante Operation\",\"item\":\"https:\\\/\\\/daler.ch\\\/de\\\/ambulante-operation\\\/\"},{\"@type\":\"ListItem\",\"position\":3,\"name\":\"Am Tag des Eingriffs\"}]},{\"@type\":\"WebSite\",\"@id\":\"https:\\\/\\\/daler.ch\\\/#website\",\"url\":\"https:\\\/\\\/daler.ch\\\/\",\"name\":\"Daler-Spital\",\"description\":\"Hopital Daler\",\"potentialAction\":[{\"@type\":\"SearchAction\",\"target\":{\"@type\":\"EntryPoint\",\"urlTemplate\":\"https:\\\/\\\/daler.ch\\\/?s={search_term_string}\"},\"query-input\":{\"@type\":\"PropertyValueSpecification\",\"valueRequired\":true,\"valueName\":\"search_term_string\"}}],\"inLanguage\":\"de\"}]}<\/script>\n<!-- \/ Yoast SEO plugin. -->","yoast_head_json":{"title":"Am Tag des Eingriffs - Daler-Spital","robots":{"index":"index","follow":"follow","max-snippet":"max-snippet:-1","max-image-preview":"max-image-preview:large","max-video-preview":"max-video-preview:-1"},"canonical":"https:\/\/daler.ch\/de\/ambulante-operation\/am-tag-des-eingriffs\/","og_locale":"de_DE","og_type":"article","og_title":"Am Tag des Eingriffs - Daler-Spital","og_url":"https:\/\/daler.ch\/de\/ambulante-operation\/am-tag-des-eingriffs\/","og_site_name":"Daler-Spital","article_modified_time":"2026-04-08T14:24:07+00:00","twitter_card":"summary_large_image","twitter_misc":{"Gesch\u00e4tzte Lesezeit":"1\u00a0Minute"},"schema":{"@context":"https:\/\/schema.org","@graph":[{"@type":"WebPage","@id":"https:\/\/daler.ch\/de\/ambulante-operation\/am-tag-des-eingriffs\/","url":"https:\/\/daler.ch\/de\/ambulante-operation\/am-tag-des-eingriffs\/","name":"Am Tag des Eingriffs - Daler-Spital","isPartOf":{"@id":"https:\/\/daler.ch\/#website"},"datePublished":"2023-11-13T11:08:17+00:00","dateModified":"2026-04-08T14:24:07+00:00","breadcrumb":{"@id":"https:\/\/daler.ch\/de\/ambulante-operation\/am-tag-des-eingriffs\/#breadcrumb"},"inLanguage":"de","potentialAction":[{"@type":"ReadAction","target":["https:\/\/daler.ch\/de\/ambulante-operation\/am-tag-des-eingriffs\/"]}]},{"@type":"BreadcrumbList","@id":"https:\/\/daler.ch\/de\/ambulante-operation\/am-tag-des-eingriffs\/#breadcrumb","itemListElement":[{"@type":"ListItem","position":1,"name":"Home","item":"https:\/\/daler.ch\/de\/"},{"@type":"ListItem","position":2,"name":"Ambulante Operation","item":"https:\/\/daler.ch\/de\/ambulante-operation\/"},{"@type":"ListItem","position":3,"name":"Am Tag des Eingriffs"}]},{"@type":"WebSite","@id":"https:\/\/daler.ch\/#website","url":"https:\/\/daler.ch\/","name":"Daler-Spital","description":"Hopital Daler","potentialAction":[{"@type":"SearchAction","target":{"@type":"EntryPoint","urlTemplate":"https:\/\/daler.ch\/?s={search_term_string}"},"query-input":{"@type":"PropertyValueSpecification","valueRequired":true,"valueName":"search_term_string"}}],"inLanguage":"de"}]}},"_links":{"self":[{"href":"https:\/\/daler.ch\/de\/wp-json\/wp\/v2\/pages\/6102","targetHints":{"allow":["GET"]}}],"collection":[{"href":"https:\/\/daler.ch\/de\/wp-json\/wp\/v2\/pages"}],"about":[{"href":"https:\/\/daler.ch\/de\/wp-json\/wp\/v2\/types\/page"}],"author":[{"embeddable":true,"href":"https:\/\/daler.ch\/de\/wp-json\/wp\/v2\/users\/13"}],"replies":[{"embeddable":true,"href":"https:\/\/daler.ch\/de\/wp-json\/wp\/v2\/comments?post=6102"}],"version-history":[{"count":3,"href":"https:\/\/daler.ch\/de\/wp-json\/wp\/v2\/pages\/6102\/revisions"}],"predecessor-version":[{"id":7650,"href":"https:\/\/daler.ch\/de\/wp-json\/wp\/v2\/pages\/6102\/revisions\/7650"}],"up":[{"embeddable":true,"href":"https:\/\/daler.ch\/de\/wp-json\/wp\/v2\/pages\/6083"}],"wp:attachment":[{"href":"https:\/\/daler.ch\/de\/wp-json\/wp\/v2\/media?parent=6102"}],"curies":[{"name":"wp","href":"https:\/\/api.w.org\/{rel}","templated":true}]}}