{"id":6493,"date":"2024-07-23T10:13:05","date_gmt":"2024-07-23T08:13:05","guid":{"rendered":"https:\/\/daler.ch\/?page_id=6493"},"modified":"2026-03-24T18:49:41","modified_gmt":"2026-03-24T17:49:41","slug":"stillberatung","status":"publish","type":"page","link":"https:\/\/daler.ch\/de\/geburtsabteilung\/kurse\/stillberatung\/","title":{"rendered":"Stillberatung"},"content":{"rendered":"<p><div class=\"fusion-fullwidth fullwidth-box fusion-builder-row-1 fusion-flex-container has-pattern-background has-mask-background fusion-parallax-none hero-image-inscription nonhundred-percent-fullwidth non-hundred-percent-height-scrolling\" style=\"--awb-border-radius-top-left:0px;--awb-border-radius-top-right:0px;--awb-border-radius-bottom-right:0px;--awb-border-radius-bottom-left:0px;--awb-padding-top:185px;--awb-padding-bottom:185px;--awb-margin-bottom:50px;--awb-background-image:url(&quot;https:\/\/daler.ch\/wp-content\/uploads\/2024\/07\/Image-site-internet2-scaled.jpg&quot;);--awb-background-size:cover;--awb-flex-wrap:wrap;\" ><div class=\"fusion-builder-row fusion-row fusion-flex-align-items-flex-start fusion-flex-content-wrap\" style=\"max-width:1144px;margin-left: calc(-4% \/ 2 );margin-right: calc(-4% \/ 2 );\"><div class=\"fusion-layout-column fusion_builder_column fusion-builder-column-0 fusion_builder_column_1_1 1_1 fusion-flex-column\" style=\"--awb-bg-size:cover;--awb-width-large:100%;--awb-margin-top-large:0px;--awb-spacing-right-large:1.92%;--awb-margin-bottom-large:20px;--awb-spacing-left-large:1.92%;--awb-width-medium:100%;--awb-order-medium:0;--awb-spacing-right-medium:1.92%;--awb-spacing-left-medium:1.92%;--awb-width-small:100%;--awb-order-small:0;--awb-spacing-right-small:1.92%;--awb-spacing-left-small:1.92%;\"><div class=\"fusion-column-wrapper fusion-column-has-shadow fusion-flex-justify-content-flex-start fusion-content-layout-column\"><\/div><\/div><\/div><\/div><div class=\"fusion-fullwidth fullwidth-box fusion-builder-row-2 fusion-flex-container nonhundred-percent-fullwidth non-hundred-percent-height-scrolling\" style=\"--awb-border-radius-top-left:0px;--awb-border-radius-top-right:0px;--awb-border-radius-bottom-right:0px;--awb-border-radius-bottom-left:0px;--awb-margin-top:60px;--awb-margin-top-small:0px;--awb-flex-wrap:wrap;\" ><div class=\"fusion-builder-row fusion-row fusion-flex-align-items-flex-start fusion-flex-content-wrap\" style=\"max-width:1144px;margin-left: calc(-4% \/ 2 );margin-right: calc(-4% \/ 2 );\"><div class=\"fusion-layout-column fusion_builder_column fusion-builder-column-1 fusion_builder_column_1_1 1_1 fusion-flex-column fusion-flex-align-self-flex-start\" style=\"--awb-bg-size:cover;--awb-width-large:100%;--awb-margin-top-large:0px;--awb-spacing-right-large:1.92%;--awb-margin-bottom-large:20px;--awb-spacing-left-large:1.92%;--awb-width-medium:100%;--awb-order-medium:0;--awb-spacing-right-medium:1.92%;--awb-spacing-left-medium:1.92%;--awb-width-small:100%;--awb-order-small:0;--awb-spacing-right-small:1.92%;--awb-spacing-left-small:1.92%;\"><div class=\"fusion-column-wrapper fusion-column-has-shadow fusion-flex-justify-content-flex-start fusion-content-layout-column\"><div class=\"fusion-title title fusion-title-1 fusion-sep-none fusion-title-text fusion-title-size-two\" style=\"--awb-margin-bottom:10px;\"><h2 class=\"fusion-title-heading title-heading-left fusion-responsive-typography-calculated\" style=\"margin:0;--fontSize:20;--minFontSize:20;line-height:1.5;\">Stillberatung<\/h2><\/div><div class=\"fusion-separator\" style=\"align-self: flex-start;margin-right:auto;margin-top:0px;margin-bottom:30px;width:100%;max-width:40px;\"><div class=\"fusion-separator-border sep-single sep-solid\" style=\"--awb-height:20px;--awb-amount:20px;--awb-sep-color:#008a88;border-color:#008a88;border-top-width:2px;\"><\/div><\/div><div class=\"fusion-text fusion-text-1\"><p><strong>Sie sind schwanger oder haben k\u00fcrzlich geboren und m\u00f6chten Ihr Kind stillen.<br \/>\nFragen Sie sich\u2026<\/strong><\/p>\n<p><em>\u2026 ob Sie <strong>Ihre Brust<\/strong> auf das Stillen <strong>vorbereiten<\/strong> m\u00fcssen?<br \/>\n<\/em><em>\u2026 ob Sie <strong>gen\u00fcgend Informationen<\/strong> \u00fcber das Stillen haben?<br \/>\n<\/em><em>\u2026 wie es in den <strong>ersten Wochen<\/strong> mit dem Baby und dem Stillen gehen wird?<br \/>\n<\/em><em>\u2026 wie Sie die <strong>Stillschwierigkeiten<\/strong>, die beim ersten Kind aufgetreten sind, vermeiden k\u00f6nnen?<br \/>\n<\/em><em>\u2026 was Sie tun k\u00f6nnen, wenn Ihr Baby <strong>die Flasche<\/strong> oder<strong> die Brust verweigert<\/strong>?<br \/>\n<\/em><em>\u2026 wie Sie bei <strong>Fieber<\/strong> und einer <strong>ger\u00f6teten Brust<\/strong> reagieren m\u00fcssen?<br \/>\n<\/em><em>\u2026 wenn Sie einen <strong>Schwangerschaftsdiabetes<\/strong> haben, wie Sie vor der Geburt <strong>Kolostrum<\/strong> gewinnen k\u00f6nnen?<br \/>\n<\/em><em>\u2026 wie Sie trotz empfindlichen oder<strong> rissigen<\/strong> Brustwarzen stillen k\u00f6nnen?<br \/>\n<\/em><em>\u2026 was Sie tun k\u00f6nnen, wenn Ihr K\u00f6rper <strong>zu wenig oder zu viel<\/strong> Milch produziert?<br \/>\n<\/em><em>\u2026 wie Sie Ihrem Baby helfen k\u00f6nnen, die Brustwarze richtig zu <strong>erfassen<\/strong>?<br \/>\n<\/em><em>\u2026 wie Sie <strong>Beikost<\/strong> und Stillen miteinander verbinden k\u00f6nnen?<br \/>\n\u2026 wie Sie weiter stillen k\u00f6nnen, wenn Sie wieder <strong>arbeiten<\/strong>?<\/em><\/p>\n<\/div><div class=\"fusion-text fusion-text-2\" style=\"--awb-margin-top:10px;\"><p>F\u00fcr eine <strong><span style=\"color: #008675;\">individuelle Beratung <\/span><\/strong> (auf Deutsch und Franz\u00f6sisch) <strong>vor<\/strong> oder <strong>nach <\/strong> der Geburt stehen Ihnen <strong><span style=\"color: #008675;\">unsere Stillberaterinnen<\/span><\/strong> gerne zur Verf\u00fcgung.<\/p>\n<p>Drei Stillberatungen werden <strong><span style=\"color: #008675;\">von der Grundversicherung Ihrer Krankenkasse \u00fcbernommen.<\/span><\/strong><\/p>\n<p>Das Daler Spital verf\u00fcgt \u00fcber ein <strong><span style=\"color: #008675;\">Laserger\u00e4t<\/span><\/strong>, das die Zellregeneration anregt und so die Heilung von wunden Brustwarzen f\u00f6rdert (ohne zus\u00e4tzliche Kosten).<\/p>\n<\/div><\/div><\/div><\/div><\/div><div class=\"fusion-fullwidth fullwidth-box fusion-builder-row-3 fusion-flex-container table-calendar nonhundred-percent-fullwidth non-hundred-percent-height-scrolling\" style=\"--awb-border-radius-top-left:0px;--awb-border-radius-top-right:0px;--awb-border-radius-bottom-right:0px;--awb-border-radius-bottom-left:0px;--awb-margin-bottom:20px;--awb-margin-top-small:0px;--awb-flex-wrap:wrap;\" ><div class=\"fusion-builder-row fusion-row fusion-flex-align-items-flex-start fusion-flex-content-wrap\" style=\"max-width:1144px;margin-left: calc(-4% \/ 2 );margin-right: calc(-4% \/ 2 );\"><div class=\"fusion-layout-column fusion_builder_column fusion-builder-column-2 fusion_builder_column_1_1 1_1 fusion-flex-column fusion-flex-align-self-flex-start\" style=\"--awb-bg-size:cover;--awb-width-large:100%;--awb-margin-top-large:30px;--awb-spacing-right-large:1.92%;--awb-margin-bottom-large:20px;--awb-spacing-left-large:1.92%;--awb-width-medium:100%;--awb-order-medium:0;--awb-spacing-right-medium:1.92%;--awb-spacing-left-medium:1.92%;--awb-width-small:100%;--awb-order-small:0;--awb-margin-top-small:0;--awb-spacing-right-small:1.92%;--awb-spacing-left-small:1.92%;\"><div class=\"fusion-column-wrapper fusion-column-has-shadow fusion-flex-justify-content-flex-start fusion-content-layout-column\"><div class=\"fusion-title title fusion-title-2 fusion-sep-none fusion-title-text fusion-title-size-two\" style=\"--awb-margin-bottom:10px;\"><h2 class=\"fusion-title-heading title-heading-left fusion-responsive-typography-calculated\" style=\"margin:0;--fontSize:20;--minFontSize:20;line-height:1.5;\">Datum und Uhrzeit der Stillberatung<\/h2><\/div><div class=\"fusion-separator\" style=\"align-self: flex-start;margin-right:auto;margin-top:0px;margin-bottom:30px;width:100%;max-width:40px;\"><div class=\"fusion-separator-border sep-single sep-solid\" style=\"--awb-height:20px;--awb-amount:20px;--awb-sep-color:#008a88;border-color:#008a88;border-top-width:2px;\"><\/div><\/div><div class=\"fusion-text fusion-text-3\"><p>Tage :<\/p>\n<ul>\n<li>Dienstagnachmittag (Franz\u00f6sisch)<\/li>\n<li>Freitagnachmittag (Franz\u00f6sisch\/<strong>Deutsch<\/strong>)<\/li>\n<\/ul>\n<p>Eine Konsultation dauert etwa <strong>45 Minuten<\/strong>.<\/p>\n<p>Es stehen folgende Zeitfenster zur Auswahl:<\/p>\n<ul>\n<li>13.00-13.45 Uhr<\/li>\n<li>14.00-14.45 Uhr<\/li>\n<li>15.00-15.45 Uhr<\/li>\n<li>16.00-16.45 Uhr<\/li>\n<li>17.00-17.45 Uhr<\/li>\n<\/ul>\n<\/div><div class=\"fusion-title title fusion-title-3 fusion-sep-none fusion-title-text fusion-title-size-one\"><h1 class=\"fusion-title-heading title-heading-left fusion-responsive-typography-calculated\" style=\"margin:0;--fontSize:34;line-height:1.4;\"><\/h1><\/div><\/div><\/div><\/div><\/div><div class=\"fusion-fullwidth fullwidth-box fusion-builder-row-4 fusion-flex-container nonhundred-percent-fullwidth non-hundred-percent-height-scrolling\" style=\"--awb-border-radius-top-left:0px;--awb-border-radius-top-right:0px;--awb-border-radius-bottom-right:0px;--awb-border-radius-bottom-left:0px;--awb-margin-top-small:0px;--awb-flex-wrap:wrap;\" ><div class=\"fusion-builder-row fusion-row fusion-flex-align-items-flex-start fusion-flex-content-wrap\" style=\"max-width:1144px;margin-left: calc(-4% \/ 2 );margin-right: calc(-4% \/ 2 );\"><div class=\"fusion-layout-column fusion_builder_column fusion-builder-column-3 fusion_builder_column_1_1 1_1 fusion-flex-column fusion-flex-align-self-flex-start\" style=\"--awb-bg-size:cover;--awb-width-large:100%;--awb-margin-top-large:10px;--awb-spacing-right-large:1.92%;--awb-margin-bottom-large:20px;--awb-spacing-left-large:1.92%;--awb-width-medium:100%;--awb-order-medium:0;--awb-spacing-right-medium:1.92%;--awb-spacing-left-medium:1.92%;--awb-width-small:100%;--awb-order-small:0;--awb-margin-top-small:0px;--awb-spacing-right-small:1.92%;--awb-margin-bottom-small:0px;--awb-spacing-left-small:1.92%;\"><div class=\"fusion-column-wrapper fusion-column-has-shadow fusion-flex-justify-content-flex-start fusion-content-layout-column\"><div class=\"fusion-title title fusion-title-4 fusion-sep-none fusion-title-text fusion-title-size-two\" style=\"--awb-margin-bottom:10px;\"><h2 class=\"fusion-title-heading title-heading-left fusion-responsive-typography-calculated\" style=\"margin:0;--fontSize:20;--minFontSize:20;line-height:1.5;\">Anmeldung<\/h2><\/div><div class=\"fusion-separator\" style=\"align-self: flex-start;margin-right:auto;margin-bottom:30px;width:100%;max-width:40px;\"><div class=\"fusion-separator-border sep-single sep-solid\" style=\"--awb-height:20px;--awb-amount:20px;--awb-sep-color:#008a88;border-color:#008a88;border-top-width:2px;\"><\/div><\/div><div class=\"fusion-text fusion-text-4\"><p>Der folgende Kalender erm\u00f6glicht es Ihnen, online einen Termin zu vereinbaren.<\/p>\n<p>Hinweis: Sobald ein Zeitfenster von einer Person gebucht wurde, wird es nicht mehr im Kalender angezeigt.<\/p>\n<p><strong>Sobald Sie das Formular ausgef\u00fcllt haben, erhalten Sie eine Best\u00e4tigungs-E-Mail mit einem Link, \u00fcber den Sie Ihre Anmeldung zur Stillberatung umplanen oder stornieren k\u00f6nnen (bitte tun Sie dies so schnell wie m\u00f6glich, damit Ihr Platz f\u00fcr eine andere Person frei wird). <\/strong><b>Eine Stornierung muss mindestens 48 Stunden vor dem Termin erfolgen.<\/b><\/p>\n<\/div><\/div><\/div><div class=\"fusion-layout-column fusion_builder_column fusion-builder-column-4 fusion_builder_column_1_1 1_1 fusion-flex-column\" style=\"--awb-bg-size:cover;--awb-width-large:100%;--awb-margin-top-large:0px;--awb-spacing-right-large:1.92%;--awb-margin-bottom-large:20px;--awb-spacing-left-large:1.92%;--awb-width-medium:100%;--awb-order-medium:0;--awb-spacing-right-medium:1.92%;--awb-spacing-left-medium:1.92%;--awb-width-small:100%;--awb-order-small:0;--awb-spacing-right-small:1.92%;--awb-spacing-left-small:1.92%;\"><div class=\"fusion-column-wrapper fusion-column-has-shadow fusion-flex-justify-content-flex-start fusion-content-layout-column\"><a class=\"fusion-modal-text-link\" href=\"#\"><a class=\"fusion-modal-text-link\" href=\"#\"><!-- D\u00e9but de widget en ligne Calendly --><\/a><\/p>\n<div class=\"calendly-inline-widget\" style=\"min-width: 320px; height: 700px;\" data-url=\"https:\/\/calendly.com\/consultations-maternite-daler\/consultation-allaitement\"><\/div>\n<p><script type=\"text\/javascript\" src=\"https:\/\/assets.calendly.com\/assets\/external\/widget.js\" async><\/script><br \/>\n<!-- Fin de widget en ligne Calendly --><\/p>\n<\/a><\/div><\/div><\/div><\/div><div class=\"fusion-fullwidth fullwidth-box fusion-builder-row-5 fusion-flex-container nonhundred-percent-fullwidth non-hundred-percent-height-scrolling\" style=\"--awb-border-radius-top-left:0px;--awb-border-radius-top-right:0px;--awb-border-radius-bottom-right:0px;--awb-border-radius-bottom-left:0px;--awb-flex-wrap:wrap;\" ><div class=\"fusion-builder-row fusion-row fusion-flex-align-items-flex-start fusion-flex-content-wrap\" style=\"max-width:1144px;margin-left: calc(-4% \/ 2 );margin-right: calc(-4% \/ 2 );\"><div class=\"fusion-layout-column fusion_builder_column fusion-builder-column-5 fusion_builder_column_1_1 1_1 fusion-flex-column\" style=\"--awb-bg-blend:overlay;--awb-bg-size:cover;--awb-width-large:100%;--awb-margin-top-large:0px;--awb-spacing-right-large:1.92%;--awb-margin-bottom-large:0px;--awb-spacing-left-large:1.92%;--awb-width-medium:100%;--awb-spacing-right-medium:1.92%;--awb-spacing-left-medium:1.92%;--awb-width-small:100%;--awb-spacing-right-small:1.92%;--awb-spacing-left-small:1.92%;\"><div class=\"fusion-column-wrapper fusion-flex-justify-content-flex-start fusion-content-layout-column\"><div class=\"fusion-text fusion-text-5\"><\/div><\/div><\/div><\/div><\/div><\/p>\n","protected":false},"excerpt":{"rendered":"","protected":false},"author":17,"featured_media":0,"parent":1608,"menu_order":0,"comment_status":"closed","ping_status":"closed","template":"100-width.php","meta":{"footnotes":""},"class_list":["post-6493","page","type-page","status-publish","hentry"],"yoast_head":"<!-- This site is optimized with the Yoast SEO plugin v27.6 - https:\/\/yoast.com\/product\/yoast-seo-wordpress\/ -->\n<title>Stillberatung - Daler-Spital<\/title>\n<meta name=\"robots\" content=\"index, follow, max-snippet:-1, max-image-preview:large, max-video-preview:-1\" \/>\n<link rel=\"canonical\" href=\"https:\/\/daler.ch\/de\/geburtsabteilung\/kurse\/stillberatung\/\" \/>\n<meta property=\"og:locale\" content=\"de_DE\" \/>\n<meta property=\"og:type\" content=\"article\" \/>\n<meta property=\"og:title\" content=\"Stillberatung - Daler-Spital\" \/>\n<meta property=\"og:url\" content=\"https:\/\/daler.ch\/de\/geburtsabteilung\/kurse\/stillberatung\/\" \/>\n<meta property=\"og:site_name\" content=\"Daler-Spital\" \/>\n<meta property=\"article:modified_time\" content=\"2026-03-24T17:49:41+00:00\" \/>\n<meta name=\"twitter:card\" content=\"summary_large_image\" \/>\n<meta name=\"twitter:label1\" content=\"Gesch\u00e4tzte Lesezeit\" \/>\n\t<meta name=\"twitter:data1\" content=\"2\u00a0Minuten\" \/>\n<script type=\"application\/ld+json\" class=\"yoast-schema-graph\">{\"@context\":\"https:\\\/\\\/schema.org\",\"@graph\":[{\"@type\":\"WebPage\",\"@id\":\"https:\\\/\\\/daler.ch\\\/de\\\/geburtsabteilung\\\/kurse\\\/stillberatung\\\/\",\"url\":\"https:\\\/\\\/daler.ch\\\/de\\\/geburtsabteilung\\\/kurse\\\/stillberatung\\\/\",\"name\":\"Stillberatung - Daler-Spital\",\"isPartOf\":{\"@id\":\"https:\\\/\\\/daler.ch\\\/#website\"},\"datePublished\":\"2024-07-23T08:13:05+00:00\",\"dateModified\":\"2026-03-24T17:49:41+00:00\",\"breadcrumb\":{\"@id\":\"https:\\\/\\\/daler.ch\\\/de\\\/geburtsabteilung\\\/kurse\\\/stillberatung\\\/#breadcrumb\"},\"inLanguage\":\"de\",\"potentialAction\":[{\"@type\":\"ReadAction\",\"target\":[\"https:\\\/\\\/daler.ch\\\/de\\\/geburtsabteilung\\\/kurse\\\/stillberatung\\\/\"]}]},{\"@type\":\"BreadcrumbList\",\"@id\":\"https:\\\/\\\/daler.ch\\\/de\\\/geburtsabteilung\\\/kurse\\\/stillberatung\\\/#breadcrumb\",\"itemListElement\":[{\"@type\":\"ListItem\",\"position\":1,\"name\":\"Home\",\"item\":\"https:\\\/\\\/daler.ch\\\/de\\\/\"},{\"@type\":\"ListItem\",\"position\":2,\"name\":\"Geburtsabteilung\",\"item\":\"https:\\\/\\\/daler.ch\\\/de\\\/geburtsabteilung\\\/\"},{\"@type\":\"ListItem\",\"position\":3,\"name\":\"Kurse\",\"item\":\"https:\\\/\\\/daler.ch\\\/de\\\/geburtsabteilung\\\/kurse\\\/\"},{\"@type\":\"ListItem\",\"position\":4,\"name\":\"Stillberatung\"}]},{\"@type\":\"WebSite\",\"@id\":\"https:\\\/\\\/daler.ch\\\/#website\",\"url\":\"https:\\\/\\\/daler.ch\\\/\",\"name\":\"Daler-Spital\",\"description\":\"Hopital Daler\",\"potentialAction\":[{\"@type\":\"SearchAction\",\"target\":{\"@type\":\"EntryPoint\",\"urlTemplate\":\"https:\\\/\\\/daler.ch\\\/?s={search_term_string}\"},\"query-input\":{\"@type\":\"PropertyValueSpecification\",\"valueRequired\":true,\"valueName\":\"search_term_string\"}}],\"inLanguage\":\"de\"}]}<\/script>\n<!-- \/ Yoast SEO plugin. -->","yoast_head_json":{"title":"Stillberatung - Daler-Spital","robots":{"index":"index","follow":"follow","max-snippet":"max-snippet:-1","max-image-preview":"max-image-preview:large","max-video-preview":"max-video-preview:-1"},"canonical":"https:\/\/daler.ch\/de\/geburtsabteilung\/kurse\/stillberatung\/","og_locale":"de_DE","og_type":"article","og_title":"Stillberatung - Daler-Spital","og_url":"https:\/\/daler.ch\/de\/geburtsabteilung\/kurse\/stillberatung\/","og_site_name":"Daler-Spital","article_modified_time":"2026-03-24T17:49:41+00:00","twitter_card":"summary_large_image","twitter_misc":{"Gesch\u00e4tzte Lesezeit":"2\u00a0Minuten"},"schema":{"@context":"https:\/\/schema.org","@graph":[{"@type":"WebPage","@id":"https:\/\/daler.ch\/de\/geburtsabteilung\/kurse\/stillberatung\/","url":"https:\/\/daler.ch\/de\/geburtsabteilung\/kurse\/stillberatung\/","name":"Stillberatung - Daler-Spital","isPartOf":{"@id":"https:\/\/daler.ch\/#website"},"datePublished":"2024-07-23T08:13:05+00:00","dateModified":"2026-03-24T17:49:41+00:00","breadcrumb":{"@id":"https:\/\/daler.ch\/de\/geburtsabteilung\/kurse\/stillberatung\/#breadcrumb"},"inLanguage":"de","potentialAction":[{"@type":"ReadAction","target":["https:\/\/daler.ch\/de\/geburtsabteilung\/kurse\/stillberatung\/"]}]},{"@type":"BreadcrumbList","@id":"https:\/\/daler.ch\/de\/geburtsabteilung\/kurse\/stillberatung\/#breadcrumb","itemListElement":[{"@type":"ListItem","position":1,"name":"Home","item":"https:\/\/daler.ch\/de\/"},{"@type":"ListItem","position":2,"name":"Geburtsabteilung","item":"https:\/\/daler.ch\/de\/geburtsabteilung\/"},{"@type":"ListItem","position":3,"name":"Kurse","item":"https:\/\/daler.ch\/de\/geburtsabteilung\/kurse\/"},{"@type":"ListItem","position":4,"name":"Stillberatung"}]},{"@type":"WebSite","@id":"https:\/\/daler.ch\/#website","url":"https:\/\/daler.ch\/","name":"Daler-Spital","description":"Hopital Daler","potentialAction":[{"@type":"SearchAction","target":{"@type":"EntryPoint","urlTemplate":"https:\/\/daler.ch\/?s={search_term_string}"},"query-input":{"@type":"PropertyValueSpecification","valueRequired":true,"valueName":"search_term_string"}}],"inLanguage":"de"}]}},"_links":{"self":[{"href":"https:\/\/daler.ch\/de\/wp-json\/wp\/v2\/pages\/6493","targetHints":{"allow":["GET"]}}],"collection":[{"href":"https:\/\/daler.ch\/de\/wp-json\/wp\/v2\/pages"}],"about":[{"href":"https:\/\/daler.ch\/de\/wp-json\/wp\/v2\/types\/page"}],"author":[{"embeddable":true,"href":"https:\/\/daler.ch\/de\/wp-json\/wp\/v2\/users\/17"}],"replies":[{"embeddable":true,"href":"https:\/\/daler.ch\/de\/wp-json\/wp\/v2\/comments?post=6493"}],"version-history":[{"count":34,"href":"https:\/\/daler.ch\/de\/wp-json\/wp\/v2\/pages\/6493\/revisions"}],"predecessor-version":[{"id":7603,"href":"https:\/\/daler.ch\/de\/wp-json\/wp\/v2\/pages\/6493\/revisions\/7603"}],"up":[{"embeddable":true,"href":"https:\/\/daler.ch\/de\/wp-json\/wp\/v2\/pages\/1608"}],"wp:attachment":[{"href":"https:\/\/daler.ch\/de\/wp-json\/wp\/v2\/media?parent=6493"}],"curies":[{"name":"wp","href":"https:\/\/api.w.org\/{rel}","templated":true}]}}