{"id":7437,"date":"2025-11-18T16:58:28","date_gmt":"2025-11-18T15:58:28","guid":{"rendered":"https:\/\/daler.ch\/?page_id=7437"},"modified":"2025-11-18T16:58:28","modified_gmt":"2025-11-18T15:58:28","slug":"offene-stellen","status":"publish","type":"page","link":"https:\/\/daler.ch\/de\/offene-stellen\/","title":{"rendered":"Offene Stellen"},"content":{"rendered":"<p><div class=\"fusion-fullwidth fullwidth-box fusion-builder-row-1 fusion-flex-container nonhundred-percent-fullwidth non-hundred-percent-height-scrolling\" style=\"--awb-border-radius-top-left:0px;--awb-border-radius-top-right:0px;--awb-border-radius-bottom-right:0px;--awb-border-radius-bottom-left:0px;--awb-flex-wrap:wrap;\" ><div class=\"fusion-builder-row fusion-row fusion-flex-align-items-flex-start fusion-flex-content-wrap\" style=\"max-width:1144px;margin-left: calc(-4% \/ 2 );margin-right: calc(-4% \/ 2 );\"><div class=\"fusion-layout-column fusion_builder_column fusion-builder-column-0 fusion_builder_column_1_1 1_1 fusion-flex-column\" style=\"--awb-bg-size:cover;--awb-width-large:100%;--awb-margin-top-large:0px;--awb-spacing-right-large:1.92%;--awb-margin-bottom-large:0px;--awb-spacing-left-large:1.92%;--awb-width-medium:100%;--awb-spacing-right-medium:1.92%;--awb-spacing-left-medium:1.92%;--awb-width-small:100%;--awb-spacing-right-small:1.92%;--awb-spacing-left-small:1.92%;\"><div class=\"fusion-column-wrapper fusion-flex-justify-content-flex-start fusion-content-layout-column\"><div class=\"fusion-text fusion-text-1\"><h2><strong>Werden Sie Teil unseres Teams!<\/strong><\/h2>\n<\/div><div class=\"fusion-text fusion-text-2\"><p>Willkommen im Daler Spital \u2013 einer privaten, multidisziplin\u00e4ren Klinik f\u00fcr Akutpflege im Herzen von Freiburg.<\/p>\n<p>Unsere Klinik liegt in einem wundersch\u00f6nen, baumbestandenen Park und verf\u00fcgt \u00fcber <strong>6\u00a0Operationss\u00e4le<\/strong> sowie <strong>6\u00a0Geb\u00e4rs\u00e4le<\/strong>. \u00dcber <strong>300\u00a0Mitarbeitende<\/strong> und rund <strong>100\u00a0Beleg\u00e4rztinnen und -\u00e4rzte<\/strong> engagieren sich t\u00e4glich f\u00fcr das Wohl unserer Patientinnen und Patienten.<\/p>\n<p>Mit <strong>rund 1500\u00a0Geburten<\/strong> und <strong>5000\u00a0Operationen pro Jahr<\/strong> bieten wir <strong>medizinische Leistungen auf h\u00f6chstem Niveau<\/strong> \u2013 in <strong>modernen Infrastrukturen<\/strong> und mit einer <strong>menschlichen, respektvollen und wertsch\u00e4tzenden Haltung.<\/strong> Jede und jeder Einzelne in unserem Team tr\u00e4gt wesentlich dazu bei, eine pers\u00f6nliche Betreuung anzubieten und eine warme, vertrauensvolle Atmosph\u00e4re zu schaffen.<\/p>\n<p>Die <strong>Vereinbarkeit von Beruf und Privatleben<\/strong> ist uns wichtig. Ebenso f\u00f6rdern wir die <strong>berufliche Weiterentwicklung<\/strong> durch gezielte Weiterbildungen und attraktive Entwicklungsm\u00f6glichkeiten.<\/p>\n<p>Unsere Unternehmenskultur lebt von <strong>Zusammenhalt, Herzlichkeit und Teamgeist<\/strong> \u2013 mit pers\u00f6nlichen Wertsch\u00e4tzungen und gemeinsamen Anl\u00e4ssen \u00fcber das ganze Jahr hinweg. Die Treue unserer Mitarbeitenden, mit einer <strong>durchschnittlichen Betriebszugeh\u00f6rigkeit von 10\u00a0Jahren<\/strong>, spricht f\u00fcr ein stabiles, motivierendes und unterst\u00fctzendes Arbeitsumfeld.<\/p>\n<p>M\u00f6chten Sie in einem <strong>famili\u00e4ren, professionellen und inspirierenden Umfeld<\/strong> arbeiten? Dann werden Sie Teil unseres Teams und engagieren Sie sich f\u00fcr eine hochwertige, patientenorientierte Medizin.<\/p>\n<p>Wir bieten vielf\u00e4ltige Stellen in unterschiedlichen Bereichen. Entdecken Sie unsere offenen Stellen oder senden Sie uns Ihre <strong>Spontanbewerbung<\/strong> direkt \u00fcber die entsprechenden Links.<\/p>\n<\/div><\/div><\/div><\/div><\/div><div class=\"fusion-fullwidth fullwidth-box fusion-builder-row-2 fusion-flex-container has-pattern-background has-mask-background nonhundred-percent-fullwidth non-hundred-percent-height-scrolling\" style=\"--awb-border-radius-top-left:0px;--awb-border-radius-top-right:0px;--awb-border-radius-bottom-right:0px;--awb-border-radius-bottom-left:0px;--awb-flex-wrap:wrap;\" ><div class=\"fusion-builder-row fusion-row fusion-flex-align-items-flex-start fusion-flex-content-wrap\" style=\"max-width:1144px;margin-left: calc(-4% \/ 2 );margin-right: calc(-4% \/ 2 );\"><div class=\"fusion-layout-column fusion_builder_column fusion-builder-column-1 fusion_builder_column_1_1 1_1 fusion-flex-column\" style=\"--awb-bg-size:cover;--awb-width-large:100%;--awb-margin-top-large:0px;--awb-spacing-right-large:1.92%;--awb-margin-bottom-large:20px;--awb-spacing-left-large:1.92%;--awb-width-medium:100%;--awb-order-medium:0;--awb-spacing-right-medium:1.92%;--awb-spacing-left-medium:1.92%;--awb-width-small:100%;--awb-order-small:0;--awb-spacing-right-small:1.92%;--awb-spacing-left-small:1.92%;\"><div class=\"fusion-column-wrapper fusion-column-has-shadow fusion-flex-justify-content-flex-start fusion-content-layout-column\"><div class=\"fusion-text fusion-text-3\"><h2><strong>Offene Stellen<\/strong><\/h2>\n<\/div><script type=\"module\" crossorigin src=\"https:\/\/ats.johdisuite.ch\/widget\/js\/ats-widget.js\"><\/script>\n\n\n\n<link rel=\"stylesheet\" href=\"https:\/\/ats.johdisuite.ch\/widget\/css\/ats-widget.css\">\n\n<div id=\"ats-offers\" data-locale=\"fr\" data-company-hash-key=\"eyJpdiI6Im9rUTBMYk1NZm1uTVdRM1pDUldvT3c9PSIsInZhbHVlIjoiUVVadGU0WXE2SjhLSEM3ejl5VXZvdz09IiwibWFjIjoiNTdkYjc1NDBkNDk3MWQyMWZjZjg1MmQ4YjY1ZjY4MWI4ZGQ1NmU4MzgyMWExMjA5OWIzZjg4YzU5ZGRkYmI2ZCIsInRhZyI6IiJ9\" data-flow=\"web\">\n<\/div><\/div><\/div><\/div><\/div><div class=\"fusion-fullwidth fullwidth-box fusion-builder-row-3 fusion-flex-container has-pattern-background has-mask-background nonhundred-percent-fullwidth non-hundred-percent-height-scrolling\" style=\"--awb-border-radius-top-left:0px;--awb-border-radius-top-right:0px;--awb-border-radius-bottom-right:0px;--awb-border-radius-bottom-left:0px;--awb-flex-wrap:wrap;\" ><div class=\"fusion-builder-row fusion-row fusion-flex-align-items-flex-start fusion-flex-content-wrap\" style=\"max-width:1144px;margin-left: calc(-4% \/ 2 );margin-right: calc(-4% \/ 2 );\"><div class=\"fusion-layout-column fusion_builder_column fusion-builder-column-2 fusion_builder_column_1_1 1_1 fusion-flex-column\" style=\"--awb-bg-size:cover;--awb-width-large:100%;--awb-margin-top-large:0px;--awb-spacing-right-large:1.92%;--awb-margin-bottom-large:20px;--awb-spacing-left-large:1.92%;--awb-width-medium:100%;--awb-order-medium:0;--awb-spacing-right-medium:1.92%;--awb-spacing-left-medium:1.92%;--awb-width-small:100%;--awb-order-small:0;--awb-spacing-right-small:1.92%;--awb-spacing-left-small:1.92%;\"><div class=\"fusion-column-wrapper fusion-column-has-shadow fusion-flex-justify-content-flex-start fusion-content-layout-column\"><div class=\"fusion-text fusion-text-4\"><h2><strong>Lehrstellen und Praktika<\/strong><\/h2>\n<\/div><div class=\"fusion-text fusion-text-5\"><p>Das Daler Spital engagiert sich aktiv in der Nachwuchsf\u00f6rderung und bietet jedes Jahr mehrere Lehrstellen in verschiedenen Berufen in den Bereichen <strong>Gesundheit<\/strong> (FaGe), <strong>Restauration<\/strong> (K\u00f6chin\/Koch), <strong>Hotellerie <\/strong>(Fachfrau\/-mann Hotellerie-Hauswirtschaft) und <strong>Technik <\/strong>(Fachfrau\/-mann Betriebsunterhalt).<\/p>\n<p>Ein Ausbildungsplatz am Daler Spital bedeutet:<\/p>\n<ul>\n<li>Eine <strong>fundierte, praxisnahe Ausbildung<\/strong> in einem <strong>anerkannten professionellen Umfeld<\/strong><\/li>\n<li>Eine <strong>sorgf\u00e4ltige Betreuung <\/strong>und eine <strong>qualitativ hochwertige praktische Ausbildung<\/strong><\/li>\n<li>Arbeiten in einer <strong>\u00fcberschaubaren, herzlichen Institution<\/strong>, in der Zusammenarbeit, Respekt und Wertsch\u00e4tzung t\u00e4glich gelebt werden<\/li>\n<\/ul>\n<p>Unsere Lernenden tragen aktiv zum Spitalalltag und zum Wohlbefinden von Patientinnen und Patienten, Besucherinnen und Besuchern sowie Mitarbeitenden bei.<\/p>\n<p>Jede Ausbildung wird durch die Vielfalt der Situationen und die N\u00e4he zu erfahrenen, interdisziplin\u00e4ren Teams bereichert.<\/p>\n<p>Praktika bieten wir ausschliesslich Interessierten an, die sich f\u00fcr eine sp\u00e4tere Lehrstelle in unserer Klinik vorbereiten m\u00f6chten.<\/p>\n<p>Wir freuen uns darauf, die Fachkr\u00e4fte von morgen auszubilden und ihnen einen stabilen, motivierenden Start ins Berufsleben zu erm\u00f6glichen.<\/p>\n<\/div><\/div><\/div><\/div><\/div><div class=\"fusion-fullwidth fullwidth-box fusion-builder-row-4 fusion-flex-container has-pattern-background has-mask-background nonhundred-percent-fullwidth non-hundred-percent-height-scrolling\" style=\"--awb-border-radius-top-left:0px;--awb-border-radius-top-right:0px;--awb-border-radius-bottom-right:0px;--awb-border-radius-bottom-left:0px;--awb-flex-wrap:wrap;\" ><div class=\"fusion-builder-row fusion-row fusion-flex-align-items-flex-start fusion-flex-content-wrap\" style=\"max-width:1144px;margin-left: calc(-4% \/ 2 );margin-right: calc(-4% \/ 2 );\"><div class=\"fusion-layout-column fusion_builder_column fusion-builder-column-3 fusion_builder_column_1_1 1_1 fusion-flex-column\" style=\"--awb-bg-size:cover;--awb-width-large:100%;--awb-margin-top-large:0px;--awb-spacing-right-large:1.92%;--awb-margin-bottom-large:20px;--awb-spacing-left-large:1.92%;--awb-width-medium:100%;--awb-order-medium:0;--awb-spacing-right-medium:1.92%;--awb-spacing-left-medium:1.92%;--awb-width-small:100%;--awb-order-small:0;--awb-spacing-right-small:1.92%;--awb-spacing-left-small:1.92%;\"><div class=\"fusion-column-wrapper fusion-column-has-shadow fusion-flex-justify-content-flex-start fusion-content-layout-column\"><div class=\"fusion-text fusion-text-6\"><h2><strong>Spontanbewerbung<\/strong><\/h2>\n<\/div><div class=\"fusion-text fusion-text-7\"><p style=\"text-align: left;\">Falls aktuell keine passende Stelle ausgeschrieben ist, freuen wir uns dennoch \u00fcber Ihre spontane Bewerbung bestehend aus Ihrem Lebenslauf, einem Motivationsschreiben sowie Ihren Diplomen und Arbeitszeugnissen.<\/p>\n<\/div><div style=\"text-align:left;\"><a class=\"fusion-button button-flat fusion-button-default-size button-default fusion-button-default button-1 fusion-button-default-span fusion-button-default-type\" target=\"_blank\" rel=\"noopener noreferrer\" href=\"https:\/\/ats.johdisuite.ch\/recruitments\/2618\/spontaneous-postulation?signature=861cd50c1657b0dd35bdff0a356ed1d89775b3a8fbc21a8e3dc0c4f793ed4f61\"><span class=\"fusion-button-text\">Jetzt bewerben<\/span><\/a><\/div><\/div><\/div><\/div><\/div><div class=\"fusion-fullwidth fullwidth-box fusion-builder-row-5 fusion-flex-container has-pattern-background has-mask-background nonhundred-percent-fullwidth non-hundred-percent-height-scrolling\" style=\"--awb-border-radius-top-left:0px;--awb-border-radius-top-right:0px;--awb-border-radius-bottom-right:0px;--awb-border-radius-bottom-left:0px;--awb-flex-wrap:wrap;\" ><div class=\"fusion-builder-row fusion-row fusion-flex-align-items-flex-start fusion-flex-content-wrap\" style=\"max-width:1144px;margin-left: calc(-4% \/ 2 );margin-right: calc(-4% \/ 2 );\"><div class=\"fusion-layout-column fusion_builder_column fusion-builder-column-4 fusion_builder_column_1_1 1_1 fusion-flex-column\" style=\"--awb-bg-size:cover;--awb-width-large:100%;--awb-margin-top-large:0px;--awb-spacing-right-large:1.92%;--awb-margin-bottom-large:20px;--awb-spacing-left-large:1.92%;--awb-width-medium:100%;--awb-order-medium:0;--awb-spacing-right-medium:1.92%;--awb-spacing-left-medium:1.92%;--awb-width-small:100%;--awb-order-small:0;--awb-spacing-right-small:1.92%;--awb-spacing-left-small:1.92%;\"><div class=\"fusion-column-wrapper fusion-column-has-shadow fusion-flex-justify-content-flex-start fusion-content-layout-column\"><div class=\"fusion-text fusion-text-8\"><h2><strong>Wichtige Vorteile<\/strong><\/h2>\n<\/div>\n<div class=\"table-1\">\n<p>&nbsp;<\/p>\n<table width=\"100%\">\n<thead><\/thead>\n<tbody>\n<tr>\n<td align=\"left\">Vollwertige, g\u00fcnstige Mahlzeiten<\/td>\n<td align=\"left\">Zentrumsnah und gut mit \u00d6V erreichbar<\/td>\n<td align=\"left\">M\u00f6glichkeit zu Homeoffice f\u00fcr bestimmte Funktionen<\/td>\n<\/tr>\n<tr>\n<td align=\"left\">Verg\u00fcnstigungen (Getr\u00e4nke, Mahlzeiten, Apotheke usw.)<\/td>\n<td align=\"left\">Kostenlose Benutzung des Fitnessraums<\/td>\n<td align=\"left\">Teilzeitmodelle<\/td>\n<\/tr>\n<tr>\n<td align=\"left\">Regelm\u00e4ssige kleine Aufmerksamkeiten (Fr\u00fcchte, Glace, Kuchen usw.)<\/td>\n<td align=\"left\">Personalabend und Sportausfl\u00fcge<\/td>\n<td align=\"left\">Weiterbildung<\/td>\n<\/tr>\n<tr>\n<td align=\"left\">Zugang zur Plattform Swibeco (Rabatte bei 150 Partnern)<\/td>\n<td align=\"left\">Private Versicherungsdeckung (Unfall)<\/td>\n<td align=\"left\">Dienstaltersgeschenke<\/td>\n<\/tr>\n<\/tbody>\n<\/table>\n<\/div>\n<\/div><\/div><\/div><\/div><\/p>\n","protected":false},"excerpt":{"rendered":"","protected":false},"author":19,"featured_media":6864,"parent":0,"menu_order":4,"comment_status":"closed","ping_status":"closed","template":"100-width.php","meta":{"footnotes":""},"class_list":["post-7437","page","type-page","status-publish","has-post-thumbnail","hentry"],"yoast_head":"<!-- This site is optimized with the Yoast SEO plugin v27.3 - https:\/\/yoast.com\/product\/yoast-seo-wordpress\/ -->\n<title>Offene Stellen - Daler-Spital<\/title>\n<meta name=\"robots\" content=\"index, follow, max-snippet:-1, max-image-preview:large, max-video-preview:-1\" \/>\n<link rel=\"canonical\" href=\"https:\/\/daler.ch\/de\/offene-stellen\/\" \/>\n<meta property=\"og:locale\" content=\"de_DE\" \/>\n<meta property=\"og:type\" content=\"article\" \/>\n<meta property=\"og:title\" content=\"Offene Stellen - Daler-Spital\" \/>\n<meta property=\"og:url\" content=\"https:\/\/daler.ch\/de\/offene-stellen\/\" \/>\n<meta property=\"og:site_name\" content=\"Daler-Spital\" \/>\n<meta property=\"og:image\" content=\"https:\/\/daler.ch\/wp-content\/uploads\/2024\/11\/Daler_lot1_072015_025-scaled-e1763480474399.jpg\" \/>\n\t<meta property=\"og:image:width\" content=\"2368\" \/>\n\t<meta property=\"og:image:height\" content=\"560\" \/>\n\t<meta property=\"og:image:type\" content=\"image\/jpeg\" \/>\n<meta name=\"twitter:card\" content=\"summary_large_image\" \/>\n<meta name=\"twitter:label1\" content=\"Gesch\u00e4tzte Lesezeit\" \/>\n\t<meta name=\"twitter:data1\" content=\"3\u00a0Minuten\" \/>\n<script type=\"application\/ld+json\" class=\"yoast-schema-graph\">{\"@context\":\"https:\\\/\\\/schema.org\",\"@graph\":[{\"@type\":\"WebPage\",\"@id\":\"https:\\\/\\\/daler.ch\\\/de\\\/offene-stellen\\\/\",\"url\":\"https:\\\/\\\/daler.ch\\\/de\\\/offene-stellen\\\/\",\"name\":\"Offene Stellen - Daler-Spital\",\"isPartOf\":{\"@id\":\"https:\\\/\\\/daler.ch\\\/#website\"},\"primaryImageOfPage\":{\"@id\":\"https:\\\/\\\/daler.ch\\\/de\\\/offene-stellen\\\/#primaryimage\"},\"image\":{\"@id\":\"https:\\\/\\\/daler.ch\\\/de\\\/offene-stellen\\\/#primaryimage\"},\"thumbnailUrl\":\"https:\\\/\\\/daler.ch\\\/wp-content\\\/uploads\\\/2024\\\/11\\\/Daler_lot1_072015_025-scaled-e1763480474399.jpg\",\"datePublished\":\"2025-11-18T15:58:28+00:00\",\"breadcrumb\":{\"@id\":\"https:\\\/\\\/daler.ch\\\/de\\\/offene-stellen\\\/#breadcrumb\"},\"inLanguage\":\"de\",\"potentialAction\":[{\"@type\":\"ReadAction\",\"target\":[\"https:\\\/\\\/daler.ch\\\/de\\\/offene-stellen\\\/\"]}]},{\"@type\":\"ImageObject\",\"inLanguage\":\"de\",\"@id\":\"https:\\\/\\\/daler.ch\\\/de\\\/offene-stellen\\\/#primaryimage\",\"url\":\"https:\\\/\\\/daler.ch\\\/wp-content\\\/uploads\\\/2024\\\/11\\\/Daler_lot1_072015_025-scaled-e1763480474399.jpg\",\"contentUrl\":\"https:\\\/\\\/daler.ch\\\/wp-content\\\/uploads\\\/2024\\\/11\\\/Daler_lot1_072015_025-scaled-e1763480474399.jpg\",\"width\":2368,\"height\":560},{\"@type\":\"BreadcrumbList\",\"@id\":\"https:\\\/\\\/daler.ch\\\/de\\\/offene-stellen\\\/#breadcrumb\",\"itemListElement\":[{\"@type\":\"ListItem\",\"position\":1,\"name\":\"Home\",\"item\":\"https:\\\/\\\/daler.ch\\\/de\\\/\"},{\"@type\":\"ListItem\",\"position\":2,\"name\":\"Offene Stellen\"}]},{\"@type\":\"WebSite\",\"@id\":\"https:\\\/\\\/daler.ch\\\/#website\",\"url\":\"https:\\\/\\\/daler.ch\\\/\",\"name\":\"Daler-Spital\",\"description\":\"Hopital Daler\",\"potentialAction\":[{\"@type\":\"SearchAction\",\"target\":{\"@type\":\"EntryPoint\",\"urlTemplate\":\"https:\\\/\\\/daler.ch\\\/?s={search_term_string}\"},\"query-input\":{\"@type\":\"PropertyValueSpecification\",\"valueRequired\":true,\"valueName\":\"search_term_string\"}}],\"inLanguage\":\"de\"}]}<\/script>\n<!-- \/ Yoast SEO plugin. -->","yoast_head_json":{"title":"Offene Stellen - Daler-Spital","robots":{"index":"index","follow":"follow","max-snippet":"max-snippet:-1","max-image-preview":"max-image-preview:large","max-video-preview":"max-video-preview:-1"},"canonical":"https:\/\/daler.ch\/de\/offene-stellen\/","og_locale":"de_DE","og_type":"article","og_title":"Offene Stellen - Daler-Spital","og_url":"https:\/\/daler.ch\/de\/offene-stellen\/","og_site_name":"Daler-Spital","og_image":[{"width":2368,"height":560,"url":"https:\/\/daler.ch\/wp-content\/uploads\/2024\/11\/Daler_lot1_072015_025-scaled-e1763480474399.jpg","type":"image\/jpeg"}],"twitter_card":"summary_large_image","twitter_misc":{"Gesch\u00e4tzte Lesezeit":"3\u00a0Minuten"},"schema":{"@context":"https:\/\/schema.org","@graph":[{"@type":"WebPage","@id":"https:\/\/daler.ch\/de\/offene-stellen\/","url":"https:\/\/daler.ch\/de\/offene-stellen\/","name":"Offene Stellen - Daler-Spital","isPartOf":{"@id":"https:\/\/daler.ch\/#website"},"primaryImageOfPage":{"@id":"https:\/\/daler.ch\/de\/offene-stellen\/#primaryimage"},"image":{"@id":"https:\/\/daler.ch\/de\/offene-stellen\/#primaryimage"},"thumbnailUrl":"https:\/\/daler.ch\/wp-content\/uploads\/2024\/11\/Daler_lot1_072015_025-scaled-e1763480474399.jpg","datePublished":"2025-11-18T15:58:28+00:00","breadcrumb":{"@id":"https:\/\/daler.ch\/de\/offene-stellen\/#breadcrumb"},"inLanguage":"de","potentialAction":[{"@type":"ReadAction","target":["https:\/\/daler.ch\/de\/offene-stellen\/"]}]},{"@type":"ImageObject","inLanguage":"de","@id":"https:\/\/daler.ch\/de\/offene-stellen\/#primaryimage","url":"https:\/\/daler.ch\/wp-content\/uploads\/2024\/11\/Daler_lot1_072015_025-scaled-e1763480474399.jpg","contentUrl":"https:\/\/daler.ch\/wp-content\/uploads\/2024\/11\/Daler_lot1_072015_025-scaled-e1763480474399.jpg","width":2368,"height":560},{"@type":"BreadcrumbList","@id":"https:\/\/daler.ch\/de\/offene-stellen\/#breadcrumb","itemListElement":[{"@type":"ListItem","position":1,"name":"Home","item":"https:\/\/daler.ch\/de\/"},{"@type":"ListItem","position":2,"name":"Offene Stellen"}]},{"@type":"WebSite","@id":"https:\/\/daler.ch\/#website","url":"https:\/\/daler.ch\/","name":"Daler-Spital","description":"Hopital Daler","potentialAction":[{"@type":"SearchAction","target":{"@type":"EntryPoint","urlTemplate":"https:\/\/daler.ch\/?s={search_term_string}"},"query-input":{"@type":"PropertyValueSpecification","valueRequired":true,"valueName":"search_term_string"}}],"inLanguage":"de"}]}},"_links":{"self":[{"href":"https:\/\/daler.ch\/de\/wp-json\/wp\/v2\/pages\/7437","targetHints":{"allow":["GET"]}}],"collection":[{"href":"https:\/\/daler.ch\/de\/wp-json\/wp\/v2\/pages"}],"about":[{"href":"https:\/\/daler.ch\/de\/wp-json\/wp\/v2\/types\/page"}],"author":[{"embeddable":true,"href":"https:\/\/daler.ch\/de\/wp-json\/wp\/v2\/users\/19"}],"replies":[{"embeddable":true,"href":"https:\/\/daler.ch\/de\/wp-json\/wp\/v2\/comments?post=7437"}],"version-history":[{"count":10,"href":"https:\/\/daler.ch\/de\/wp-json\/wp\/v2\/pages\/7437\/revisions"}],"predecessor-version":[{"id":7447,"href":"https:\/\/daler.ch\/de\/wp-json\/wp\/v2\/pages\/7437\/revisions\/7447"}],"wp:featuredmedia":[{"embeddable":true,"href":"https:\/\/daler.ch\/de\/wp-json\/wp\/v2\/media\/6864"}],"wp:attachment":[{"href":"https:\/\/daler.ch\/de\/wp-json\/wp\/v2\/media?parent=7437"}],"curies":[{"name":"wp","href":"https:\/\/api.w.org\/{rel}","templated":true}]}}